{"id":985,"date":"2025-03-09T01:21:33","date_gmt":"2025-03-09T01:21:33","guid":{"rendered":"https:\/\/carrodeelectronica.com\/?post_type=product&#038;p=985"},"modified":"2025-03-31T17:33:51","modified_gmt":"2025-03-31T17:33:51","slug":"modulo-sensor-de-temperatura-y-humedad-dht11-ky-015","status":"publish","type":"product","link":"https:\/\/carrodeelectronica.com\/?product=modulo-sensor-de-temperatura-y-humedad-dht11-ky-015","title":{"rendered":"MODULO SENSOR DE TEMPERATURA Y HUMEDAD DHT11, KY-015"},"content":{"rendered":"<h2>Descripci\u00f3n<\/h2>\n<div>\n<p>El DHT11 es un sensor de humedad y temperatura que proporciona una salida de datos digital. Entre sus ventajas podemos mencionar el bajo costo y el despliegue de datos digitales. Esto supone una gran ventaja frente a los sensores del tipo an\u00e1logo, como el LM335 por ejemplo, en los cuales las variaciones\u00a0en el voltaje alteran la lectura de datos.<\/p>\n<p>El DHT11 solo lee enteros, no podemos leer temperaturas con decimales por lo que tenemos que pensarlo muy bien a la hora de utilizar este sensor para trabajos en los que se requieran lecturas precisas de temperatura y\/o humedad. Est\u00e1 constituido por dos sensores resistivos (NTC y humedad).<\/p>\n<p>Tiene una excelente precisi\u00f3n y una respuesta r\u00e1pida en las medidas. \u00a0Cada sensor DHT11 est\u00e1 estrictamente calibrado en laboratorio, presentando una extrema precisi\u00f3n en la calibraci\u00f3n. Los coeficientes de calibraci\u00f3n se almacenan como programas en la memoria OTP, que son empleados por el proceso de detecci\u00f3n de se\u00f1al interna del sensor.<\/p>\n<p>El sensor tiene 4 pines de conexi\u00f3n, el primero es V, el segundo es el de se\u00f1al, el tercero no se conecta y el cuarto es GND. La tensi\u00f3n de alimentaci\u00f3n\u00a0puede ser de 3.3 V a 5 V. El pin de se\u00f1al tiene que tener una resistencia PULL-UP de 22 K\u2126, esto ya que el protocolo lo requiere. Y el \u00faltimo pin se conecta directo a GND.<\/p>\n<p>&nbsp;<\/p>\n<ul>\n<li>Compatibles con interfaz de 3 pines (2.54 )<\/li>\n<li>Salida digital<\/li>\n<li>Compatible con Arduino<\/li>\n<li>Aplicaciones: Control de humedad y temperatura<\/li>\n<\/ul>\n<p><img loading=\"lazy\" decoding=\"async\" src=\"https:\/\/cdn.shopify.com\/s\/files\/1\/0409\/9041\/files\/dhtd_480x480.png?v=1575327280\" alt=\"\" width=\"404\" height=\"289\" \/><\/p>\n<\/div>\n<div><\/div>\n<div><\/div>\n<h2>Especificaciones<\/h2>\n<ul>\n<li>Voltaje de alimentaci\u00f3n m\u00ednimo:\u00a03.3 V<\/li>\n<li>Voltaje de alimentaci\u00f3n m\u00e1ximo: 5 V<\/li>\n<li>Precisi\u00f3n de medici\u00f3n de temperatura: \u00b1 2 \u00b0C<\/li>\n<li>Resoluci\u00f3n temperatura:\u00a00.1 \u00b0C<\/li>\n<li>Rango de medici\u00f3n de humedad:\u00a020 % a 90 % RH<\/li>\n<li>Precisi\u00f3n de medici\u00f3n de humedad:\u00a04 % RH<\/li>\n<li>Resoluci\u00f3n humedad:\u00a01 % RH<\/li>\n<li>Tiempo de sensado:\u00a01 segundo<\/li>\n<li>Temperatura de operaci\u00f3n m\u00ednima: 0<\/li>\n<li>Temperatura de operaci\u00f3n m\u00e1xima: 50 \u00b0C<\/li>\n<li>Dimensiones:\u00a028 mm X 16.5 mm X 7 mm<\/li>\n<li>Material: Pl\u00e1stico<\/li>\n<li>Color: Azul<\/li>\n<li>N\u00famero de pines: 3<\/li>\n<li>Modelo: MDHT11<\/li>\n<li>Modelo: OKY3068-2<\/li>\n<li>Modelo: DHT11-SENSOR-MODULE<\/li>\n<\/ul>\n","protected":false},"excerpt":{"rendered":"<p>Descripci\u00f3n El DHT11 es un sensor de humedad y temperatura que proporciona una salida de datos digital. Entre sus ventajas podemos mencionar el bajo costo y el despliegue de datos digitales. Esto supone una gran ventaja frente a los sensores del tipo an\u00e1logo, como el LM335 por ejemplo, en los cuales las variaciones\u00a0en el voltaje [&#8230;]\n","protected":false},"featured_media":3863,"comment_status":"closed","ping_status":"closed","template":"","meta":[],"product_brand":[],"product_cat":[215],"product_tag":[],"class_list":{"0":"post-985","1":"product","2":"type-product","3":"status-publish","4":"has-post-thumbnail","6":"product_cat-temperatura-y-humedad","8":"first","9":"instock","10":"taxable","11":"shipping-taxable","12":"purchasable","13":"product-type-simple"},"jetpack_sharing_enabled":true,"_links":{"self":[{"href":"https:\/\/carrodeelectronica.com\/index.php?rest_route=\/wp\/v2\/product\/985","targetHints":{"allow":["GET"]}}],"collection":[{"href":"https:\/\/carrodeelectronica.com\/index.php?rest_route=\/wp\/v2\/product"}],"about":[{"href":"https:\/\/carrodeelectronica.com\/index.php?rest_route=\/wp\/v2\/types\/product"}],"replies":[{"embeddable":true,"href":"https:\/\/carrodeelectronica.com\/index.php?rest_route=%2Fwp%2Fv2%2Fcomments&post=985"}],"wp:featuredmedia":[{"embeddable":true,"href":"https:\/\/carrodeelectronica.com\/index.php?rest_route=\/wp\/v2\/media\/3863"}],"wp:attachment":[{"href":"https:\/\/carrodeelectronica.com\/index.php?rest_route=%2Fwp%2Fv2%2Fmedia&parent=985"}],"wp:term":[{"taxonomy":"product_brand","embeddable":true,"href":"https:\/\/carrodeelectronica.com\/index.php?rest_route=%2Fwp%2Fv2%2Fproduct_brand&post=985"},{"taxonomy":"product_cat","embeddable":true,"href":"https:\/\/carrodeelectronica.com\/index.php?rest_route=%2Fwp%2Fv2%2Fproduct_cat&post=985"},{"taxonomy":"product_tag","embeddable":true,"href":"https:\/\/carrodeelectronica.com\/index.php?rest_route=%2Fwp%2Fv2%2Fproduct_tag&post=985"}],"curies":[{"name":"wp","href":"https:\/\/api.w.org\/{rel}","templated":true}]}}