{"id":978,"date":"2025-03-09T01:21:33","date_gmt":"2025-03-09T01:21:33","guid":{"rendered":"https:\/\/carrodeelectronica.com\/?post_type=product&#038;p=978"},"modified":"2025-03-09T01:21:35","modified_gmt":"2025-03-09T01:21:35","slug":"transistor-tip127","status":"publish","type":"product","link":"https:\/\/carrodeelectronica.com\/?product=transistor-tip127","title":{"rendered":"TRANSISTOR TIP127"},"content":{"rendered":"<p>El TIP127 es un transistor darlington\u00a0\u00a0dise\u00f1ado para su uso en amplificadores de prop\u00f3sito general y aplicaciones de conmutaci\u00f3n de baja velocidad. Las aplicaciones principales son en la industria y administraci\u00f3n de potencia. Sus complementarios son: TIP120 \/ TIP121 \/ TIP122.<\/p>\n<p><strong><em>ESPECIFICACIONES<\/em><\/strong><\/p>\n<ul>\n<li style=\"list-style-type: none;\">\n<ul>\n<li>Polaridad del transistor:\u00a0PNP<\/li>\n<li>Voltaje colector base VCBO: 100 V<\/li>\n<li>Voltaje colector emisor VCEO: 100 V<\/li>\n<li>Voltaje emisor base VEBO: 5 V<\/li>\n<li>Corriente de colector DC Ic:\u00a05 A<\/li>\n<li>Disipaci\u00f3n de potencia colector Pc (Tc=25\u00b0C):\u00a065 W<\/li>\n<li>Ganancia de corriente DC hFE:\u00a01000 hFE<\/li>\n<li>Temperatura de operaci\u00f3n m\u00ednima: -65 \u00b0C<\/li>\n<li>Temperatura de operaci\u00f3n m\u00e1xima: 150 \u00b0C<\/li>\n<li>Encapsulado: TO-220<\/li>\n<li>3 pines<\/li>\n<\/ul>\n<\/li>\n<\/ul>\n","protected":false},"excerpt":{"rendered":"<p>El TIP127 es un transistor darlington\u00a0\u00a0dise\u00f1ado para su uso en amplificadores de prop\u00f3sito general y aplicaciones de conmutaci\u00f3n de baja velocidad. Las aplicaciones principales son en la industria y administraci\u00f3n de potencia. Sus complementarios son: TIP120 \/ TIP121 \/ TIP122. ESPECIFICACIONES Polaridad del transistor:\u00a0PNP Voltaje colector base VCBO: 100 V Voltaje colector emisor VCEO: 100 [&#8230;]\n","protected":false},"featured_media":0,"comment_status":"open","ping_status":"closed","template":"","meta":[],"product_brand":[],"product_cat":[218],"product_tag":[],"class_list":{"0":"post-978","1":"product","2":"type-product","3":"status-publish","5":"product_cat-transistores","7":"first","8":"instock","9":"taxable","10":"shipping-taxable","11":"purchasable","12":"product-type-simple"},"jetpack_sharing_enabled":true,"_links":{"self":[{"href":"https:\/\/carrodeelectronica.com\/index.php?rest_route=\/wp\/v2\/product\/978","targetHints":{"allow":["GET"]}}],"collection":[{"href":"https:\/\/carrodeelectronica.com\/index.php?rest_route=\/wp\/v2\/product"}],"about":[{"href":"https:\/\/carrodeelectronica.com\/index.php?rest_route=\/wp\/v2\/types\/product"}],"replies":[{"embeddable":true,"href":"https:\/\/carrodeelectronica.com\/index.php?rest_route=%2Fwp%2Fv2%2Fcomments&post=978"}],"wp:attachment":[{"href":"https:\/\/carrodeelectronica.com\/index.php?rest_route=%2Fwp%2Fv2%2Fmedia&parent=978"}],"wp:term":[{"taxonomy":"product_brand","embeddable":true,"href":"https:\/\/carrodeelectronica.com\/index.php?rest_route=%2Fwp%2Fv2%2Fproduct_brand&post=978"},{"taxonomy":"product_cat","embeddable":true,"href":"https:\/\/carrodeelectronica.com\/index.php?rest_route=%2Fwp%2Fv2%2Fproduct_cat&post=978"},{"taxonomy":"product_tag","embeddable":true,"href":"https:\/\/carrodeelectronica.com\/index.php?rest_route=%2Fwp%2Fv2%2Fproduct_tag&post=978"}],"curies":[{"name":"wp","href":"https:\/\/api.w.org\/{rel}","templated":true}]}}