{"id":930,"date":"2025-03-09T01:21:13","date_gmt":"2025-03-09T01:21:13","guid":{"rendered":"https:\/\/carrodeelectronica.com\/?post_type=product&#038;p=930"},"modified":"2025-03-09T01:21:17","modified_gmt":"2025-03-09T01:21:17","slug":"mosfet-irf9540-100v-19a-canal-p","status":"publish","type":"product","link":"https:\/\/carrodeelectronica.com\/?product=mosfet-irf9540-100v-19a-canal-p","title":{"rendered":"MOSFET IRF9540, 100V, 19A, CANAL P"},"content":{"rendered":"<p>El mosfet IRF9540 es un mosfet de 100V de <strong>canal P<\/strong> de potencia que proporciona al dise\u00f1ador con la mejor combinaci\u00f3n de conmutaci\u00f3n r\u00e1pida, el dise\u00f1o de dispositivos para uso rudo, baja resistencia y costo-efectividad. La resistencia t\u00e9rmica baja contribuye a su amplia aceptaci\u00f3n en la industria. Se pueden operar directamente desde circuitos integrados.<\/p>\n<p><strong><em>ESPECIFICACIONES T\u00c9CNICAS<\/em><\/strong><\/p>\n<ul>\n<li>Disipaci\u00f3n total del dispositivo (Pd): 125 W<\/li>\n<li>Tensi\u00f3n drenaje-fuente (Vds): 100 V<\/li>\n<li>Tensi\u00f3n compuerta-fuente (Vgs): 20 V<\/li>\n<li>Corriente continua de drenaje (Id): 19 A<\/li>\n<li>Temperatura operativa m\u00e1xima (Tj): 150 \u00b0C<\/li>\n<li>Tensi\u00f3n umbral compuerta-fuente Vgs(th): 4 V<\/li>\n<li>Carga de compuerta (Qg): 63 nC<\/li>\n<li>Conductancia de drenaje-sustrato (Cd): 1500 pF<\/li>\n<li>Resistencia drenaje-fuente RDS(on): 0.85 Ohm<\/li>\n<li>Empaquetado \/ Estuche: TO220<\/li>\n<li>3 pines<\/li>\n<li>Peso: 2 g<\/li>\n<\/ul>\n","protected":false},"excerpt":{"rendered":"<p>El mosfet IRF9540 es un mosfet de 100V de canal P de potencia que proporciona al dise\u00f1ador con la mejor combinaci\u00f3n de conmutaci\u00f3n r\u00e1pida, el dise\u00f1o de dispositivos para uso rudo, baja resistencia y costo-efectividad. La resistencia t\u00e9rmica baja contribuye a su amplia aceptaci\u00f3n en la industria. Se pueden operar directamente desde circuitos integrados. ESPECIFICACIONES [&#8230;]\n","protected":false},"featured_media":0,"comment_status":"open","ping_status":"closed","template":"","meta":[],"product_brand":[],"product_cat":[139],"product_tag":[],"class_list":{"0":"post-930","1":"product","2":"type-product","3":"status-publish","5":"product_cat-mosfet","7":"first","8":"instock","9":"taxable","10":"shipping-taxable","11":"purchasable","12":"product-type-simple"},"jetpack_sharing_enabled":true,"_links":{"self":[{"href":"https:\/\/carrodeelectronica.com\/index.php?rest_route=\/wp\/v2\/product\/930","targetHints":{"allow":["GET"]}}],"collection":[{"href":"https:\/\/carrodeelectronica.com\/index.php?rest_route=\/wp\/v2\/product"}],"about":[{"href":"https:\/\/carrodeelectronica.com\/index.php?rest_route=\/wp\/v2\/types\/product"}],"replies":[{"embeddable":true,"href":"https:\/\/carrodeelectronica.com\/index.php?rest_route=%2Fwp%2Fv2%2Fcomments&post=930"}],"wp:attachment":[{"href":"https:\/\/carrodeelectronica.com\/index.php?rest_route=%2Fwp%2Fv2%2Fmedia&parent=930"}],"wp:term":[{"taxonomy":"product_brand","embeddable":true,"href":"https:\/\/carrodeelectronica.com\/index.php?rest_route=%2Fwp%2Fv2%2Fproduct_brand&post=930"},{"taxonomy":"product_cat","embeddable":true,"href":"https:\/\/carrodeelectronica.com\/index.php?rest_route=%2Fwp%2Fv2%2Fproduct_cat&post=930"},{"taxonomy":"product_tag","embeddable":true,"href":"https:\/\/carrodeelectronica.com\/index.php?rest_route=%2Fwp%2Fv2%2Fproduct_tag&post=930"}],"curies":[{"name":"wp","href":"https:\/\/api.w.org\/{rel}","templated":true}]}}