{"id":860,"date":"2025-03-09T01:20:50","date_gmt":"2025-03-09T01:20:50","guid":{"rendered":"https:\/\/carrodeelectronica.com\/?post_type=product&#038;p=860"},"modified":"2025-03-09T01:20:53","modified_gmt":"2025-03-09T01:20:53","slug":"bocina-bluetooth-m198","status":"publish","type":"product","link":"https:\/\/carrodeelectronica.com\/?product=bocina-bluetooth-m198","title":{"rendered":"BOCINA BLUETOOTH M198"},"content":{"rendered":"<p>Bocina esf\u00d1rica con sistema Bluetooth 4.0, radio FM, lector USB y micro SD, auxiliar 3.5, bater\u00d1a incorporada de Litio y funci\u00d1n altavoz para llamadas<\/p>\n","protected":false},"excerpt":{"rendered":"<p>Bocina esf\u00d1rica con sistema Bluetooth 4.0, radio FM, lector USB y micro SD, auxiliar 3.5, bater\u00d1a incorporada de Litio y funci\u00d1n altavoz para llamadas<\/p>\n","protected":false},"featured_media":0,"comment_status":"open","ping_status":"closed","template":"","meta":[],"product_brand":[],"product_cat":[164],"product_tag":[],"class_list":{"0":"post-860","1":"product","2":"type-product","3":"status-publish","5":"product_cat-bluetooth","7":"first","8":"instock","9":"taxable","10":"shipping-taxable","11":"purchasable","12":"product-type-simple"},"jetpack_sharing_enabled":true,"_links":{"self":[{"href":"https:\/\/carrodeelectronica.com\/index.php?rest_route=\/wp\/v2\/product\/860","targetHints":{"allow":["GET"]}}],"collection":[{"href":"https:\/\/carrodeelectronica.com\/index.php?rest_route=\/wp\/v2\/product"}],"about":[{"href":"https:\/\/carrodeelectronica.com\/index.php?rest_route=\/wp\/v2\/types\/product"}],"replies":[{"embeddable":true,"href":"https:\/\/carrodeelectronica.com\/index.php?rest_route=%2Fwp%2Fv2%2Fcomments&post=860"}],"wp:attachment":[{"href":"https:\/\/carrodeelectronica.com\/index.php?rest_route=%2Fwp%2Fv2%2Fmedia&parent=860"}],"wp:term":[{"taxonomy":"product_brand","embeddable":true,"href":"https:\/\/carrodeelectronica.com\/index.php?rest_route=%2Fwp%2Fv2%2Fproduct_brand&post=860"},{"taxonomy":"product_cat","embeddable":true,"href":"https:\/\/carrodeelectronica.com\/index.php?rest_route=%2Fwp%2Fv2%2Fproduct_cat&post=860"},{"taxonomy":"product_tag","embeddable":true,"href":"https:\/\/carrodeelectronica.com\/index.php?rest_route=%2Fwp%2Fv2%2Fproduct_tag&post=860"}],"curies":[{"name":"wp","href":"https:\/\/api.w.org\/{rel}","templated":true}]}}