{"id":802,"date":"2025-03-09T01:20:30","date_gmt":"2025-03-09T01:20:30","guid":{"rendered":"https:\/\/carrodeelectronica.com\/?post_type=product&#038;p=802"},"modified":"2025-04-10T16:31:07","modified_gmt":"2025-04-10T16:31:07","slug":"sensor-de-distancia-infrarrojo-e18-d80nk-3-80-cm-npn","status":"publish","type":"product","link":"https:\/\/carrodeelectronica.com\/?product=sensor-de-distancia-infrarrojo-e18-d80nk-3-80-cm-npn","title":{"rendered":"SENSOR DE DISTANCIA INFRARROJO E18-D80NK 3-80 CM, NPN"},"content":{"rendered":"<table>\n<tbody>\n<tr>\n<td>El sensor de proximidad fotoel\u00e9ctrico E18-D80NK permite detectar objetos sin necesidad de contacto en un rango de 3 cm a m\u00e1ximo 40 cm. Es de f\u00e1cil integraci\u00f3n con diferentes tarjetas de desarrollo como Arduino, ESP32, Pic\u00b4s, NodeMCU y otros microcontroladores con pines digitales. La salida de este sensor es de tipo PNP NO Normalmente abierto, por lo que al detectar un objeto la salida ser\u00e1 HIGH y en estado de reposo LOW.<\/p>\n<p>La sensibilidad del sensor se puede ajustar mediante un potenci\u00f3metro que incorpora. Adem\u00e1s, posee un led que se activa cuando el sensor detecta un objeto, lo que nos permite calibrar y comprobar el buen funcionamiento del sensor. Este sensor no dar\u00e1 como medici\u00f3n de voltaje un nivel de voltaje anal\u00f3gico, sino que dar\u00e1 un nivel l\u00f3gico de 5 \u00f3 0 voltios, dependiendo de la sensibilidad ajustada en el potenci\u00f3metro de la parte trasera del sensor.<\/p>\n<table>\n<tbody>\n<tr>\n<td><strong><em>ESPECIFICACIONES<\/em><\/strong><\/p>\n<ul>\n<li>Sensor: Sensor de Proximidad<\/li>\n<li>\u00a0Modelo: E18-D80NK<\/li>\n<li>Salida: Tipo PNP Normalmente abierto (NO)<\/li>\n<li>Rango de detecci\u00f3n: 3 cm a 40 cm<\/li>\n<li>Sensor fotoel\u00e9ctrico infrarrojo tipo difuso \/ opaco<\/li>\n<li>Cuenta con un ajuste de distancia de detecci\u00f3n<\/li>\n<li>Tiempo de respuesta &lt;2ms<\/li>\n<li>Longitud del cable: 80cm<\/li>\n<li>Indicador de detecci\u00f3n: LED rojo<\/li>\n<li>Salida digital: Nivel l\u00f3gico HIGH 5V o LOW 0V<\/li>\n<li>Voltaje de alimentaci\u00f3n: 5V<\/li>\n<li>\u00c1ngulo de punter\u00eda: menor o igual a 15 \u00b0<\/li>\n<li>Temperatura de trabajo: -25 \u00b0 C a + 55 \u00b0 C<\/li>\n<\/ul>\n<\/td>\n<\/tr>\n<\/tbody>\n<\/table>\n<\/td>\n<\/tr>\n<\/tbody>\n<\/table>\n","protected":false},"excerpt":{"rendered":"<p>El sensor de proximidad fotoel\u00e9ctrico E18-D80NK permite detectar objetos sin necesidad de contacto en un rango de 3 cm a m\u00e1ximo 40 cm. Es de f\u00e1cil integraci\u00f3n con diferentes tarjetas de desarrollo como Arduino, ESP32, Pic\u00b4s, NodeMCU y otros microcontroladores con pines digitales. La salida de este sensor es de tipo PNP NO Normalmente abierto, [&#8230;]\n","protected":false},"featured_media":4124,"comment_status":"closed","ping_status":"closed","template":"","meta":[],"product_brand":[],"product_cat":[173,155],"product_tag":[],"class_list":{"0":"post-802","1":"product","2":"type-product","3":"status-publish","4":"has-post-thumbnail","6":"product_cat-deteccion-y-proximidad","7":"product_cat-infrarrojo","9":"first","10":"instock","11":"taxable","12":"shipping-taxable","13":"purchasable","14":"product-type-simple"},"jetpack_sharing_enabled":true,"_links":{"self":[{"href":"https:\/\/carrodeelectronica.com\/index.php?rest_route=\/wp\/v2\/product\/802","targetHints":{"allow":["GET"]}}],"collection":[{"href":"https:\/\/carrodeelectronica.com\/index.php?rest_route=\/wp\/v2\/product"}],"about":[{"href":"https:\/\/carrodeelectronica.com\/index.php?rest_route=\/wp\/v2\/types\/product"}],"replies":[{"embeddable":true,"href":"https:\/\/carrodeelectronica.com\/index.php?rest_route=%2Fwp%2Fv2%2Fcomments&post=802"}],"wp:featuredmedia":[{"embeddable":true,"href":"https:\/\/carrodeelectronica.com\/index.php?rest_route=\/wp\/v2\/media\/4124"}],"wp:attachment":[{"href":"https:\/\/carrodeelectronica.com\/index.php?rest_route=%2Fwp%2Fv2%2Fmedia&parent=802"}],"wp:term":[{"taxonomy":"product_brand","embeddable":true,"href":"https:\/\/carrodeelectronica.com\/index.php?rest_route=%2Fwp%2Fv2%2Fproduct_brand&post=802"},{"taxonomy":"product_cat","embeddable":true,"href":"https:\/\/carrodeelectronica.com\/index.php?rest_route=%2Fwp%2Fv2%2Fproduct_cat&post=802"},{"taxonomy":"product_tag","embeddable":true,"href":"https:\/\/carrodeelectronica.com\/index.php?rest_route=%2Fwp%2Fv2%2Fproduct_tag&post=802"}],"curies":[{"name":"wp","href":"https:\/\/api.w.org\/{rel}","templated":true}]}}