{"id":772,"date":"2025-03-09T01:20:20","date_gmt":"2025-03-09T01:20:20","guid":{"rendered":"https:\/\/carrodeelectronica.com\/?post_type=product&#038;p=772"},"modified":"2025-03-31T16:13:12","modified_gmt":"2025-03-31T16:13:12","slug":"modulo-magnetometro-brujula-hmc5883l-gy-273","status":"publish","type":"product","link":"https:\/\/carrodeelectronica.com\/?product=modulo-magnetometro-brujula-hmc5883l-gy-273","title":{"rendered":"MODULO MAGNETOMETRO BRUJULA HMC5883L GY-273"},"content":{"rendered":"<table>\n<tbody>\n<tr>\n<td>EL HMC5883L es un sensor magnet\u00f3metro de 3 ejes, se encuentra integrado en m\u00f3dulos como la GY-273 que incorporan la electr\u00f3nica necesaria para conectarla de forma sencilla a un Arduino, de forma que podamos detectar y leer el campo magn\u00e9tico terrestre y as\u00ed calcular la orientaci\u00f3n con respecto al norte magn\u00e9tico de la tierra, siempre que nuestro sensor no este expuesto a alg\u00fan campo magn\u00e9tico externo o cerca de alg\u00fan objeto met\u00e1lico que pueda perturbar el campo magn\u00e9tico terrestre.<\/p>\n<p><strong><em>ESPECIFICACIONES\u00a0<\/em><\/strong><\/p>\n<ul>\n<li>Magnet\u00f3metro, brujula, comp\u00e1s digital de 3 ejes.<\/li>\n<li>Interfaz con el microcontrolador a trav\u00e9s de I2C.<\/li>\n<li>Alimentaci\u00f3n de 3 a 5 volts.<\/li>\n<li>Rango completo de +\/- 8 Gauss.<\/li>\n<li>Resoluci\u00f3n de 5 milli-gauss.<\/li>\n<li>Adaptaci\u00f3n de niveles para sistemas de 5 volts.<\/li>\n<\/ul>\n<\/td>\n<\/tr>\n<\/tbody>\n<\/table>\n","protected":false},"excerpt":{"rendered":"<p>EL HMC5883L es un sensor magnet\u00f3metro de 3 ejes, se encuentra integrado en m\u00f3dulos como la GY-273 que incorporan la electr\u00f3nica necesaria para conectarla de forma sencilla a un Arduino, de forma que podamos detectar y leer el campo magn\u00e9tico terrestre y as\u00ed calcular la orientaci\u00f3n con respecto al norte magn\u00e9tico de la tierra, siempre [&#8230;]\n","protected":false},"featured_media":3852,"comment_status":"open","ping_status":"closed","template":"","meta":[],"product_brand":[],"product_cat":[195],"product_tag":[],"class_list":{"0":"post-772","1":"product","2":"type-product","3":"status-publish","4":"has-post-thumbnail","6":"product_cat-acelerometro-y-giroscopio","8":"first","9":"instock","10":"taxable","11":"shipping-taxable","12":"purchasable","13":"product-type-simple"},"jetpack_sharing_enabled":true,"_links":{"self":[{"href":"https:\/\/carrodeelectronica.com\/index.php?rest_route=\/wp\/v2\/product\/772","targetHints":{"allow":["GET"]}}],"collection":[{"href":"https:\/\/carrodeelectronica.com\/index.php?rest_route=\/wp\/v2\/product"}],"about":[{"href":"https:\/\/carrodeelectronica.com\/index.php?rest_route=\/wp\/v2\/types\/product"}],"replies":[{"embeddable":true,"href":"https:\/\/carrodeelectronica.com\/index.php?rest_route=%2Fwp%2Fv2%2Fcomments&post=772"}],"wp:featuredmedia":[{"embeddable":true,"href":"https:\/\/carrodeelectronica.com\/index.php?rest_route=\/wp\/v2\/media\/3852"}],"wp:attachment":[{"href":"https:\/\/carrodeelectronica.com\/index.php?rest_route=%2Fwp%2Fv2%2Fmedia&parent=772"}],"wp:term":[{"taxonomy":"product_brand","embeddable":true,"href":"https:\/\/carrodeelectronica.com\/index.php?rest_route=%2Fwp%2Fv2%2Fproduct_brand&post=772"},{"taxonomy":"product_cat","embeddable":true,"href":"https:\/\/carrodeelectronica.com\/index.php?rest_route=%2Fwp%2Fv2%2Fproduct_cat&post=772"},{"taxonomy":"product_tag","embeddable":true,"href":"https:\/\/carrodeelectronica.com\/index.php?rest_route=%2Fwp%2Fv2%2Fproduct_tag&post=772"}],"curies":[{"name":"wp","href":"https:\/\/api.w.org\/{rel}","templated":true}]}}