{"id":655,"date":"2025-03-09T01:19:41","date_gmt":"2025-03-09T01:19:41","guid":{"rendered":"https:\/\/carrodeelectronica.com\/?post_type=product&#038;p=655"},"modified":"2025-03-31T17:39:52","modified_gmt":"2025-03-31T17:39:52","slug":"disco-encoder-para-sensor-de-velocidad","status":"publish","type":"product","link":"https:\/\/carrodeelectronica.com\/?product=disco-encoder-para-sensor-de-velocidad","title":{"rendered":"DISCO ENCODER PARA SENSOR DE VELOCIDAD"},"content":{"rendered":"<table>\n<tbody>\n<tr>\n<td>Disco Encoder es una rueda de pl\u00e1stico que tiene 20 ranuras, est\u00e1 dise\u00f1ado para colocarse en los ejes de motores o motorreductores que tengan un eje con dimensiones de 5.5mm x 3.5mm Aprox.<\/p>\n<p><strong><em>ESPECIFICACI\u00d3NES\u00a0<\/em><\/strong><\/p>\n<ul>\n<li>Tipo: Disco Encoder<\/li>\n<li>Material: Pl\u00e1stico<\/li>\n<li>Color: Negro<\/li>\n<li>Ranuras: 20<\/li>\n<li>Di\u00e1metro Exterior: 26 mm<\/li>\n<li>Di\u00e1metro eje: 5.5mm x 3.5 Aprox.<\/li>\n<li>Espesor: 3mm<\/li>\n<li>Peso: 2g<\/li>\n<\/ul>\n<\/td>\n<\/tr>\n<\/tbody>\n<\/table>\n","protected":false},"excerpt":{"rendered":"<p>Disco Encoder es una rueda de pl\u00e1stico que tiene 20 ranuras, est\u00e1 dise\u00f1ado para colocarse en los ejes de motores o motorreductores que tengan un eje con dimensiones de 5.5mm x 3.5mm Aprox. ESPECIFICACI\u00d3NES\u00a0 Tipo: Disco Encoder Material: Pl\u00e1stico Color: Negro Ranuras: 20 Di\u00e1metro Exterior: 26 mm Di\u00e1metro eje: 5.5mm x 3.5 Aprox. Espesor: 3mm [&#8230;]\n","protected":false},"featured_media":3866,"comment_status":"open","ping_status":"closed","template":"","meta":[],"product_brand":[],"product_cat":[173,155],"product_tag":[],"class_list":{"0":"post-655","1":"product","2":"type-product","3":"status-publish","4":"has-post-thumbnail","6":"product_cat-deteccion-y-proximidad","7":"product_cat-infrarrojo","9":"first","10":"instock","11":"taxable","12":"shipping-taxable","13":"purchasable","14":"product-type-simple"},"jetpack_sharing_enabled":true,"_links":{"self":[{"href":"https:\/\/carrodeelectronica.com\/index.php?rest_route=\/wp\/v2\/product\/655","targetHints":{"allow":["GET"]}}],"collection":[{"href":"https:\/\/carrodeelectronica.com\/index.php?rest_route=\/wp\/v2\/product"}],"about":[{"href":"https:\/\/carrodeelectronica.com\/index.php?rest_route=\/wp\/v2\/types\/product"}],"replies":[{"embeddable":true,"href":"https:\/\/carrodeelectronica.com\/index.php?rest_route=%2Fwp%2Fv2%2Fcomments&post=655"}],"wp:featuredmedia":[{"embeddable":true,"href":"https:\/\/carrodeelectronica.com\/index.php?rest_route=\/wp\/v2\/media\/3866"}],"wp:attachment":[{"href":"https:\/\/carrodeelectronica.com\/index.php?rest_route=%2Fwp%2Fv2%2Fmedia&parent=655"}],"wp:term":[{"taxonomy":"product_brand","embeddable":true,"href":"https:\/\/carrodeelectronica.com\/index.php?rest_route=%2Fwp%2Fv2%2Fproduct_brand&post=655"},{"taxonomy":"product_cat","embeddable":true,"href":"https:\/\/carrodeelectronica.com\/index.php?rest_route=%2Fwp%2Fv2%2Fproduct_cat&post=655"},{"taxonomy":"product_tag","embeddable":true,"href":"https:\/\/carrodeelectronica.com\/index.php?rest_route=%2Fwp%2Fv2%2Fproduct_tag&post=655"}],"curies":[{"name":"wp","href":"https:\/\/api.w.org\/{rel}","templated":true}]}}