{"id":578,"date":"2025-03-09T01:19:25","date_gmt":"2025-03-09T01:19:25","guid":{"rendered":"https:\/\/carrodeelectronica.com\/?post_type=product&#038;p=578"},"modified":"2025-03-09T01:19:27","modified_gmt":"2025-03-09T01:19:27","slug":"mosfet-irf640n-200v-18a-canal-n","status":"publish","type":"product","link":"https:\/\/carrodeelectronica.com\/?product=mosfet-irf640n-200v-18a-canal-n","title":{"rendered":"MOSFET IRF640N 200V, 18A, CANAL N"},"content":{"rendered":"<p>IRF640N es un transistor MOSFET, es de un 1 canal <strong>tipo N<\/strong>. Es utilizado para amplificar o conmutar se\u00f1ales electr\u00f3nicas. Es el transistor m\u00e1s utilizado en la industria microelectr\u00f3nica, ya sea en circuitos anal\u00f3gicos o digitales.<\/p>\n<p>Se pueden operar directamente desde circuitos integrados. Todos estos MOSFET de potencia est\u00e1n dise\u00f1ados para diferentes tipos de aplicaciones como reguladores de conmutaci\u00f3n, convertidores, controladores de motor, controladores de rel\u00e9.<\/p>\n<p><strong><em>ESPECIFICACIONES Y\u00a0CARACTER\u00cdSTICAS<\/em><\/strong><\/p>\n<ul>\n<li>Disipaci\u00f3n total del dispositivo (Pd): 125 W<\/li>\n<li>Tensi\u00f3n drenaje-fuente (Vds): 200 V<\/li>\n<li>Tensi\u00f3n compuerta-fuente (Vgs): 20 V<\/li>\n<li>Corriente continua de drenaje (Id): 18 A<\/li>\n<li>Temperatura operativa m\u00e1xima (Tj): 150 \u00b0C<\/li>\n<li>Tensi\u00f3n umbral compuerta-fuente Vgs(th): 4 V<\/li>\n<li>Carga de compuerta (Qg): 50 nC<\/li>\n<li>Conductancia de drenaje-sustrato (Cd): 2100 pF<\/li>\n<li>Resistencia drenaje-fuente RDS(on): 0.18 Ohm<\/li>\n<li>Encapsulado: TO-220<\/li>\n<li>3 pines<\/li>\n<\/ul>\n","protected":false},"excerpt":{"rendered":"<p>CANAL: N<\/p>\n<p>VOLTAJE: 200V<\/p>\n<p>AMPERAJE: 18A<\/p>\n","protected":false},"featured_media":0,"comment_status":"open","ping_status":"closed","template":"","meta":[],"product_brand":[],"product_cat":[139],"product_tag":[],"class_list":{"0":"post-578","1":"product","2":"type-product","3":"status-publish","5":"product_cat-mosfet","7":"first","8":"instock","9":"taxable","10":"shipping-taxable","11":"purchasable","12":"product-type-simple"},"jetpack_sharing_enabled":true,"_links":{"self":[{"href":"https:\/\/carrodeelectronica.com\/index.php?rest_route=\/wp\/v2\/product\/578","targetHints":{"allow":["GET"]}}],"collection":[{"href":"https:\/\/carrodeelectronica.com\/index.php?rest_route=\/wp\/v2\/product"}],"about":[{"href":"https:\/\/carrodeelectronica.com\/index.php?rest_route=\/wp\/v2\/types\/product"}],"replies":[{"embeddable":true,"href":"https:\/\/carrodeelectronica.com\/index.php?rest_route=%2Fwp%2Fv2%2Fcomments&post=578"}],"wp:attachment":[{"href":"https:\/\/carrodeelectronica.com\/index.php?rest_route=%2Fwp%2Fv2%2Fmedia&parent=578"}],"wp:term":[{"taxonomy":"product_brand","embeddable":true,"href":"https:\/\/carrodeelectronica.com\/index.php?rest_route=%2Fwp%2Fv2%2Fproduct_brand&post=578"},{"taxonomy":"product_cat","embeddable":true,"href":"https:\/\/carrodeelectronica.com\/index.php?rest_route=%2Fwp%2Fv2%2Fproduct_cat&post=578"},{"taxonomy":"product_tag","embeddable":true,"href":"https:\/\/carrodeelectronica.com\/index.php?rest_route=%2Fwp%2Fv2%2Fproduct_tag&post=578"}],"curies":[{"name":"wp","href":"https:\/\/api.w.org\/{rel}","templated":true}]}}