{"id":3296,"date":"2025-03-09T01:34:07","date_gmt":"2025-03-09T01:34:07","guid":{"rendered":"https:\/\/carrodeelectronica.com\/?post_type=product&#038;p=3296"},"modified":"2025-03-24T15:34:44","modified_gmt":"2025-03-24T15:34:44","slug":"sim-800c","status":"publish","type":"product","link":"https:\/\/carrodeelectronica.com\/?product=sim-800c","title":{"rendered":"SIM 800C"},"content":{"rendered":"<div align=\"justify\">\n<p>El m\u00f3dulo SIM800C es un dispositivo GSM y GPRS de 4 bandas que podr\u00e1s utilizar en tus proyectos de comunicaci\u00f3n y control inal\u00e1mbrico ya sea para enviar y recibir mensajes SMS y llamadas \u00f3 bien tener red de datos m\u00f3viles e internet mediante GPRS.<\/p>\n<p>Este m\u00f3dulo cuenta con un z\u00f3calo para conectar un Micro SIM y pines de comunicaci\u00f3n UART, conexi\u00f3n de pines para conectar unos auriculares y micr\u00f3fono lo que lo convierte en un excelente medio de comunicaci\u00f3n port\u00e1til.<\/p>\n<h4><strong>\u00bfPara qu\u00e9 sirve?<\/strong><\/h4>\n<p>Se puede utilizar para el envi\u00f3 de alertas de equipos remotos, sistemas de seguridad caseros, enviar datos de telemetr\u00eda, aplicaciones M2M, automatizaci\u00f3n industrial, proyectos BMS, dom\u00f3tica, de Internet de las cosas IOT, transporte p\u00fablico, seguimiento personal, detecci\u00f3n de entornos el\u00e9ctricos, POS inal\u00e1mbrico, medici\u00f3n inteligente y otras aplicaciones.<\/p>\n<h4><strong>\u00bfC\u00f3mo funciona?<\/strong><\/h4>\n<p>Para que funcione este m\u00f3dulo se necesita un microcontrolador para controlarlo, es compatible con las placas de desarrollo de Arduino o con cualquier microcontrolador de 3.3V \u2013 5V que cuente con interfaz de comunicaci\u00f3n UART ya que por los puertos de TX y RX puede enviar o recibir comandos AT. De igual manera necesitaras de algunos accesorios adicionales como un Micro SIM principalmente chips 2G, fuente de alimentaci\u00f3n o bater\u00eda de litio, auriculares y micr\u00f3fono. Estos accesorios no se incluyen en la compra del m\u00f3dulo.<\/p>\n<\/div>\n<hr \/>\n<h3><strong>ESPECIFICACIONES Y CARACTER\u00cdSTICAS<\/strong><\/h3>\n<ul>\n<li>Tipo: M\u00f3dulo GSM y GPRS<\/li>\n<li>Modelo: SIM800C<\/li>\n<li>Dimensiones: 25mm x 23mm<\/li>\n<li>Voltaje de Operaci\u00f3n: 3.4V ~ 4.4V DC<\/li>\n<li>Nivel L\u00f3gico de 3V a 5V<\/li>\n<li>Consumo de corriente (max): 500 mA<\/li>\n<li>Consumo de corriente (sleep): 0.7 mA<\/li>\n<li>Ganancia de antena: 3dBi<\/li>\n<li>Conector para antena IPX a SMA<\/li>\n<li>Recibe y realiza llamadas: necesita componentes externos como auricular o un altavoz de 8\u03a9 + micr\u00f3fono electret.<\/li>\n<li>Env\u00eda y recibe mensajes SMS<\/li>\n<li>Env\u00eda y recibe datos GPRS (TCP \/ IP, http, etc.)<\/li>\n<li>Estaci\u00f3n m\u00f3vil de clase B GPRS<\/li>\n<li>Banda cu\u00e1druple: 850\/900\/1800 \/ 1900MHz<\/li>\n<li>Interfaz: Serial UART<\/li>\n<li>Controlado por Comandos AT<\/li>\n<li>Baudios: 9600 por defecto tambi\u00e9n se puede configurar con comandos AT<\/li>\n<li>Tama\u00f1o de la SIM: Micro SIM<\/li>\n<li>Chips 2G<\/li>\n<li>Led indicador de conexi\u00f3n a la red<\/li>\n<li><strong>Peso: 2.8g<\/strong><\/li>\n<\/ul>\n","protected":false},"excerpt":{"rendered":"<p>El m\u00f3dulo SIM800C es un dispositivo GSM y GPRS de 4 bandas que podr\u00e1s utilizar en tus proyectos de comunicaci\u00f3n y control inal\u00e1mbrico ya sea para enviar y recibir mensajes SMS y llamadas \u00f3 bien tener red de datos m\u00f3viles e internet mediante GPRS. Este m\u00f3dulo cuenta con un z\u00f3calo para conectar un Micro SIM [&#8230;]\n","protected":false},"featured_media":3623,"comment_status":"closed","ping_status":"closed","template":"","meta":[],"product_brand":[],"product_cat":[224],"product_tag":[],"class_list":{"0":"post-3296","1":"product","2":"type-product","3":"status-publish","4":"has-post-thumbnail","6":"product_cat-gsm-gprs","8":"first","9":"instock","10":"taxable","11":"shipping-taxable","12":"purchasable","13":"product-type-simple"},"jetpack_sharing_enabled":true,"_links":{"self":[{"href":"https:\/\/carrodeelectronica.com\/index.php?rest_route=\/wp\/v2\/product\/3296","targetHints":{"allow":["GET"]}}],"collection":[{"href":"https:\/\/carrodeelectronica.com\/index.php?rest_route=\/wp\/v2\/product"}],"about":[{"href":"https:\/\/carrodeelectronica.com\/index.php?rest_route=\/wp\/v2\/types\/product"}],"replies":[{"embeddable":true,"href":"https:\/\/carrodeelectronica.com\/index.php?rest_route=%2Fwp%2Fv2%2Fcomments&post=3296"}],"wp:featuredmedia":[{"embeddable":true,"href":"https:\/\/carrodeelectronica.com\/index.php?rest_route=\/wp\/v2\/media\/3623"}],"wp:attachment":[{"href":"https:\/\/carrodeelectronica.com\/index.php?rest_route=%2Fwp%2Fv2%2Fmedia&parent=3296"}],"wp:term":[{"taxonomy":"product_brand","embeddable":true,"href":"https:\/\/carrodeelectronica.com\/index.php?rest_route=%2Fwp%2Fv2%2Fproduct_brand&post=3296"},{"taxonomy":"product_cat","embeddable":true,"href":"https:\/\/carrodeelectronica.com\/index.php?rest_route=%2Fwp%2Fv2%2Fproduct_cat&post=3296"},{"taxonomy":"product_tag","embeddable":true,"href":"https:\/\/carrodeelectronica.com\/index.php?rest_route=%2Fwp%2Fv2%2Fproduct_tag&post=3296"}],"curies":[{"name":"wp","href":"https:\/\/api.w.org\/{rel}","templated":true}]}}