{"id":3057,"date":"2025-03-09T01:32:48","date_gmt":"2025-03-09T01:32:48","guid":{"rendered":"https:\/\/carrodeelectronica.com\/?post_type=product&#038;p=3057"},"modified":"2025-10-03T21:15:07","modified_gmt":"2025-10-03T21:15:07","slug":"amplificador-operacional-tl082cp","status":"publish","type":"product","link":"https:\/\/carrodeelectronica.com\/?product=amplificador-operacional-tl082cp","title":{"rendered":"AMPLIFICADOR OPERACIONAL TL082CP"},"content":{"rendered":"<p><strong>INFORMACI\u00d3N<\/strong><\/p>\n<p>El TL082CP es un circuito integrado (CI) de 8 pines que internamente est\u00e1 construido por dos amplificadores operacionales de entrada JFET de alta ganancia. Trabaja a un rango de voltaje entre \u00b118 V a \u00b17 V cuenta con altas velocidades de rotaci\u00f3n, baja polarizaci\u00f3n de entrada y corriente de compensaci\u00f3n y bajo coeficiente de temperatura de voltaje de compensaci\u00f3n.<\/p>\n<p><strong>CARACTER\u00cdSTICAS Y ESPECIFICACIONES<\/strong><\/p>\n<ul>\n<li>Tipo: Amplificador Operacional<\/li>\n<li>Serie: TL082CP<\/li>\n<li>Encapsulado: PDIP-8<\/li>\n<li>Pines: 8 pines<\/li>\n<li>Dimensiones: 4.57 x 9.81 x 6.35 mm<\/li>\n<li>Peso: 0.5 g<\/li>\n<li>Rango de Voltaje : \u00b118 V a \u00b17 V<\/li>\n<li>Corriente\n<ul>\n<li>Suministro operativo: 1.4 mA<\/li>\n<li>Salida por canal: 40 mA<\/li>\n<li>Corriente de sesgo de entrada (Ib): 200 pA<\/li>\n<\/ul>\n<\/li>\n<li>N\u00famero de canales: 2 canales<\/li>\n<li>Ganancia de producto de ancho de banda (GBP ): 3 MHz<\/li>\n<li>Velocidad de respuesta (SR): 13 V\/us<\/li>\n<li>Relaci\u00f3n de rechazo de modo com\u00fan (CMRR): 70 dB \u2013 86 dB<\/li>\n<li>Ganancia de voltaje dB: 106.02 dB<\/li>\n<li>Voltaje de compensaci\u00f3n de entrada(Vos): 6 mV<\/li>\n<li>Temperatura de Funcionamiento: \u2013 40 \u00b0C a +85 \u00b0C<\/li>\n<\/ul>\n","protected":false},"excerpt":{"rendered":"<p>INFORMACI\u00d3N El TL082CP es un circuito integrado (CI) de 8 pines que internamente est\u00e1 construido por dos amplificadores operacionales de entrada JFET de alta ganancia. Trabaja a un rango de voltaje entre \u00b118 V a \u00b17 V cuenta con altas velocidades de rotaci\u00f3n, baja polarizaci\u00f3n de entrada y corriente de compensaci\u00f3n y bajo coeficiente de [&#8230;]\n","protected":false},"featured_media":4317,"comment_status":"open","ping_status":"closed","template":"","meta":[],"product_brand":[],"product_cat":[190],"product_tag":[],"class_list":{"0":"post-3057","1":"product","2":"type-product","3":"status-publish","4":"has-post-thumbnail","6":"product_cat-amplificadores-operacional","8":"first","9":"instock","10":"taxable","11":"shipping-taxable","12":"purchasable","13":"product-type-simple"},"jetpack_sharing_enabled":true,"_links":{"self":[{"href":"https:\/\/carrodeelectronica.com\/index.php?rest_route=\/wp\/v2\/product\/3057","targetHints":{"allow":["GET"]}}],"collection":[{"href":"https:\/\/carrodeelectronica.com\/index.php?rest_route=\/wp\/v2\/product"}],"about":[{"href":"https:\/\/carrodeelectronica.com\/index.php?rest_route=\/wp\/v2\/types\/product"}],"replies":[{"embeddable":true,"href":"https:\/\/carrodeelectronica.com\/index.php?rest_route=%2Fwp%2Fv2%2Fcomments&post=3057"}],"wp:featuredmedia":[{"embeddable":true,"href":"https:\/\/carrodeelectronica.com\/index.php?rest_route=\/wp\/v2\/media\/4317"}],"wp:attachment":[{"href":"https:\/\/carrodeelectronica.com\/index.php?rest_route=%2Fwp%2Fv2%2Fmedia&parent=3057"}],"wp:term":[{"taxonomy":"product_brand","embeddable":true,"href":"https:\/\/carrodeelectronica.com\/index.php?rest_route=%2Fwp%2Fv2%2Fproduct_brand&post=3057"},{"taxonomy":"product_cat","embeddable":true,"href":"https:\/\/carrodeelectronica.com\/index.php?rest_route=%2Fwp%2Fv2%2Fproduct_cat&post=3057"},{"taxonomy":"product_tag","embeddable":true,"href":"https:\/\/carrodeelectronica.com\/index.php?rest_route=%2Fwp%2Fv2%2Fproduct_tag&post=3057"}],"curies":[{"name":"wp","href":"https:\/\/api.w.org\/{rel}","templated":true}]}}