{"id":2942,"date":"2025-03-09T01:32:06","date_gmt":"2025-03-09T01:32:06","guid":{"rendered":"https:\/\/carrodeelectronica.com\/?post_type=product&#038;p=2942"},"modified":"2025-03-09T01:32:09","modified_gmt":"2025-03-09T01:32:09","slug":"switch-tp-link-tl-sg1005d","status":"publish","type":"product","link":"https:\/\/carrodeelectronica.com\/?product=switch-tp-link-tl-sg1005d","title":{"rendered":"SWITCH TP-LINK TL-SG1005D"},"content":{"rendered":"<p>El TL-SG1005D de TP-LINK es un switch de sobremesa con 5 puertos Gigabit que le permite migrar f\u00e1cilmente su red a la tecnolog\u00eda Gigabit Ethernet. Aumente tanto la velocidad de su servidor de red como la de las conexiones troncales o lleve la experiencia Gigabit a su escritorio. Adicionalmente, el dise\u00f1o del TL-SG1005D le permite tener un menor consumo el\u00e9ctrico. Gracias a su innovadora tecnolog\u00eda de eficiencia energ\u00e9tica, el TL-SG1005D ahorra hasta un 70% de energ\u00eda el\u00e9ctrica, lo que lo convierte en una soluci\u00f3n ecol\u00f3gica para la red de su hogar o lugar de trabajo.<\/p>\n<p><strong>CARACTER\u00cdSTICAS<\/strong><\/p>\n<ul>\n<li>5 puertos RJ45 Gigabit con Auto-Negociaci\u00f3n, compatible con Auto MDI \/ MDIX<\/li>\n<li>Tecnolog\u00eda Green Ethernet ahorra la energ\u00eda hasta un 70%<\/li>\n<li>IEEE 802.3x control de flujo proporciona una transferencia de datos fiables<\/li>\n<li>Caja de pl\u00e1stico, dise\u00f1o de montaje de escritorio o en pared<\/li>\n<li>Plug and play, sin necesidad de configuraci\u00f3n<\/li>\n<\/ul>\n<p>&nbsp;<\/p>\n","protected":false},"excerpt":{"rendered":"<p>El TL-SG1005D de TP-LINK es un switch de sobremesa con 5 puertos Gigabit que le permite migrar f\u00e1cilmente su red a la tecnolog\u00eda Gigabit Ethernet. Aumente tanto la velocidad de su servidor de red como la de las conexiones troncales o lleve la experiencia Gigabit a su escritorio. Adicionalmente, el dise\u00f1o del TL-SG1005D le permite [&#8230;]\n","protected":false},"featured_media":0,"comment_status":"closed","ping_status":"closed","template":"","meta":[],"product_brand":[],"product_cat":[221,252],"product_tag":[],"class_list":{"0":"post-2942","1":"product","2":"type-product","3":"status-publish","5":"product_cat-adaptadores","6":"product_cat-otros","8":"first","9":"outofstock","10":"sale","11":"featured","12":"taxable","13":"shipping-taxable","14":"purchasable","15":"product-type-simple"},"jetpack_sharing_enabled":true,"_links":{"self":[{"href":"https:\/\/carrodeelectronica.com\/index.php?rest_route=\/wp\/v2\/product\/2942","targetHints":{"allow":["GET"]}}],"collection":[{"href":"https:\/\/carrodeelectronica.com\/index.php?rest_route=\/wp\/v2\/product"}],"about":[{"href":"https:\/\/carrodeelectronica.com\/index.php?rest_route=\/wp\/v2\/types\/product"}],"replies":[{"embeddable":true,"href":"https:\/\/carrodeelectronica.com\/index.php?rest_route=%2Fwp%2Fv2%2Fcomments&post=2942"}],"wp:attachment":[{"href":"https:\/\/carrodeelectronica.com\/index.php?rest_route=%2Fwp%2Fv2%2Fmedia&parent=2942"}],"wp:term":[{"taxonomy":"product_brand","embeddable":true,"href":"https:\/\/carrodeelectronica.com\/index.php?rest_route=%2Fwp%2Fv2%2Fproduct_brand&post=2942"},{"taxonomy":"product_cat","embeddable":true,"href":"https:\/\/carrodeelectronica.com\/index.php?rest_route=%2Fwp%2Fv2%2Fproduct_cat&post=2942"},{"taxonomy":"product_tag","embeddable":true,"href":"https:\/\/carrodeelectronica.com\/index.php?rest_route=%2Fwp%2Fv2%2Fproduct_tag&post=2942"}],"curies":[{"name":"wp","href":"https:\/\/api.w.org\/{rel}","templated":true}]}}