{"id":2927,"date":"2025-03-09T01:32:04","date_gmt":"2025-03-09T01:32:04","guid":{"rendered":"https:\/\/carrodeelectronica.com\/?post_type=product&#038;p=2927"},"modified":"2025-03-09T01:32:07","modified_gmt":"2025-03-09T01:32:07","slug":"transistor-tip125","status":"publish","type":"product","link":"https:\/\/carrodeelectronica.com\/?product=transistor-tip125","title":{"rendered":"TRANSISTOR TIP125"},"content":{"rendered":"<p>Transistor\u00a0<strong>tipo Darlington<\/strong>\u00a0con encapsulado de pl\u00e1stico TO-220, es de tipo bipolar de prop\u00f3sito general y est\u00e1 dise\u00f1ado principalmente para la amplificaci\u00f3n y la conmutaci\u00f3n de media potencia.<\/p>\n<p><strong><em>ESPECIFICACIONES Y CARACTER\u00cdSTICAS<\/em><\/strong><\/p>\n<ul>\n<li>Tipo de Transistor: NPN<\/li>\n<li>Encapsulado: TO-220-3<\/li>\n<li>Pines: 3<\/li>\n<li>Altura: 9.15 mm<\/li>\n<li>Longitud: 10.4 mm<\/li>\n<li>Ancho: 4.6 mm<\/li>\n<li>Peso de la unidad: 2.9 g<\/li>\n<li>VCEO M\u00e1xima Colector-Emisor: 60 V<\/li>\n<li>Tensi\u00f3n VEBO M\u00e1xima Emisor-Base: +5 V<\/li>\n<li>Tensi\u00f3n VCBO M\u00e1xima Colector-Base: 60 V<\/li>\n<li>Corriente del Colector Ic: 5 Adc<\/li>\n<li>Corriente m\u00e1xima de corte del colector: 200 uA<\/li>\n<li>Disipaci\u00f3n de la energ\u00eda: 65 W<\/li>\n<li>Colector DC\/Ganancia Base hfe M\u00ednima: 1000<\/li>\n<li>Temperatura de Funcionamiento M\u00e1xima: +150 \u00baC<\/li>\n<li>Temperatura M\u00ednima de Funcionamiento: -65 \u00b0C<\/li>\n<\/ul>\n","protected":false},"excerpt":{"rendered":"<p>Transistor\u00a0tipo Darlington\u00a0con encapsulado de pl\u00e1stico TO-220, es de tipo bipolar de prop\u00f3sito general y est\u00e1 dise\u00f1ado principalmente para la amplificaci\u00f3n y la conmutaci\u00f3n de media potencia. ESPECIFICACIONES Y CARACTER\u00cdSTICAS Tipo de Transistor: NPN Encapsulado: TO-220-3 Pines: 3 Altura: 9.15 mm Longitud: 10.4 mm Ancho: 4.6 mm Peso de la unidad: 2.9 g VCEO M\u00e1xima Colector-Emisor: [&#8230;]\n","protected":false},"featured_media":0,"comment_status":"open","ping_status":"closed","template":"","meta":[],"product_brand":[],"product_cat":[218],"product_tag":[],"class_list":{"0":"post-2927","1":"product","2":"type-product","3":"status-publish","5":"product_cat-transistores","7":"first","8":"instock","9":"taxable","10":"shipping-taxable","11":"purchasable","12":"product-type-simple"},"jetpack_sharing_enabled":true,"_links":{"self":[{"href":"https:\/\/carrodeelectronica.com\/index.php?rest_route=\/wp\/v2\/product\/2927","targetHints":{"allow":["GET"]}}],"collection":[{"href":"https:\/\/carrodeelectronica.com\/index.php?rest_route=\/wp\/v2\/product"}],"about":[{"href":"https:\/\/carrodeelectronica.com\/index.php?rest_route=\/wp\/v2\/types\/product"}],"replies":[{"embeddable":true,"href":"https:\/\/carrodeelectronica.com\/index.php?rest_route=%2Fwp%2Fv2%2Fcomments&post=2927"}],"wp:attachment":[{"href":"https:\/\/carrodeelectronica.com\/index.php?rest_route=%2Fwp%2Fv2%2Fmedia&parent=2927"}],"wp:term":[{"taxonomy":"product_brand","embeddable":true,"href":"https:\/\/carrodeelectronica.com\/index.php?rest_route=%2Fwp%2Fv2%2Fproduct_brand&post=2927"},{"taxonomy":"product_cat","embeddable":true,"href":"https:\/\/carrodeelectronica.com\/index.php?rest_route=%2Fwp%2Fv2%2Fproduct_cat&post=2927"},{"taxonomy":"product_tag","embeddable":true,"href":"https:\/\/carrodeelectronica.com\/index.php?rest_route=%2Fwp%2Fv2%2Fproduct_tag&post=2927"}],"curies":[{"name":"wp","href":"https:\/\/api.w.org\/{rel}","templated":true}]}}