{"id":2877,"date":"2025-03-09T01:31:47","date_gmt":"2025-03-09T01:31:47","guid":{"rendered":"https:\/\/carrodeelectronica.com\/?post_type=product&#038;p=2877"},"modified":"2025-03-09T01:31:50","modified_gmt":"2025-03-09T01:31:50","slug":"kit-dinamo-generador-de-energia-hidraulica-y-eolica","status":"publish","type":"product","link":"https:\/\/carrodeelectronica.com\/?product=kit-dinamo-generador-de-energia-hidraulica-y-eolica","title":{"rendered":"KIT DINAMO GENERADOR DE ENERGIA HIDRAULICA Y EOLICA"},"content":{"rendered":"<p>PROYECTO EDUCATIVO para el aprendizaje de la energ\u00eda e\u00f3lica, hidr\u00e1ulica, mareomotriz (energ\u00eda de las mareas), el motor el\u00e9ctrico se utiliza como generador (d\u00ednamo). Las aspas captan movimiento pasa al generador y lo transforma en energ\u00eda que se ve reflejado en el diodo LED<\/p>\n<ul>\n<li><span style=\"font-family: Verdana; font-size: small;\" data-spm-anchor-id=\"a2g0o.detail.1000023.i3.258a7e3dF30sgc\">Di\u00e1metro del Motor: 24.5mm<\/span><\/li>\n<li><span style=\"font-family: Verdana; font-size: small;\">Altura del Motor: 34.2mm<\/span><\/li>\n<li><span style=\"font-family: Verdana; font-size: small;\">Di\u00e1metro del eje del Motor:\u00a0 2mm<\/span><\/li>\n<li><span style=\"font-family: Verdana; font-size: small;\">Longitud del eje del Motor: 13,5mm<\/span><\/li>\n<li><span style=\"font-family: Verdana; font-size: small;\">Di\u00e1metro de la hoja: 100mm<\/span><\/li>\n<li><span style=\"font-family: Verdana; font-size: small;\">Apertura de la hoja: 1,95mm<\/span><\/li>\n<li data-spm-anchor-id=\"a2g0o.detail.1000023.i2.258a7e3dF30sgc\"><span style=\"font-family: Verdana; font-size: small;\">Voltaje de salida:0.01 -5.5V<\/span><\/li>\n<li data-spm-anchor-id=\"a2g0o.detail.1000023.i1.258a7e3dF30sgc\"><span style=\"font-family: Verdana; font-size: small;\">Corriente de salida: 0.01-100mA<\/span><\/li>\n<li><span style=\"font-family: Verdana; font-size: small;\" data-spm-anchor-id=\"a2g0o.detail.1000023.i0.258a7e3dF30sgc\">Velocidad nominal: 100 &#8211; 6000 rpm<\/span><\/li>\n<\/ul>\n<p><em><strong>EL KIT INCLUYE<\/strong><\/em><\/p>\n<ul>\n<li><span style=\"font-family: Verdana; font-size: small;\">1 diodo LED<\/span><\/li>\n<li><span style=\"font-family: Verdana; font-size: small;\">1 generador<\/span><\/li>\n<li><span style=\"font-family: Verdana; font-size: small;\">4 hojas (forman la h\u00e9lice)<\/span><\/li>\n<\/ul>\n","protected":false},"excerpt":{"rendered":"<p>PROYECTO EDUCATIVO para el aprendizaje de la energ\u00eda e\u00f3lica, hidr\u00e1ulica, mareomotriz (energ\u00eda de las mareas), el motor el\u00e9ctrico se utiliza como generador (d\u00ednamo). Las aspas captan movimiento pasa al generador y lo transforma en energ\u00eda que se ve reflejado en el diodo LED Di\u00e1metro del Motor: 24.5mm Altura del Motor: 34.2mm Di\u00e1metro del eje del [&#8230;]\n","protected":false},"featured_media":0,"comment_status":"closed","ping_status":"closed","template":"","meta":[],"product_brand":[],"product_cat":[327],"product_tag":[],"class_list":{"0":"post-2877","1":"product","2":"type-product","3":"status-publish","5":"product_cat-proyectos-educativos","7":"first","8":"instock","9":"taxable","10":"shipping-taxable","11":"purchasable","12":"product-type-simple"},"jetpack_sharing_enabled":true,"_links":{"self":[{"href":"https:\/\/carrodeelectronica.com\/index.php?rest_route=\/wp\/v2\/product\/2877","targetHints":{"allow":["GET"]}}],"collection":[{"href":"https:\/\/carrodeelectronica.com\/index.php?rest_route=\/wp\/v2\/product"}],"about":[{"href":"https:\/\/carrodeelectronica.com\/index.php?rest_route=\/wp\/v2\/types\/product"}],"replies":[{"embeddable":true,"href":"https:\/\/carrodeelectronica.com\/index.php?rest_route=%2Fwp%2Fv2%2Fcomments&post=2877"}],"wp:attachment":[{"href":"https:\/\/carrodeelectronica.com\/index.php?rest_route=%2Fwp%2Fv2%2Fmedia&parent=2877"}],"wp:term":[{"taxonomy":"product_brand","embeddable":true,"href":"https:\/\/carrodeelectronica.com\/index.php?rest_route=%2Fwp%2Fv2%2Fproduct_brand&post=2877"},{"taxonomy":"product_cat","embeddable":true,"href":"https:\/\/carrodeelectronica.com\/index.php?rest_route=%2Fwp%2Fv2%2Fproduct_cat&post=2877"},{"taxonomy":"product_tag","embeddable":true,"href":"https:\/\/carrodeelectronica.com\/index.php?rest_route=%2Fwp%2Fv2%2Fproduct_tag&post=2877"}],"curies":[{"name":"wp","href":"https:\/\/api.w.org\/{rel}","templated":true}]}}