{"id":2876,"date":"2025-03-09T01:31:47","date_gmt":"2025-03-09T01:31:47","guid":{"rendered":"https:\/\/carrodeelectronica.com\/?post_type=product&#038;p=2876"},"modified":"2025-03-09T01:31:50","modified_gmt":"2025-03-09T01:31:50","slug":"kit-dinamo-generador-de-energia-eolica","status":"publish","type":"product","link":"https:\/\/carrodeelectronica.com\/?product=kit-dinamo-generador-de-energia-eolica","title":{"rendered":"KIT DINAMO GENERADOR DE ENERGIA EOLICA"},"content":{"rendered":"<p>PROYECTO EDUCATIVO para el aprendizaje de la energ\u00eda e\u00f3lica, el motor el\u00e9ctrico se utiliza como generador. La h\u00e9lice capta movimiento pasa al generador y lo transforma en energ\u00eda que se ve reflejado en el diodo LED<\/p>\n<p><em><strong>ESPECIFICACIONES<\/strong><\/em><\/p>\n<ul>\n<li><span style=\"font-family: Verdana; font-size: small;\">Di\u00e1metro de paleta de hoja: 60mm<\/span><\/li>\n<li><span style=\"font-family: Verdana; font-size: small;\">Di\u00e1metro del Motor: 25mm<\/span><\/li>\n<li><span style=\"font-family: Verdana; font-size: small;\">Longitud del Motor: 31mm<\/span><\/li>\n<li><span style=\"font-family: Verdana; font-size: small;\">Di\u00e1metro del eje r: 2mm<\/span><\/li>\n<li><span style=\"font-family: Verdana; font-size: small;\">Voltaje de potencia: 0-20V<\/span><\/li>\n<li><span style=\"font-family: Verdana; font-size: small;\">Voltaje: 6-9V<\/span><\/li>\n<li><span style=\"font-family: Verdana; font-size: small;\">Velocidad: 200 ~ 6000rpm<\/span><\/li>\n<li><span style=\"font-family: Verdana; font-size: small;\">Microturbinas de viento de 12V<\/span><\/li>\n<\/ul>\n<p><em><strong>EL KIT INCLUYE<\/strong><\/em><\/p>\n<ul>\n<li><span style=\"font-family: Verdana; font-size: small;\">3 diodo LED<\/span><\/li>\n<li><span style=\"font-family: Verdana; font-size: small;\">1 conector<\/span><\/li>\n<li><span style=\"font-family: Verdana; font-size: small;\">1 generador<\/span><\/li>\n<li><span style=\"font-family: Verdana; font-size: small;\">1 helice<\/span><\/li>\n<\/ul>\n","protected":false},"excerpt":{"rendered":"<p>PROYECTO EDUCATIVO para el aprendizaje de la energ\u00eda e\u00f3lica, el motor el\u00e9ctrico se utiliza como generador. La h\u00e9lice capta movimiento pasa al generador y lo transforma en energ\u00eda que se ve reflejado en el diodo LED ESPECIFICACIONES Di\u00e1metro de paleta de hoja: 60mm Di\u00e1metro del Motor: 25mm Longitud del Motor: 31mm Di\u00e1metro del eje r: [&#8230;]\n","protected":false},"featured_media":0,"comment_status":"closed","ping_status":"closed","template":"","meta":[],"product_brand":[],"product_cat":[327],"product_tag":[],"class_list":{"0":"post-2876","1":"product","2":"type-product","3":"status-publish","5":"product_cat-proyectos-educativos","7":"first","8":"outofstock","9":"taxable","10":"shipping-taxable","11":"purchasable","12":"product-type-simple"},"jetpack_sharing_enabled":true,"_links":{"self":[{"href":"https:\/\/carrodeelectronica.com\/index.php?rest_route=\/wp\/v2\/product\/2876","targetHints":{"allow":["GET"]}}],"collection":[{"href":"https:\/\/carrodeelectronica.com\/index.php?rest_route=\/wp\/v2\/product"}],"about":[{"href":"https:\/\/carrodeelectronica.com\/index.php?rest_route=\/wp\/v2\/types\/product"}],"replies":[{"embeddable":true,"href":"https:\/\/carrodeelectronica.com\/index.php?rest_route=%2Fwp%2Fv2%2Fcomments&post=2876"}],"wp:attachment":[{"href":"https:\/\/carrodeelectronica.com\/index.php?rest_route=%2Fwp%2Fv2%2Fmedia&parent=2876"}],"wp:term":[{"taxonomy":"product_brand","embeddable":true,"href":"https:\/\/carrodeelectronica.com\/index.php?rest_route=%2Fwp%2Fv2%2Fproduct_brand&post=2876"},{"taxonomy":"product_cat","embeddable":true,"href":"https:\/\/carrodeelectronica.com\/index.php?rest_route=%2Fwp%2Fv2%2Fproduct_cat&post=2876"},{"taxonomy":"product_tag","embeddable":true,"href":"https:\/\/carrodeelectronica.com\/index.php?rest_route=%2Fwp%2Fv2%2Fproduct_tag&post=2876"}],"curies":[{"name":"wp","href":"https:\/\/api.w.org\/{rel}","templated":true}]}}