{"id":2875,"date":"2025-03-09T01:31:47","date_gmt":"2025-03-09T01:31:47","guid":{"rendered":"https:\/\/carrodeelectronica.com\/?post_type=product&#038;p=2875"},"modified":"2025-03-09T01:31:50","modified_gmt":"2025-03-09T01:31:50","slug":"triac-bta41-600b","status":"publish","type":"product","link":"https:\/\/carrodeelectronica.com\/?product=triac-bta41-600b","title":{"rendered":"TRIAC BTA41 600B"},"content":{"rendered":"<div align=\"justify\">\n<div align=\"justify\">El BTA41 600B es un TRIAC de 3 pines con aislamiento est\u00e1ndar para conmutaci\u00f3n de CA de uso general y se puede utilizar como funci\u00f3n ON \/ OFF. La serie BTA proporciona una leng\u00fceta con aislamiento de voltaje usando una almohadilla de cer\u00e1mica interna.Este triac se encuentra encapsulado en TOP-3 de montaje de orificio pasante Through Hole.<\/div>\n<div align=\"justify\"><\/div>\n<p><em><strong>ESPECIFICACIONES<\/strong><\/em><\/p>\n<div>\n<ul>\n<li>Tipo: Triac<\/li>\n<li>Serie: BTA41 600B<\/li>\n<li>Encapsulado: TOP-3<\/li>\n<li>Estilo de montaje: Through Hole<\/li>\n<li>Pines: 3 pines<\/li>\n<li>Dimensiones: 15.90 mm x 10.40mm x 4.60 mm<\/li>\n<li>Peso de la unidad: 5 mg<\/li>\n<li>Voltaje VDRM: 600V<\/li>\n<li>Voltaje activado: 1.55V<\/li>\n<li>Vgt: 1.3V<\/li>\n<li>R\u00e9gimen de corriente: 40 A<\/li>\n<li>IDRM: 5uA<\/li>\n<li>Corriente no repetitiva activada: 420 A<\/li>\n<li>Ih m\u00e1xima: 80 mA<\/li>\n<li>Igt: 100 mA<\/li>\n<li>Temperatura m\u00e1xima de funcionamiento: +125 \u00baC<\/li>\n<li>Temperatura m\u00ednima de funcionamiento: -40 \u00b0C<\/li>\n<li>Sustituto: NTE56031 y BTA26-600<\/li>\n<\/ul>\n<\/div>\n<\/div>\n","protected":false},"excerpt":{"rendered":"<p>El BTA41 600B es un TRIAC de 3 pines con aislamiento est\u00e1ndar para conmutaci\u00f3n de CA de uso general y se puede utilizar como funci\u00f3n ON \/ OFF. La serie BTA proporciona una leng\u00fceta con aislamiento de voltaje usando una almohadilla de cer\u00e1mica interna.Este triac se encuentra encapsulado en TOP-3 de montaje de orificio pasante [&#8230;]\n","protected":false},"featured_media":0,"comment_status":"closed","ping_status":"closed","template":"","meta":[],"product_brand":[],"product_cat":[216],"product_tag":[],"class_list":{"0":"post-2875","1":"product","2":"type-product","3":"status-publish","5":"product_cat-triacs","7":"first","8":"instock","9":"featured","10":"taxable","11":"shipping-taxable","12":"purchasable","13":"product-type-simple"},"jetpack_sharing_enabled":true,"_links":{"self":[{"href":"https:\/\/carrodeelectronica.com\/index.php?rest_route=\/wp\/v2\/product\/2875","targetHints":{"allow":["GET"]}}],"collection":[{"href":"https:\/\/carrodeelectronica.com\/index.php?rest_route=\/wp\/v2\/product"}],"about":[{"href":"https:\/\/carrodeelectronica.com\/index.php?rest_route=\/wp\/v2\/types\/product"}],"replies":[{"embeddable":true,"href":"https:\/\/carrodeelectronica.com\/index.php?rest_route=%2Fwp%2Fv2%2Fcomments&post=2875"}],"wp:attachment":[{"href":"https:\/\/carrodeelectronica.com\/index.php?rest_route=%2Fwp%2Fv2%2Fmedia&parent=2875"}],"wp:term":[{"taxonomy":"product_brand","embeddable":true,"href":"https:\/\/carrodeelectronica.com\/index.php?rest_route=%2Fwp%2Fv2%2Fproduct_brand&post=2875"},{"taxonomy":"product_cat","embeddable":true,"href":"https:\/\/carrodeelectronica.com\/index.php?rest_route=%2Fwp%2Fv2%2Fproduct_cat&post=2875"},{"taxonomy":"product_tag","embeddable":true,"href":"https:\/\/carrodeelectronica.com\/index.php?rest_route=%2Fwp%2Fv2%2Fproduct_tag&post=2875"}],"curies":[{"name":"wp","href":"https:\/\/api.w.org\/{rel}","templated":true}]}}