{"id":2873,"date":"2025-03-09T01:31:47","date_gmt":"2025-03-09T01:31:47","guid":{"rendered":"https:\/\/carrodeelectronica.com\/?post_type=product&#038;p=2873"},"modified":"2025-03-09T01:31:50","modified_gmt":"2025-03-09T01:31:50","slug":"transistor-tip32c","status":"publish","type":"product","link":"https:\/\/carrodeelectronica.com\/?product=transistor-tip32c","title":{"rendered":"TRANSISTOR TIP32C"},"content":{"rendered":"<p>Transistor\u00a0<strong>tipo Darlington<\/strong> con encapsulado de pl\u00e1stico TO-220, es de tipo bipolar de prop\u00f3sito general y est\u00e1 dise\u00f1ado principalmente para aplicaciones de audio, procesamiento de se\u00f1al, administraci\u00f3n de potencia, dispositivos port\u00e1tiles, electr\u00f3nica de consumo y conmutaci\u00f3n r\u00e1pida.<\/p>\n<p><strong>ESPECIFICACIONES Y CARACTER\u00cdSTICAS<\/strong><\/p>\n<ul>\n<li>Transistor NPN<\/li>\n<li>Encapsulado TO-220<\/li>\n<li>N\u00famero de pines: 3<\/li>\n<li>Dimensiones Aprox.: 28.9 mm x 10 mm x 4.4 mm<\/li>\n<li>Peso: 2g<\/li>\n<li>Tecnolog\u00eda: A trav\u00e9s del orificio \u201cThrough Hole\u201d<\/li>\n<li>Tipo de Transistor: BJT \u2013 Transistores bipolares<\/li>\n<li>Corriente m\u00e1xima del colector: 3 A<\/li>\n<li>Voltaje colector-emisor VCEO Max: 100V<\/li>\n<li>Colector- Voltaje base VCBO: 100V<\/li>\n<li>Emisor- Voltaje base VEBO: 5 V<\/li>\n<li>Voltaje de saturaci\u00f3n colector-emisor: 1.2 V<\/li>\n<li>Pd \u2013 Disipaci\u00f3n de energ\u00eda (Tc=25\u00b0C): 40 W<\/li>\n<li>Producto de ganancia de ancho de banda fT: 3 MHz<\/li>\n<li>Temperatura m\u00ednima de funcionamiento: \u2013 65 C<\/li>\n<li>Temperatura m\u00e1xima de funcionamiento: + 150 C<\/li>\n<\/ul>\n","protected":false},"excerpt":{"rendered":"<p>Transistor\u00a0tipo Darlington con encapsulado de pl\u00e1stico TO-220, es de tipo bipolar de prop\u00f3sito general y est\u00e1 dise\u00f1ado principalmente para aplicaciones de audio, procesamiento de se\u00f1al, administraci\u00f3n de potencia, dispositivos port\u00e1tiles, electr\u00f3nica de consumo y conmutaci\u00f3n r\u00e1pida. ESPECIFICACIONES Y CARACTER\u00cdSTICAS Transistor NPN Encapsulado TO-220 N\u00famero de pines: 3 Dimensiones Aprox.: 28.9 mm x 10 mm x [&#8230;]\n","protected":false},"featured_media":0,"comment_status":"closed","ping_status":"closed","template":"","meta":[],"product_brand":[],"product_cat":[218],"product_tag":[],"class_list":{"0":"post-2873","1":"product","2":"type-product","3":"status-publish","5":"product_cat-transistores","7":"first","8":"instock","9":"taxable","10":"shipping-taxable","11":"purchasable","12":"product-type-simple"},"jetpack_sharing_enabled":true,"_links":{"self":[{"href":"https:\/\/carrodeelectronica.com\/index.php?rest_route=\/wp\/v2\/product\/2873","targetHints":{"allow":["GET"]}}],"collection":[{"href":"https:\/\/carrodeelectronica.com\/index.php?rest_route=\/wp\/v2\/product"}],"about":[{"href":"https:\/\/carrodeelectronica.com\/index.php?rest_route=\/wp\/v2\/types\/product"}],"replies":[{"embeddable":true,"href":"https:\/\/carrodeelectronica.com\/index.php?rest_route=%2Fwp%2Fv2%2Fcomments&post=2873"}],"wp:attachment":[{"href":"https:\/\/carrodeelectronica.com\/index.php?rest_route=%2Fwp%2Fv2%2Fmedia&parent=2873"}],"wp:term":[{"taxonomy":"product_brand","embeddable":true,"href":"https:\/\/carrodeelectronica.com\/index.php?rest_route=%2Fwp%2Fv2%2Fproduct_brand&post=2873"},{"taxonomy":"product_cat","embeddable":true,"href":"https:\/\/carrodeelectronica.com\/index.php?rest_route=%2Fwp%2Fv2%2Fproduct_cat&post=2873"},{"taxonomy":"product_tag","embeddable":true,"href":"https:\/\/carrodeelectronica.com\/index.php?rest_route=%2Fwp%2Fv2%2Fproduct_tag&post=2873"}],"curies":[{"name":"wp","href":"https:\/\/api.w.org\/{rel}","templated":true}]}}