{"id":2872,"date":"2025-03-09T01:31:46","date_gmt":"2025-03-09T01:31:46","guid":{"rendered":"https:\/\/carrodeelectronica.com\/?post_type=product&#038;p=2872"},"modified":"2025-03-09T01:31:50","modified_gmt":"2025-03-09T01:31:50","slug":"mosfet-irf840-500v-8a-canal-n","status":"publish","type":"product","link":"https:\/\/carrodeelectronica.com\/?product=mosfet-irf840-500v-8a-canal-n","title":{"rendered":"MOSFET IRF840, 500V, 8A, CANAL N"},"content":{"rendered":"<div align=\"justify\">\n<div align=\"justify\">El IRF840 es un MOSFET de potencia de N-canal de 500V, el MOSFET de potencia de tercera generaci\u00f3n proporciona al dise\u00f1ador la mejor combinaci\u00f3n de conmutaci\u00f3n r\u00e1pida, dise\u00f1o de dispositivo robusto y baja resistencia. Se pueden operar directamente desde circuitos integrados.<\/div>\n<div align=\"justify\"><\/div>\n<p><em><strong>ESPECIFICACIONES<\/strong><\/em><\/p>\n<ul>\n<li>Disipaci\u00f3n total del dispositivo (Pd): 125 W<\/li>\n<li>Tensi\u00f3n drenaje-fuente (Vds): 500 V<\/li>\n<li>Tensi\u00f3n compuerta-fuente (Vgs): 20 V<\/li>\n<li>Corriente continua de drenaje (Id): 8 A<\/li>\n<li>Temperatura operativa m\u00e1xima (Tj): 150 \u00b0C<\/li>\n<li>Tensi\u00f3n umbral compuerta-fuente Vgs(th): 4 V<\/li>\n<li>Carga de compuerta (Qg): 63 nC<\/li>\n<li>Conductancia de drenaje-sustrato (Cd): 1500 pF<\/li>\n<li>Resistencia drenaje-fuente RDS(on): 0.85 Ohm<\/li>\n<li>Empaquetado \/ Estuche: TO220<\/li>\n<li>3 pines<\/li>\n<li>Peso: 2 g<\/li>\n<\/ul>\n<\/div>\n","protected":false},"excerpt":{"rendered":"<p>El IRF840 es un MOSFET de potencia de N-canal de 500V, el MOSFET de potencia de tercera generaci\u00f3n proporciona al dise\u00f1ador la mejor combinaci\u00f3n de conmutaci\u00f3n r\u00e1pida, dise\u00f1o de dispositivo robusto y baja resistencia. Se pueden operar directamente desde circuitos integrados. ESPECIFICACIONES Disipaci\u00f3n total del dispositivo (Pd): 125 W Tensi\u00f3n drenaje-fuente (Vds): 500 V Tensi\u00f3n [&#8230;]\n","protected":false},"featured_media":0,"comment_status":"closed","ping_status":"closed","template":"","meta":[],"product_brand":[],"product_cat":[139],"product_tag":[],"class_list":{"0":"post-2872","1":"product","2":"type-product","3":"status-publish","5":"product_cat-mosfet","7":"first","8":"instock","9":"taxable","10":"shipping-taxable","11":"purchasable","12":"product-type-simple"},"jetpack_sharing_enabled":true,"_links":{"self":[{"href":"https:\/\/carrodeelectronica.com\/index.php?rest_route=\/wp\/v2\/product\/2872","targetHints":{"allow":["GET"]}}],"collection":[{"href":"https:\/\/carrodeelectronica.com\/index.php?rest_route=\/wp\/v2\/product"}],"about":[{"href":"https:\/\/carrodeelectronica.com\/index.php?rest_route=\/wp\/v2\/types\/product"}],"replies":[{"embeddable":true,"href":"https:\/\/carrodeelectronica.com\/index.php?rest_route=%2Fwp%2Fv2%2Fcomments&post=2872"}],"wp:attachment":[{"href":"https:\/\/carrodeelectronica.com\/index.php?rest_route=%2Fwp%2Fv2%2Fmedia&parent=2872"}],"wp:term":[{"taxonomy":"product_brand","embeddable":true,"href":"https:\/\/carrodeelectronica.com\/index.php?rest_route=%2Fwp%2Fv2%2Fproduct_brand&post=2872"},{"taxonomy":"product_cat","embeddable":true,"href":"https:\/\/carrodeelectronica.com\/index.php?rest_route=%2Fwp%2Fv2%2Fproduct_cat&post=2872"},{"taxonomy":"product_tag","embeddable":true,"href":"https:\/\/carrodeelectronica.com\/index.php?rest_route=%2Fwp%2Fv2%2Fproduct_tag&post=2872"}],"curies":[{"name":"wp","href":"https:\/\/api.w.org\/{rel}","templated":true}]}}