{"id":2871,"date":"2025-03-09T01:31:46","date_gmt":"2025-03-09T01:31:46","guid":{"rendered":"https:\/\/carrodeelectronica.com\/?post_type=product&#038;p=2871"},"modified":"2025-03-09T01:31:49","modified_gmt":"2025-03-09T01:31:49","slug":"triac-bbta12-600b","status":"publish","type":"product","link":"https:\/\/carrodeelectronica.com\/?product=triac-bbta12-600b","title":{"rendered":"TRIAC BBTA12 600B"},"content":{"rendered":"<div align=\"justify\">El BTA12 \u2013 600B es un TRIAC de 3 pines con aislamiento est\u00e1ndar para conmutaci\u00f3n de corriente alterna (CA), de uso general y se puede utilizar como funci\u00f3n ON \/ OFF. Este triac se encuentra encapsulado en TO-220-3 de montaje de orificio pasante Through Hole.<\/div>\n<h3><\/h3>\n<p><em><strong>ESPECIFICACIONES\u00a0<\/strong><\/em><\/p>\n<div>\n<ul>\n<li>Tipo: Triac<\/li>\n<li>Serie: BTA12 600B<\/li>\n<li>Encapsulado: TO-220<\/li>\n<li>Pines: 3 pines<\/li>\n<li>Estilo de montaje: Through Hole<\/li>\n<li>Dimensiones: 9.15 mm x 10.40 mm x 4.60 mm<\/li>\n<li>Peso de la unidad: 2 g<\/li>\n<li>Voltaje VDRM: 600 V<\/li>\n<li>Voltaje activado: 1.55 V<\/li>\n<li>Vgt: 1.3 V<\/li>\n<li>Corriente IT(rms): 12 A<\/li>\n<li>Ih m\u00e1xima: 50 mA<\/li>\n<li>Igt: 100 mA<\/li>\n<li>Temperatura m\u00e1xima de funcionamiento: +125 \u00baC<\/li>\n<li>Temperatura m\u00ednima de funcionamiento: -40 \u00b0C<\/li>\n<\/ul>\n<\/div>\n","protected":false},"excerpt":{"rendered":"<p>El BTA12 \u2013 600B es un TRIAC de 3 pines con aislamiento est\u00e1ndar para conmutaci\u00f3n de corriente alterna (CA), de uso general y se puede utilizar como funci\u00f3n ON \/ OFF. Este triac se encuentra encapsulado en TO-220-3 de montaje de orificio pasante Through Hole. ESPECIFICACIONES\u00a0 Tipo: Triac Serie: BTA12 600B Encapsulado: TO-220 Pines: 3 [&#8230;]\n","protected":false},"featured_media":0,"comment_status":"open","ping_status":"closed","template":"","meta":[],"product_brand":[],"product_cat":[216],"product_tag":[],"class_list":{"0":"post-2871","1":"product","2":"type-product","3":"status-publish","5":"product_cat-triacs","7":"first","8":"instock","9":"featured","10":"taxable","11":"shipping-taxable","12":"purchasable","13":"product-type-simple"},"jetpack_sharing_enabled":true,"_links":{"self":[{"href":"https:\/\/carrodeelectronica.com\/index.php?rest_route=\/wp\/v2\/product\/2871","targetHints":{"allow":["GET"]}}],"collection":[{"href":"https:\/\/carrodeelectronica.com\/index.php?rest_route=\/wp\/v2\/product"}],"about":[{"href":"https:\/\/carrodeelectronica.com\/index.php?rest_route=\/wp\/v2\/types\/product"}],"replies":[{"embeddable":true,"href":"https:\/\/carrodeelectronica.com\/index.php?rest_route=%2Fwp%2Fv2%2Fcomments&post=2871"}],"wp:attachment":[{"href":"https:\/\/carrodeelectronica.com\/index.php?rest_route=%2Fwp%2Fv2%2Fmedia&parent=2871"}],"wp:term":[{"taxonomy":"product_brand","embeddable":true,"href":"https:\/\/carrodeelectronica.com\/index.php?rest_route=%2Fwp%2Fv2%2Fproduct_brand&post=2871"},{"taxonomy":"product_cat","embeddable":true,"href":"https:\/\/carrodeelectronica.com\/index.php?rest_route=%2Fwp%2Fv2%2Fproduct_cat&post=2871"},{"taxonomy":"product_tag","embeddable":true,"href":"https:\/\/carrodeelectronica.com\/index.php?rest_route=%2Fwp%2Fv2%2Fproduct_tag&post=2871"}],"curies":[{"name":"wp","href":"https:\/\/api.w.org\/{rel}","templated":true}]}}