{"id":2867,"date":"2025-03-09T01:31:46","date_gmt":"2025-03-09T01:31:46","guid":{"rendered":"https:\/\/carrodeelectronica.com\/?post_type=product&#038;p=2867"},"modified":"2025-03-09T01:31:49","modified_gmt":"2025-03-09T01:31:49","slug":"mosfet-2n7000-60v-200ma-canal-n","status":"publish","type":"product","link":"https:\/\/carrodeelectronica.com\/?product=mosfet-2n7000-60v-200ma-canal-n","title":{"rendered":"MOSFET 2N7000, 60V, 200mA CANAL N"},"content":{"rendered":"<table>\n<tbody>\n<tr>\n<td>El 2N7000 es un MOSFET de<strong> tipo N<\/strong> utilizado para amplificar o conmutar se\u00f1ales electr\u00f3nicas. Es el transistor m\u00e1s utilizado en la industria microelectr\u00f3nica, ya sea en circuitos anal\u00f3gicos o digitales. Pr\u00e1cticamente la totalidad de los microprocesadores comerciales est\u00e1n basados en transistores MOSFET.<\/p>\n<p><strong><em>ESPECIFICACIONES\u00a0<\/em><\/strong><\/p>\n<ul>\n<li>Polaridad del transistor: Canal N<\/li>\n<li>Voltaje de drenaje a fuente VDS: 60 V<\/li>\n<li>Voltaje de puerta a fuente VGS: \u00b120 V<\/li>\n<li>Corriente continua de drenaje ID: 200 mA<\/li>\n<li>Corriente de drenaje pulsada IDP: 1 A<\/li>\n<li>Disipaci\u00f3n de potencia m\u00e1xima PD (Tc=25 \u00b0C): 400 mW<\/li>\n<li>Temperatura de operaci\u00f3n m\u00ednima: -55 \u00b0C<\/li>\n<li>Temperatura de operaci\u00f3n m\u00e1xima: 150 \u00b0C<\/li>\n<li>Encapsulado: TO-92<\/li>\n<li>N\u00famero de pines: 3<\/li>\n<\/ul>\n<\/td>\n<\/tr>\n<\/tbody>\n<\/table>\n","protected":false},"excerpt":{"rendered":"<p>El 2N7000 es un MOSFET de tipo N utilizado para amplificar o conmutar se\u00f1ales electr\u00f3nicas. Es el transistor m\u00e1s utilizado en la industria microelectr\u00f3nica, ya sea en circuitos anal\u00f3gicos o digitales. Pr\u00e1cticamente la totalidad de los microprocesadores comerciales est\u00e1n basados en transistores MOSFET. ESPECIFICACIONES\u00a0 Polaridad del transistor: Canal N Voltaje de drenaje a fuente VDS: [&#8230;]\n","protected":false},"featured_media":0,"comment_status":"open","ping_status":"closed","template":"","meta":[],"product_brand":[],"product_cat":[139],"product_tag":[],"class_list":{"0":"post-2867","1":"product","2":"type-product","3":"status-publish","5":"product_cat-mosfet","7":"first","8":"instock","9":"taxable","10":"shipping-taxable","11":"purchasable","12":"product-type-simple"},"jetpack_sharing_enabled":true,"_links":{"self":[{"href":"https:\/\/carrodeelectronica.com\/index.php?rest_route=\/wp\/v2\/product\/2867","targetHints":{"allow":["GET"]}}],"collection":[{"href":"https:\/\/carrodeelectronica.com\/index.php?rest_route=\/wp\/v2\/product"}],"about":[{"href":"https:\/\/carrodeelectronica.com\/index.php?rest_route=\/wp\/v2\/types\/product"}],"replies":[{"embeddable":true,"href":"https:\/\/carrodeelectronica.com\/index.php?rest_route=%2Fwp%2Fv2%2Fcomments&post=2867"}],"wp:attachment":[{"href":"https:\/\/carrodeelectronica.com\/index.php?rest_route=%2Fwp%2Fv2%2Fmedia&parent=2867"}],"wp:term":[{"taxonomy":"product_brand","embeddable":true,"href":"https:\/\/carrodeelectronica.com\/index.php?rest_route=%2Fwp%2Fv2%2Fproduct_brand&post=2867"},{"taxonomy":"product_cat","embeddable":true,"href":"https:\/\/carrodeelectronica.com\/index.php?rest_route=%2Fwp%2Fv2%2Fproduct_cat&post=2867"},{"taxonomy":"product_tag","embeddable":true,"href":"https:\/\/carrodeelectronica.com\/index.php?rest_route=%2Fwp%2Fv2%2Fproduct_tag&post=2867"}],"curies":[{"name":"wp","href":"https:\/\/api.w.org\/{rel}","templated":true}]}}