{"id":2866,"date":"2025-03-09T01:31:46","date_gmt":"2025-03-09T01:31:46","guid":{"rendered":"https:\/\/carrodeelectronica.com\/?post_type=product&#038;p=2866"},"modified":"2025-03-09T01:31:49","modified_gmt":"2025-03-09T01:31:49","slug":"transistor-2n2907-bjt-pnp-60v","status":"publish","type":"product","link":"https:\/\/carrodeelectronica.com\/?product=transistor-2n2907-bjt-pnp-60v","title":{"rendered":"TRANSISTOR 2N2907, BJT, PNP, 60V"},"content":{"rendered":"<table>\n<tbody>\n<tr>\n<td>2N2907 PNP es un dispositivo electr\u00f3nico de estado s\u00f3lido de uni\u00f3n bipolar<strong> BJT<\/strong> que utiliza las propiedades del silicio para amplificar se\u00f1ales de voltaje o corriente. Este transistor es de <strong>tipo PNP. E<\/strong>st\u00e1 protegido por un encapsulado de pl\u00e1stico color negro conocido como <strong>TO-92<\/strong> y cuenta con 3 pines que son base, colector y emisor, donde el emisor se encarga de emitir o inyectar electrones, la base permite transferir o pasar los electrones y el colector se encarga de colectar electrones.<\/p>\n<p>Este transistor es de prop\u00f3sito general y est\u00e1 dise\u00f1ado para aplicaciones lineales y de conmutaci\u00f3n, es utilizado com\u00fanmente como amplificador de media potencia.<\/p>\n<p><strong><em>ESPECIFICACIONES<\/em><\/strong><\/p>\n<ul>\n<li>Tipo de Transistor: PNP<\/li>\n<li>Serie: 2N2907 PNP<\/li>\n<li>Encapsulado: TO-92<\/li>\n<li>Pines: 3<\/li>\n<li>Voltaje m\u00e1ximo en las uniones:<\/li>\n<li>\u00a0 \u00a0 \u00a0 \u00a0Colector-emisor: -60 V<\/li>\n<li>\u00a0 \u00a0 \u00a0 \u00a0Colector-base: -60 V<\/li>\n<li>\u00a0 \u00a0 \u00a0 \u00a0Emisor-base: -5 V<\/li>\n<li>Corriente del Colector Ic: -600 mAdc<\/li>\n<li>\u00a0 \u00a0 \u00a0 \u00a0 hFE<\/li>\n<li>\u00a0 \u00a0 \u00a0 \u00a0 M\u00ednimo: 50<\/li>\n<li>\u00a0 \u00a0 \u00a0 \u00a0 M\u00e1ximo: 300<\/li>\n<li>Voltaje VEBO Emisor-Base: -5 V<\/li>\n<li>Voltaje VCEO Colector-Emisor: -60 V<\/li>\n<li>Capacitancia de salida: 8 pF<\/li>\n<li>Capacitancia de entrada: 30 pF<\/li>\n<li>Frecuencia m\u00ednima de funcionamiento: 200 MHz<\/li>\n<li>\u00a0Potencia: 625 mW<\/li>\n<\/ul>\n<\/td>\n<\/tr>\n<\/tbody>\n<\/table>\n","protected":false},"excerpt":{"rendered":"<p>2N2907 PNP es un dispositivo electr\u00f3nico de estado s\u00f3lido de uni\u00f3n bipolar BJT que utiliza las propiedades del silicio para amplificar se\u00f1ales de voltaje o corriente. Este transistor es de tipo PNP. Est\u00e1 protegido por un encapsulado de pl\u00e1stico color negro conocido como TO-92 y cuenta con 3 pines que son base, colector y emisor, [&#8230;]\n","protected":false},"featured_media":0,"comment_status":"open","ping_status":"closed","template":"","meta":[],"product_brand":[],"product_cat":[218],"product_tag":[],"class_list":{"0":"post-2866","1":"product","2":"type-product","3":"status-publish","5":"product_cat-transistores","7":"first","8":"instock","9":"taxable","10":"shipping-taxable","11":"purchasable","12":"product-type-simple"},"jetpack_sharing_enabled":true,"_links":{"self":[{"href":"https:\/\/carrodeelectronica.com\/index.php?rest_route=\/wp\/v2\/product\/2866","targetHints":{"allow":["GET"]}}],"collection":[{"href":"https:\/\/carrodeelectronica.com\/index.php?rest_route=\/wp\/v2\/product"}],"about":[{"href":"https:\/\/carrodeelectronica.com\/index.php?rest_route=\/wp\/v2\/types\/product"}],"replies":[{"embeddable":true,"href":"https:\/\/carrodeelectronica.com\/index.php?rest_route=%2Fwp%2Fv2%2Fcomments&post=2866"}],"wp:attachment":[{"href":"https:\/\/carrodeelectronica.com\/index.php?rest_route=%2Fwp%2Fv2%2Fmedia&parent=2866"}],"wp:term":[{"taxonomy":"product_brand","embeddable":true,"href":"https:\/\/carrodeelectronica.com\/index.php?rest_route=%2Fwp%2Fv2%2Fproduct_brand&post=2866"},{"taxonomy":"product_cat","embeddable":true,"href":"https:\/\/carrodeelectronica.com\/index.php?rest_route=%2Fwp%2Fv2%2Fproduct_cat&post=2866"},{"taxonomy":"product_tag","embeddable":true,"href":"https:\/\/carrodeelectronica.com\/index.php?rest_route=%2Fwp%2Fv2%2Fproduct_tag&post=2866"}],"curies":[{"name":"wp","href":"https:\/\/api.w.org\/{rel}","templated":true}]}}