{"id":2865,"date":"2025-03-09T01:31:46","date_gmt":"2025-03-09T01:31:46","guid":{"rendered":"https:\/\/carrodeelectronica.com\/?post_type=product&#038;p=2865"},"modified":"2025-03-09T01:31:49","modified_gmt":"2025-03-09T01:31:49","slug":"transistor-2n4403-pnp-40v","status":"publish","type":"product","link":"https:\/\/carrodeelectronica.com\/?product=transistor-2n4403-pnp-40v","title":{"rendered":"TRANSISTOR 2N4403, PNP, 40V"},"content":{"rendered":"<table>\n<tbody>\n<tr>\n<td>Transistor 2N4403 de peque\u00f1a se\u00f1al, PNP 40 V 0.2 A 625 mW 250 MHz dise\u00f1ado para su uso con aplicaciones de conmutaci\u00f3n de prop\u00f3sito general.<\/p>\n<p><strong><em>ESPECIFICACIONES<\/em><\/strong><\/p>\n<ul>\n<li>\u00a0Polaridad del transistor: PNP<\/li>\n<li>Voltaje colector base VCBO: 40 V<\/li>\n<li>Voltaje de colector emisor VCEO: 40 V<\/li>\n<li>Voltaje emisor base VEBO: -6 V<\/li>\n<li>Frecuencia de tensi\u00f3n\u00a0 ft: 250 MHz<\/li>\n<li>Disipaci\u00f3n de potencia Pd: 625 mW<\/li>\n<li>Corriente del colector DC : 200 mA<\/li>\n<li>Ganancia de corriente DC hFE: 100 hFE<\/li>\n<li>Temperatura m\u00e1xima de operaci\u00f3n: 150\u00b0C<\/li>\n<li>Encapsulado: TO-92<\/li>\n<li>3 pines<\/li>\n<\/ul>\n<\/td>\n<\/tr>\n<\/tbody>\n<\/table>\n","protected":false},"excerpt":{"rendered":"<p>Transistor 2N4403 de peque\u00f1a se\u00f1al, PNP 40 V 0.2 A 625 mW 250 MHz dise\u00f1ado para su uso con aplicaciones de conmutaci\u00f3n de prop\u00f3sito general. ESPECIFICACIONES \u00a0Polaridad del transistor: PNP Voltaje colector base VCBO: 40 V Voltaje de colector emisor VCEO: 40 V Voltaje emisor base VEBO: -6 V Frecuencia de tensi\u00f3n\u00a0 ft: 250 MHz [&#8230;]\n","protected":false},"featured_media":0,"comment_status":"open","ping_status":"closed","template":"","meta":[],"product_brand":[],"product_cat":[218],"product_tag":[],"class_list":{"0":"post-2865","1":"product","2":"type-product","3":"status-publish","5":"product_cat-transistores","7":"first","8":"instock","9":"taxable","10":"shipping-taxable","11":"purchasable","12":"product-type-simple"},"jetpack_sharing_enabled":true,"_links":{"self":[{"href":"https:\/\/carrodeelectronica.com\/index.php?rest_route=\/wp\/v2\/product\/2865","targetHints":{"allow":["GET"]}}],"collection":[{"href":"https:\/\/carrodeelectronica.com\/index.php?rest_route=\/wp\/v2\/product"}],"about":[{"href":"https:\/\/carrodeelectronica.com\/index.php?rest_route=\/wp\/v2\/types\/product"}],"replies":[{"embeddable":true,"href":"https:\/\/carrodeelectronica.com\/index.php?rest_route=%2Fwp%2Fv2%2Fcomments&post=2865"}],"wp:attachment":[{"href":"https:\/\/carrodeelectronica.com\/index.php?rest_route=%2Fwp%2Fv2%2Fmedia&parent=2865"}],"wp:term":[{"taxonomy":"product_brand","embeddable":true,"href":"https:\/\/carrodeelectronica.com\/index.php?rest_route=%2Fwp%2Fv2%2Fproduct_brand&post=2865"},{"taxonomy":"product_cat","embeddable":true,"href":"https:\/\/carrodeelectronica.com\/index.php?rest_route=%2Fwp%2Fv2%2Fproduct_cat&post=2865"},{"taxonomy":"product_tag","embeddable":true,"href":"https:\/\/carrodeelectronica.com\/index.php?rest_route=%2Fwp%2Fv2%2Fproduct_tag&post=2865"}],"curies":[{"name":"wp","href":"https:\/\/api.w.org\/{rel}","templated":true}]}}