{"id":2853,"date":"2025-03-09T01:31:39","date_gmt":"2025-03-09T01:31:39","guid":{"rendered":"https:\/\/carrodeelectronica.com\/?post_type=product&#038;p=2853"},"modified":"2025-03-09T01:31:51","modified_gmt":"2025-03-09T01:31:51","slug":"termistor-ntc","status":"publish","type":"product","link":"https:\/\/carrodeelectronica.com\/?product=termistor-ntc","title":{"rendered":"TERMISTOR NTC"},"content":{"rendered":"<table>\n<tbody>\n<tr>\n<td>Un termistor es un dispositivo cuya resistencia varia al variar la temperatura. Podemos emplear esta variaci\u00f3n de la resistencia para realizar una medici\u00f3n de la temperatura ambiente.<\/p>\n<p>Los termistores son dispositivos baratos, peque\u00f1os, duraderos, con un rango de medici\u00f3n relativamente amplio, considerablemente precisos y r\u00e1pidos, y poco susceptibles al ruido. Esto hace que sean ampliamente empleados en la medici\u00f3n de temperatura en climatizaci\u00f3n, almacenamiento de l\u00edquidos, y automoci\u00f3n.<\/p>\n<p><strong><em>ESPECIFICACIONES Y CARACTER\u00cdSTICAS<\/em><\/strong><\/p>\n<ul>\n<li>Modelo: MF52AT<\/li>\n<li>Rango de temperatura -40\u00b0Ca 120\u00b0C<\/li>\n<li>Potencia Nominal 0.5 Watts<\/li>\n<li>Constante de disipaci\u00f3n t\u00e9rmica 2.5 (mW\/\u00b0C)<\/li>\n<\/ul>\n<\/td>\n<\/tr>\n<\/tbody>\n<\/table>\n","protected":false},"excerpt":{"rendered":"<p>Un termistor es un dispositivo cuya resistencia varia al variar la temperatura. Podemos emplear esta variaci\u00f3n de la resistencia para realizar una medici\u00f3n de la temperatura ambiente. Los termistores son dispositivos baratos, peque\u00f1os, duraderos, con un rango de medici\u00f3n relativamente amplio, considerablemente precisos y r\u00e1pidos, y poco susceptibles al ruido. Esto hace que sean ampliamente [&#8230;]\n","protected":false},"featured_media":0,"comment_status":"open","ping_status":"closed","template":"","meta":[],"product_brand":[],"product_cat":[215],"product_tag":[],"class_list":{"0":"post-2853","1":"product","2":"type-product","3":"status-publish","5":"product_cat-temperatura-y-humedad","7":"first","8":"instock","9":"taxable","10":"shipping-taxable","11":"purchasable","12":"product-type-variable"},"jetpack_sharing_enabled":true,"_links":{"self":[{"href":"https:\/\/carrodeelectronica.com\/index.php?rest_route=\/wp\/v2\/product\/2853","targetHints":{"allow":["GET"]}}],"collection":[{"href":"https:\/\/carrodeelectronica.com\/index.php?rest_route=\/wp\/v2\/product"}],"about":[{"href":"https:\/\/carrodeelectronica.com\/index.php?rest_route=\/wp\/v2\/types\/product"}],"replies":[{"embeddable":true,"href":"https:\/\/carrodeelectronica.com\/index.php?rest_route=%2Fwp%2Fv2%2Fcomments&post=2853"}],"wp:attachment":[{"href":"https:\/\/carrodeelectronica.com\/index.php?rest_route=%2Fwp%2Fv2%2Fmedia&parent=2853"}],"wp:term":[{"taxonomy":"product_brand","embeddable":true,"href":"https:\/\/carrodeelectronica.com\/index.php?rest_route=%2Fwp%2Fv2%2Fproduct_brand&post=2853"},{"taxonomy":"product_cat","embeddable":true,"href":"https:\/\/carrodeelectronica.com\/index.php?rest_route=%2Fwp%2Fv2%2Fproduct_cat&post=2853"},{"taxonomy":"product_tag","embeddable":true,"href":"https:\/\/carrodeelectronica.com\/index.php?rest_route=%2Fwp%2Fv2%2Fproduct_tag&post=2853"}],"curies":[{"name":"wp","href":"https:\/\/api.w.org\/{rel}","templated":true}]}}