{"id":2764,"date":"2025-03-09T01:31:19","date_gmt":"2025-03-09T01:31:19","guid":{"rendered":"https:\/\/carrodeelectronica.com\/?post_type=product&#038;p=2764"},"modified":"2025-03-09T01:31:22","modified_gmt":"2025-03-09T01:31:22","slug":"mosfet-irf3205-55v-110a-canal-n","status":"publish","type":"product","link":"https:\/\/carrodeelectronica.com\/?product=mosfet-irf3205-55v-110a-canal-n","title":{"rendered":"MOSFET IRF3205, 55V, 110A, CANAL N"},"content":{"rendered":"<p>IRF3205 es un transistor MOSFET, es de un 1 canal <strong>tipo N<\/strong>, tiene 3 pines y un encapsulado TO-220AB, con capacidad de manejar energ\u00eda de 55V y 110A. El IRF3205 es un transistor de potencia as\u00ed como de alto rendimiento y baja frecuencia.<\/p>\n<p><strong><em>ESPECIFICACIONES Y CARACTER\u00cdSTICAS<\/em><\/strong><\/p>\n<ul>\n<li>Tipo: Transistor MOSFET<\/li>\n<li>Serie: IRF3205<\/li>\n<li>Encapsulado: TO-220AB<\/li>\n<li>Pines: 3<\/li>\n<li>Canal: 1 N-Channel<\/li>\n<li>Montaje: THT Through Hole<\/li>\n<li>Voltaje drenaje-fuente (Vds): 55V<\/li>\n<li>Voltaje compuerta-fuente (Vgs): \u00b1 20V<\/li>\n<li>Disipaci\u00f3n de potencia (Pd): 200W (Requiere disipador de calor)<\/li>\n<li>Corriente continua de drenaje (Id): 110A<\/li>\n<\/ul>\n","protected":false},"excerpt":{"rendered":"<p>IRF3205 es un transistor MOSFET, es de un 1 canal tipo N, tiene 3 pines y un encapsulado TO-220AB, con capacidad de manejar energ\u00eda de 55V y 110A. El IRF3205 es un transistor de potencia as\u00ed como de alto rendimiento y baja frecuencia. ESPECIFICACIONES Y CARACTER\u00cdSTICAS Tipo: Transistor MOSFET Serie: IRF3205 Encapsulado: TO-220AB Pines: 3 [&#8230;]\n","protected":false},"featured_media":0,"comment_status":"open","ping_status":"closed","template":"","meta":[],"product_brand":[],"product_cat":[139],"product_tag":[],"class_list":{"0":"post-2764","1":"product","2":"type-product","3":"status-publish","5":"product_cat-mosfet","7":"first","8":"instock","9":"taxable","10":"shipping-taxable","11":"purchasable","12":"product-type-simple"},"jetpack_sharing_enabled":true,"_links":{"self":[{"href":"https:\/\/carrodeelectronica.com\/index.php?rest_route=\/wp\/v2\/product\/2764","targetHints":{"allow":["GET"]}}],"collection":[{"href":"https:\/\/carrodeelectronica.com\/index.php?rest_route=\/wp\/v2\/product"}],"about":[{"href":"https:\/\/carrodeelectronica.com\/index.php?rest_route=\/wp\/v2\/types\/product"}],"replies":[{"embeddable":true,"href":"https:\/\/carrodeelectronica.com\/index.php?rest_route=%2Fwp%2Fv2%2Fcomments&post=2764"}],"wp:attachment":[{"href":"https:\/\/carrodeelectronica.com\/index.php?rest_route=%2Fwp%2Fv2%2Fmedia&parent=2764"}],"wp:term":[{"taxonomy":"product_brand","embeddable":true,"href":"https:\/\/carrodeelectronica.com\/index.php?rest_route=%2Fwp%2Fv2%2Fproduct_brand&post=2764"},{"taxonomy":"product_cat","embeddable":true,"href":"https:\/\/carrodeelectronica.com\/index.php?rest_route=%2Fwp%2Fv2%2Fproduct_cat&post=2764"},{"taxonomy":"product_tag","embeddable":true,"href":"https:\/\/carrodeelectronica.com\/index.php?rest_route=%2Fwp%2Fv2%2Fproduct_tag&post=2764"}],"curies":[{"name":"wp","href":"https:\/\/api.w.org\/{rel}","templated":true}]}}