{"id":2757,"date":"2025-03-09T01:31:12","date_gmt":"2025-03-09T01:31:12","guid":{"rendered":"https:\/\/carrodeelectronica.com\/?post_type=product&#038;p=2757"},"modified":"2025-04-10T15:59:18","modified_gmt":"2025-04-10T15:59:18","slug":"sensor-de-nivel-flotador-horizontal","status":"publish","type":"product","link":"https:\/\/carrodeelectronica.com\/?product=sensor-de-nivel-flotador-horizontal","title":{"rendered":"SENSOR DE NIVEL FLOTADOR HORIZONTAL"},"content":{"rendered":"<div align=\"justify\">\n<h4><strong>\u00bfQu\u00e9 es Sensor De Nivel Flotador Horizontal?<\/strong><\/h4>\n<p>El sensor de nivel horizontal de l\u00edquido es un interruptor flotador, este dispositivo es utilizado para medir el nivel de l\u00edquido dentro de un tanque, el sensor puede activar una bomba, una alarma u otros dispositivos.<\/p>\n<h4><strong>\u00bfC\u00f3mo funciona el Sensor De Nivel Flotador Horizontal?<\/strong><\/h4>\n<p>Este sensor de nivel de l\u00edquido se compone de un interruptor y un flotador magn\u00e9tico de l\u00e1minas, el interruptor de l\u00e1minas magn\u00e9tico est\u00e1 dentro del encapsulado de la barra gu\u00eda, cuando el flotador sube y baja con el nivel de l\u00edquido, sus imanes internos atraen al interruptor de l\u00e1mina magn\u00e9ticos, con el fin de detectar la posici\u00f3n de nivel de l\u00edquido como un control de nivel de l\u00edquido.<\/p>\n<p>Con este sensor podr\u00e1s conocer si el nivel de agua ha pasado cierto nivel, sin preocuparte por los cortocircuitos, pues el sensor posee aislamiento el\u00e9ctrico a prueba de agua. Este tipo de sensor de nivel es conocido interruptor flotador o boya de nivel. De f\u00e1cil integraci\u00f3n con sistemas digitales como Arduino, PIC o PLCs. El sensor se comporta de forma similar a un switch o interruptor, debe ir conectado a una entrada digital con su respectiva resistencia pull-up o pull-down.<\/p>\n<p>El montaje de este sensor es horizontal, de preferencia en un agujero en la pared del tanque.<\/p>\n<\/div>\n<hr \/>\n<h3><strong>ESPECIFICACI\u00d3N Y CARACTER\u00cdSTICAS<\/strong><\/h3>\n<ul>\n<li>Modelo: CS-CO058<\/li>\n<li>Material: Pol\u00edmero y PP<\/li>\n<li>Potencia.: 10 Watts<\/li>\n<li>Voltaje: hasta\u00a0 100v DC\/AC<\/li>\n<li>Corriente de conmutaci\u00f3n: hasta 0.5A<\/li>\n<li>Corriente de carga :hasta 1.0A<\/li>\n<li>Tensi\u00f3n de ruptura: hasta 220 V DC \/ AC<\/li>\n<li>Resistencia de aislamiento: &gt; 10 M\u03a9<\/li>\n<li>Rango de temperatura: -10\u00b0C a 85 \u00b0C<\/li>\n<li>Cable: 30 cm<\/li>\n<li>Peso: 20g<\/li>\n<\/ul>\n","protected":false},"excerpt":{"rendered":"<p>\u00bfQu\u00e9 es Sensor De Nivel Flotador Horizontal? El sensor de nivel horizontal de l\u00edquido es un interruptor flotador, este dispositivo es utilizado para medir el nivel de l\u00edquido dentro de un tanque, el sensor puede activar una bomba, una alarma u otros dispositivos. \u00bfC\u00f3mo funciona el Sensor De Nivel Flotador Horizontal? Este sensor de nivel [&#8230;]\n","protected":false},"featured_media":4111,"comment_status":"closed","ping_status":"closed","template":"","meta":[],"product_brand":[],"product_cat":[283],"product_tag":[],"class_list":{"0":"post-2757","1":"product","2":"type-product","3":"status-publish","4":"has-post-thumbnail","6":"product_cat-liquidos","8":"first","9":"instock","10":"taxable","11":"shipping-taxable","12":"purchasable","13":"product-type-simple"},"jetpack_sharing_enabled":true,"_links":{"self":[{"href":"https:\/\/carrodeelectronica.com\/index.php?rest_route=\/wp\/v2\/product\/2757","targetHints":{"allow":["GET"]}}],"collection":[{"href":"https:\/\/carrodeelectronica.com\/index.php?rest_route=\/wp\/v2\/product"}],"about":[{"href":"https:\/\/carrodeelectronica.com\/index.php?rest_route=\/wp\/v2\/types\/product"}],"replies":[{"embeddable":true,"href":"https:\/\/carrodeelectronica.com\/index.php?rest_route=%2Fwp%2Fv2%2Fcomments&post=2757"}],"wp:featuredmedia":[{"embeddable":true,"href":"https:\/\/carrodeelectronica.com\/index.php?rest_route=\/wp\/v2\/media\/4111"}],"wp:attachment":[{"href":"https:\/\/carrodeelectronica.com\/index.php?rest_route=%2Fwp%2Fv2%2Fmedia&parent=2757"}],"wp:term":[{"taxonomy":"product_brand","embeddable":true,"href":"https:\/\/carrodeelectronica.com\/index.php?rest_route=%2Fwp%2Fv2%2Fproduct_brand&post=2757"},{"taxonomy":"product_cat","embeddable":true,"href":"https:\/\/carrodeelectronica.com\/index.php?rest_route=%2Fwp%2Fv2%2Fproduct_cat&post=2757"},{"taxonomy":"product_tag","embeddable":true,"href":"https:\/\/carrodeelectronica.com\/index.php?rest_route=%2Fwp%2Fv2%2Fproduct_tag&post=2757"}],"curies":[{"name":"wp","href":"https:\/\/api.w.org\/{rel}","templated":true}]}}