{"id":2755,"date":"2025-03-09T01:31:11","date_gmt":"2025-03-09T01:31:11","guid":{"rendered":"https:\/\/carrodeelectronica.com\/?post_type=product&#038;p=2755"},"modified":"2025-04-08T18:52:14","modified_gmt":"2025-04-08T18:52:14","slug":"sensor-de-corriente-ina219","status":"publish","type":"product","link":"https:\/\/carrodeelectronica.com\/?product=sensor-de-corriente-ina219","title":{"rendered":"SENSOR DE CORRIENTE INA219"},"content":{"rendered":"<h3><strong>INFORMACI\u00d3N\u00a0<\/strong><\/h3>\n<div align=\"justify\">\n<p>El m\u00f3dulo de sensor de corriente INA219 es un m\u00f3dulo de monitoreo de corriente \/ potencia bidireccional basado en interfaz I2C. Puede detectar voltaje, corriente y potencia de derivaci\u00f3n al mismo tiempo y enviar los datos a trav\u00e9s del protocolo I2C. Tiene 0.1 ohmios, una resistencia en derivaci\u00f3n al 1% para cumplir con los requisitos de las medidas de corriente. Tiene un potente ADC de 12 bits que convierte la corriente detectada por un amplificador de precisi\u00f3n. El rango de detecci\u00f3n de corriente es de \u00b1 3.2 A con una resoluci\u00f3n de 0.8 mA y puede medir voltaje DC hasta + 26V.<\/p>\n<p>El Sensor de Corriente INA219 es \u00fatil para sustituir dos sensores (voltaje y corriente), para medir la energ\u00eda el\u00e9ctrica que es intercambiada entre los dispositivos, o monitorear la corriente casi cualquier proyectos electr\u00f3nico y poderla estabilizar. Por ejemplo, medir la potencia recuperada por un panel solar y\/o bater\u00edas.<\/p>\n<\/div>\n<h3><strong>ESPECIFICACI\u00d3N Y CARACTER\u00cdSTICAS<\/strong><\/h3>\n<ul>\n<li>Chip Principal: INA219B<\/li>\n<li>Voltaje de Alimentaci\u00f3n: 3V a 5V<\/li>\n<li>Rango de medici\u00f3n\n<ul>\n<li>Voltaje: 0 a 26 V<\/li>\n<li>Corriente: 0 a 3.2 A<\/li>\n<li>Resoluci\u00f3n: \u00a0\u00b1 0.8mA.<\/li>\n<li>Potencia: 0 a 83.2 W<\/li>\n<\/ul>\n<\/li>\n<li>Dimensiones: 22.86 mm x 20.32 mm<\/li>\n<li>0,1 ohmios 1% 2W resistencia de detecci\u00f3n de corriente.<\/li>\n<li>Comunicaci\u00f3n:\u00a0 I2C direcciones 0x40 7 bits, 0x41, 0x44, 0x45, seleccionables mediante puentes en la placa.<\/li>\n<li>ADC: 12 bits<\/li>\n<li>Peso: 4 g<\/li>\n<\/ul>\n","protected":false},"excerpt":{"rendered":"<p>INFORMACI\u00d3N\u00a0 El m\u00f3dulo de sensor de corriente INA219 es un m\u00f3dulo de monitoreo de corriente \/ potencia bidireccional basado en interfaz I2C. Puede detectar voltaje, corriente y potencia de derivaci\u00f3n al mismo tiempo y enviar los datos a trav\u00e9s del protocolo I2C. Tiene 0.1 ohmios, una resistencia en derivaci\u00f3n al 1% para cumplir con los [&#8230;]\n","protected":false},"featured_media":4093,"comment_status":"closed","ping_status":"closed","template":"","meta":[],"product_brand":[],"product_cat":[204],"product_tag":[],"class_list":{"0":"post-2755","1":"product","2":"type-product","3":"status-publish","4":"has-post-thumbnail","6":"product_cat-voltaje-y-corriente","8":"first","9":"instock","10":"taxable","11":"shipping-taxable","12":"purchasable","13":"product-type-simple"},"jetpack_sharing_enabled":true,"_links":{"self":[{"href":"https:\/\/carrodeelectronica.com\/index.php?rest_route=\/wp\/v2\/product\/2755","targetHints":{"allow":["GET"]}}],"collection":[{"href":"https:\/\/carrodeelectronica.com\/index.php?rest_route=\/wp\/v2\/product"}],"about":[{"href":"https:\/\/carrodeelectronica.com\/index.php?rest_route=\/wp\/v2\/types\/product"}],"replies":[{"embeddable":true,"href":"https:\/\/carrodeelectronica.com\/index.php?rest_route=%2Fwp%2Fv2%2Fcomments&post=2755"}],"wp:featuredmedia":[{"embeddable":true,"href":"https:\/\/carrodeelectronica.com\/index.php?rest_route=\/wp\/v2\/media\/4093"}],"wp:attachment":[{"href":"https:\/\/carrodeelectronica.com\/index.php?rest_route=%2Fwp%2Fv2%2Fmedia&parent=2755"}],"wp:term":[{"taxonomy":"product_brand","embeddable":true,"href":"https:\/\/carrodeelectronica.com\/index.php?rest_route=%2Fwp%2Fv2%2Fproduct_brand&post=2755"},{"taxonomy":"product_cat","embeddable":true,"href":"https:\/\/carrodeelectronica.com\/index.php?rest_route=%2Fwp%2Fv2%2Fproduct_cat&post=2755"},{"taxonomy":"product_tag","embeddable":true,"href":"https:\/\/carrodeelectronica.com\/index.php?rest_route=%2Fwp%2Fv2%2Fproduct_tag&post=2755"}],"curies":[{"name":"wp","href":"https:\/\/api.w.org\/{rel}","templated":true}]}}