{"id":2530,"date":"2025-03-09T01:29:57","date_gmt":"2025-03-09T01:29:57","guid":{"rendered":"https:\/\/carrodeelectronica.com\/?post_type=product&#038;p=2530"},"modified":"2025-03-09T01:30:00","modified_gmt":"2025-03-09T01:30:00","slug":"modulo-mosfet-irf520-100v-9-6a-canal-n","status":"publish","type":"product","link":"https:\/\/carrodeelectronica.com\/?product=modulo-mosfet-irf520-100v-9-6a-canal-n","title":{"rendered":"MODULO MOSFET IRF520, 100V, 9.6A, CANAL N"},"content":{"rendered":"<p>Este m\u00f3dulo es una placa de conexi\u00f3n para un transistor mosfet IRF520, el cual controla la activaci\u00f3n digitalmente de\u00a0grandes cargas a trav\u00e9s de un microcontrolador como arduino o raspberry, es decir puede funcionar\u00a0como un interruptor.\u00a0Su aplicaci\u00f3n principal es el control de motores de CC para dise\u00f1os de rob\u00f3tica, aunque se puede usar para muchas otras aplicaciones que requieren activar grandes cargas de CC.<\/p>\n<p>Cuenta con un transistor IRF520 Mosfet de potencia\u00a0 de efecto de campo ( MOSFET ) semiconductor de \u00f3xido met\u00e1lico dise\u00f1ado para manejar niveles de potencia significativos. Utilizado en la mayor\u00eda de las fuentes de alimentaci\u00f3n, convertidores de CC a CC y controladores de motor de bajo voltaje. Conduce motores de CC para aplicaciones rob\u00f3ticas, y tambi\u00e9n se puede usar para controlar la mayor\u00eda de las cargas de CC de alta corriente.<\/p>\n<p><strong><em>ESPECIFICACIONES<\/em><\/strong><\/p>\n<ul>\n<li>Voltaje de alimentaci\u00f3n m\u00ednimo: 3.3 V<\/li>\n<li>Voltaje de alimentaci\u00f3n m\u00e1ximo: 5 V<\/li>\n<li>M\u00e1xima corriente soportada a la salida: &lt;5 A (a partir de 1 A el sistema debe estar equipado con un disipador de calor)<\/li>\n<li>Voltaje de salida m\u00ednimo: 0 V<\/li>\n<li>Voltaje de salida m\u00e1ximo: 24 V<\/li>\n<li>Potencia m\u00e1xima: 60 W (a partir de 10 W debe estar equipado con un disipador de calor)<\/li>\n<li>Polaridad del IRF520N: Canal-N<\/li>\n<li>Dimensiones m\u00f3dulo: 34 mm X 24 mm<\/li>\n<li>Modelo: OKY3458<\/li>\n<\/ul>\n","protected":false},"excerpt":{"rendered":"<p>Este m\u00f3dulo es una placa de conexi\u00f3n para un transistor mosfet IRF520, el cual controla la activaci\u00f3n digitalmente de\u00a0grandes cargas a trav\u00e9s de un microcontrolador como arduino o raspberry, es decir puede funcionar\u00a0como un interruptor.\u00a0Su aplicaci\u00f3n principal es el control de motores de CC para dise\u00f1os de rob\u00f3tica, aunque se puede usar para muchas otras [&#8230;]\n","protected":false},"featured_media":0,"comment_status":"closed","ping_status":"closed","template":"","meta":[],"product_brand":[],"product_cat":[139,166],"product_tag":[],"class_list":{"0":"post-2530","1":"product","2":"type-product","3":"status-publish","5":"product_cat-mosfet","6":"product_cat-varios","8":"first","9":"instock","10":"featured","11":"taxable","12":"shipping-taxable","13":"purchasable","14":"product-type-simple"},"jetpack_sharing_enabled":true,"_links":{"self":[{"href":"https:\/\/carrodeelectronica.com\/index.php?rest_route=\/wp\/v2\/product\/2530","targetHints":{"allow":["GET"]}}],"collection":[{"href":"https:\/\/carrodeelectronica.com\/index.php?rest_route=\/wp\/v2\/product"}],"about":[{"href":"https:\/\/carrodeelectronica.com\/index.php?rest_route=\/wp\/v2\/types\/product"}],"replies":[{"embeddable":true,"href":"https:\/\/carrodeelectronica.com\/index.php?rest_route=%2Fwp%2Fv2%2Fcomments&post=2530"}],"wp:attachment":[{"href":"https:\/\/carrodeelectronica.com\/index.php?rest_route=%2Fwp%2Fv2%2Fmedia&parent=2530"}],"wp:term":[{"taxonomy":"product_brand","embeddable":true,"href":"https:\/\/carrodeelectronica.com\/index.php?rest_route=%2Fwp%2Fv2%2Fproduct_brand&post=2530"},{"taxonomy":"product_cat","embeddable":true,"href":"https:\/\/carrodeelectronica.com\/index.php?rest_route=%2Fwp%2Fv2%2Fproduct_cat&post=2530"},{"taxonomy":"product_tag","embeddable":true,"href":"https:\/\/carrodeelectronica.com\/index.php?rest_route=%2Fwp%2Fv2%2Fproduct_tag&post=2530"}],"curies":[{"name":"wp","href":"https:\/\/api.w.org\/{rel}","templated":true}]}}