{"id":2472,"date":"2025-03-09T01:29:38","date_gmt":"2025-03-09T01:29:38","guid":{"rendered":"https:\/\/carrodeelectronica.com\/?post_type=product&#038;p=2472"},"modified":"2025-03-31T17:31:52","modified_gmt":"2025-03-31T17:31:52","slug":"modulo-interruptor-magnetico-ky-021","status":"publish","type":"product","link":"https:\/\/carrodeelectronica.com\/?product=modulo-interruptor-magnetico-ky-021","title":{"rendered":"MODULO INTERRUPTOR MAGNETICO KY-021"},"content":{"rendered":"<table>\n<tbody>\n<tr>\n<td>El m\u00f3dulo KY-021 es un sensor interruptor magn\u00e9tico que te permitir\u00e1 detectar campos magn\u00e9ticos de una forma r\u00e1pida, f\u00e1cil y eficiente, por medio de su mini l\u00e1mina magn\u00e9tica que viene incorporada al modulo. Esta l\u00e1mina magn\u00e9tica se encuentra com\u00fanmente abierta (CA) y al detectar un campo magn\u00e9tico se cierra, permitiendo el paso del voltaje.<\/p>\n<p><strong><em>ESPECIFICACIONES<\/em><\/strong><\/p>\n<ul>\n<li>Tipo: Sensor Interruptor Magn\u00e9tico<\/li>\n<li>Numero de modelo: KY-021<\/li>\n<li>Voltaje de funcionamiento: 3.3 V a 5 V<\/li>\n<li>Tipo de salida: Digital<\/li>\n<li>Dimensiones: 21 mm x 15 mm x 9 mm<\/li>\n<li>Peso: 2 g<\/li>\n<\/ul>\n<\/td>\n<\/tr>\n<\/tbody>\n<\/table>\n","protected":false},"excerpt":{"rendered":"<p>El m\u00f3dulo KY-021 es un sensor interruptor magn\u00e9tico que te permitir\u00e1 detectar campos magn\u00e9ticos de una forma r\u00e1pida, f\u00e1cil y eficiente, por medio de su mini l\u00e1mina magn\u00e9tica que viene incorporada al modulo. Esta l\u00e1mina magn\u00e9tica se encuentra com\u00fanmente abierta (CA) y al detectar un campo magn\u00e9tico se cierra, permitiendo el paso del voltaje. ESPECIFICACIONES [&#8230;]\n","protected":false},"featured_media":3862,"comment_status":"open","ping_status":"closed","template":"","meta":[],"product_brand":[],"product_cat":[173],"product_tag":[],"class_list":{"0":"post-2472","1":"product","2":"type-product","3":"status-publish","4":"has-post-thumbnail","6":"product_cat-deteccion-y-proximidad","8":"first","9":"instock","10":"taxable","11":"shipping-taxable","12":"purchasable","13":"product-type-simple"},"jetpack_sharing_enabled":true,"_links":{"self":[{"href":"https:\/\/carrodeelectronica.com\/index.php?rest_route=\/wp\/v2\/product\/2472","targetHints":{"allow":["GET"]}}],"collection":[{"href":"https:\/\/carrodeelectronica.com\/index.php?rest_route=\/wp\/v2\/product"}],"about":[{"href":"https:\/\/carrodeelectronica.com\/index.php?rest_route=\/wp\/v2\/types\/product"}],"replies":[{"embeddable":true,"href":"https:\/\/carrodeelectronica.com\/index.php?rest_route=%2Fwp%2Fv2%2Fcomments&post=2472"}],"wp:featuredmedia":[{"embeddable":true,"href":"https:\/\/carrodeelectronica.com\/index.php?rest_route=\/wp\/v2\/media\/3862"}],"wp:attachment":[{"href":"https:\/\/carrodeelectronica.com\/index.php?rest_route=%2Fwp%2Fv2%2Fmedia&parent=2472"}],"wp:term":[{"taxonomy":"product_brand","embeddable":true,"href":"https:\/\/carrodeelectronica.com\/index.php?rest_route=%2Fwp%2Fv2%2Fproduct_brand&post=2472"},{"taxonomy":"product_cat","embeddable":true,"href":"https:\/\/carrodeelectronica.com\/index.php?rest_route=%2Fwp%2Fv2%2Fproduct_cat&post=2472"},{"taxonomy":"product_tag","embeddable":true,"href":"https:\/\/carrodeelectronica.com\/index.php?rest_route=%2Fwp%2Fv2%2Fproduct_tag&post=2472"}],"curies":[{"name":"wp","href":"https:\/\/api.w.org\/{rel}","templated":true}]}}