{"id":2402,"date":"2025-03-09T01:29:09","date_gmt":"2025-03-09T01:29:09","guid":{"rendered":"https:\/\/carrodeelectronica.com\/?post_type=product&#038;p=2402"},"modified":"2025-04-10T17:16:31","modified_gmt":"2025-04-10T17:16:31","slug":"sensor-de-inclinacion-de-mercurio-ky-017","status":"publish","type":"product","link":"https:\/\/carrodeelectronica.com\/?product=sensor-de-inclinacion-de-mercurio-ky-017","title":{"rendered":"SENSOR DE INCLINACION DE MERCURIO KY-017"},"content":{"rendered":"<table>\n<tbody>\n<tr>\n<td>El\u00a0Sensor Interruptor Mercurio M\u00f3dulo KY-017 es un m\u00f3dulo que te permitir\u00e1 detectar la inclinaci\u00f3n de un objeto para que puedas generar una acci\u00f3n de control, es una buena alternativa de bajo costo para remplazar un\u00a0aceler\u00f3metro de 6 ejes<strong>.<\/strong><\/p>\n<p>El KY-017 es el precursor de los ahora llamados aceler\u00f3metros utilizados en los dispositivos m\u00f3viles como celulares inteligentes y tabletas. Cuando se ajusta o situada estrat\u00e9gicamente, puede ser muy sensible. Son \u00fatiles para nivelar sistemas.<\/p>\n<p><strong><em>ESPECIFICACIONES<\/em><\/strong><\/p>\n<ul>\n<li>Voltaje de funcionamiento: 3.3 Volts\u00a0 a 5 Volts<\/li>\n<li>Interruptor digital salida:\u00a0 0 y 1<\/li>\n<li>Dimensiones: 26 mm x 15 mm x 9 mm<\/li>\n<li>Bajo consumo de energ\u00eda<\/li>\n<li>Peso: 2 g<\/li>\n<\/ul>\n<\/td>\n<\/tr>\n<\/tbody>\n<\/table>\n","protected":false},"excerpt":{"rendered":"<p>El\u00a0Sensor Interruptor Mercurio M\u00f3dulo KY-017 es un m\u00f3dulo que te permitir\u00e1 detectar la inclinaci\u00f3n de un objeto para que puedas generar una acci\u00f3n de control, es una buena alternativa de bajo costo para remplazar un\u00a0aceler\u00f3metro de 6 ejes. El KY-017 es el precursor de los ahora llamados aceler\u00f3metros utilizados en los dispositivos m\u00f3viles como celulares [&#8230;]\n","protected":false},"featured_media":4140,"comment_status":"open","ping_status":"closed","template":"","meta":[],"product_brand":[],"product_cat":[173],"product_tag":[],"class_list":{"0":"post-2402","1":"product","2":"type-product","3":"status-publish","4":"has-post-thumbnail","6":"product_cat-deteccion-y-proximidad","8":"first","9":"instock","10":"featured","11":"taxable","12":"shipping-taxable","13":"purchasable","14":"product-type-simple"},"jetpack_sharing_enabled":true,"_links":{"self":[{"href":"https:\/\/carrodeelectronica.com\/index.php?rest_route=\/wp\/v2\/product\/2402","targetHints":{"allow":["GET"]}}],"collection":[{"href":"https:\/\/carrodeelectronica.com\/index.php?rest_route=\/wp\/v2\/product"}],"about":[{"href":"https:\/\/carrodeelectronica.com\/index.php?rest_route=\/wp\/v2\/types\/product"}],"replies":[{"embeddable":true,"href":"https:\/\/carrodeelectronica.com\/index.php?rest_route=%2Fwp%2Fv2%2Fcomments&post=2402"}],"wp:featuredmedia":[{"embeddable":true,"href":"https:\/\/carrodeelectronica.com\/index.php?rest_route=\/wp\/v2\/media\/4140"}],"wp:attachment":[{"href":"https:\/\/carrodeelectronica.com\/index.php?rest_route=%2Fwp%2Fv2%2Fmedia&parent=2402"}],"wp:term":[{"taxonomy":"product_brand","embeddable":true,"href":"https:\/\/carrodeelectronica.com\/index.php?rest_route=%2Fwp%2Fv2%2Fproduct_brand&post=2402"},{"taxonomy":"product_cat","embeddable":true,"href":"https:\/\/carrodeelectronica.com\/index.php?rest_route=%2Fwp%2Fv2%2Fproduct_cat&post=2402"},{"taxonomy":"product_tag","embeddable":true,"href":"https:\/\/carrodeelectronica.com\/index.php?rest_route=%2Fwp%2Fv2%2Fproduct_tag&post=2402"}],"curies":[{"name":"wp","href":"https:\/\/api.w.org\/{rel}","templated":true}]}}