{"id":2390,"date":"2025-03-09T01:29:08","date_gmt":"2025-03-09T01:29:08","guid":{"rendered":"https:\/\/carrodeelectronica.com\/?post_type=product&#038;p=2390"},"modified":"2025-04-10T16:03:54","modified_gmt":"2025-04-10T16:03:54","slug":"sensor-de-distancia-sharp-2y0a02-20-150-cm","status":"publish","type":"product","link":"https:\/\/carrodeelectronica.com\/?product=sensor-de-distancia-sharp-2y0a02-20-150-cm","title":{"rendered":"SENSOR DE DISTANCIA SHARP 2Y0A02, 20-150 CM"},"content":{"rendered":"<table>\n<tbody>\n<tr>\n<td>Este dispositivo est\u00e1 constituido por un circuito de procesamiento de se\u00f1ales de tres partes. Como este sensor usa el m\u00e9todo de triangulaci\u00f3n, el material del objeto medido (detectado), la temperatura ambiente y el tiempo no afectan para nada la precisi\u00f3n de la medici\u00f3n del sensor, por lo que el valor de la tensi\u00f3n de salida de este corresponde a la distancia detectada sin ning\u00fan problema (muy bajo margen de error), haciendo de este dispositivo el ideal para aplicaciones de rob\u00f3tica como lo son la evasi\u00f3n de obst\u00e1culos y detecci\u00f3n de objetos.<\/p>\n<p><strong><em>ESPECIFICACIONES Y\u00a0<\/em><\/strong><strong><em>CARACTER\u00cdSTICAS<\/em><\/strong><\/p>\n<ul>\n<li>Distancia de medici\u00f3n: <strong>20cm a 150cm<\/strong>.<\/li>\n<li>Salida: Voltaje Anal\u00f3gico (1V-3.3V)<\/li>\n<li>Voltaje de alimentaci\u00f3n: 4.5V-5.5V DC.<\/li>\n<li>Consumo de corriente: 33mA.<\/li>\n<li>Conexi\u00f3n: Conector JST PH de 3 pines (cable con conector incluido)<\/li>\n<li>Dimensiones: 29.5*13*21.6 mm.<\/li>\n<\/ul>\n<\/td>\n<\/tr>\n<\/tbody>\n<\/table>\n","protected":false},"excerpt":{"rendered":"<p>Este dispositivo est\u00e1 constituido por un circuito de procesamiento de se\u00f1ales de tres partes. Como este sensor usa el m\u00e9todo de triangulaci\u00f3n, el material del objeto medido (detectado), la temperatura ambiente y el tiempo no afectan para nada la precisi\u00f3n de la medici\u00f3n del sensor, por lo que el valor de la tensi\u00f3n de salida [&#8230;]\n","protected":false},"featured_media":4113,"comment_status":"open","ping_status":"closed","template":"","meta":[],"product_brand":[],"product_cat":[173],"product_tag":[],"class_list":{"0":"post-2390","1":"product","2":"type-product","3":"status-publish","4":"has-post-thumbnail","6":"product_cat-deteccion-y-proximidad","8":"first","9":"instock","10":"taxable","11":"shipping-taxable","12":"purchasable","13":"product-type-simple"},"jetpack_sharing_enabled":true,"_links":{"self":[{"href":"https:\/\/carrodeelectronica.com\/index.php?rest_route=\/wp\/v2\/product\/2390","targetHints":{"allow":["GET"]}}],"collection":[{"href":"https:\/\/carrodeelectronica.com\/index.php?rest_route=\/wp\/v2\/product"}],"about":[{"href":"https:\/\/carrodeelectronica.com\/index.php?rest_route=\/wp\/v2\/types\/product"}],"replies":[{"embeddable":true,"href":"https:\/\/carrodeelectronica.com\/index.php?rest_route=%2Fwp%2Fv2%2Fcomments&post=2390"}],"wp:featuredmedia":[{"embeddable":true,"href":"https:\/\/carrodeelectronica.com\/index.php?rest_route=\/wp\/v2\/media\/4113"}],"wp:attachment":[{"href":"https:\/\/carrodeelectronica.com\/index.php?rest_route=%2Fwp%2Fv2%2Fmedia&parent=2390"}],"wp:term":[{"taxonomy":"product_brand","embeddable":true,"href":"https:\/\/carrodeelectronica.com\/index.php?rest_route=%2Fwp%2Fv2%2Fproduct_brand&post=2390"},{"taxonomy":"product_cat","embeddable":true,"href":"https:\/\/carrodeelectronica.com\/index.php?rest_route=%2Fwp%2Fv2%2Fproduct_cat&post=2390"},{"taxonomy":"product_tag","embeddable":true,"href":"https:\/\/carrodeelectronica.com\/index.php?rest_route=%2Fwp%2Fv2%2Fproduct_tag&post=2390"}],"curies":[{"name":"wp","href":"https:\/\/api.w.org\/{rel}","templated":true}]}}