{"id":2389,"date":"2025-03-09T01:29:08","date_gmt":"2025-03-09T01:29:08","guid":{"rendered":"https:\/\/carrodeelectronica.com\/?post_type=product&#038;p=2389"},"modified":"2025-03-31T17:21:07","modified_gmt":"2025-03-31T17:21:07","slug":"acelerometro-adxl335-gy-61-e-ejes","status":"publish","type":"product","link":"https:\/\/carrodeelectronica.com\/?product=acelerometro-adxl335-gy-61-e-ejes","title":{"rendered":"ACELEROMETRO ADXL335 GY-61, E EJES"},"content":{"rendered":"<p>El\u00a0ADXL335\u00a0de Analog Devices es un\u00a0aceler\u00f3metro\u00a0triaxial completo de bajo consumo que mide la aceleraci\u00f3n din\u00e1mica (movimiento, choque o vibraci\u00f3n) y la aceleraci\u00f3n est\u00e1tica (inclinaci\u00f3n o gravedad) en un rango de \u00b13 g con 0.3% de no linealidad y 0.01%\/\u00b0C de estabilidad de temperatura.<\/p>\n<p><strong><em>ESPECIFICACIONES\u00a0<\/em><\/strong><\/p>\n<ul>\n<li>Detecci\u00f3n de 3 ejes<\/li>\n<li>Paquete peque\u00f1o de bajo perfil: LFCSP de 4 mm x 4 mm x 1.45\u00a0mm<\/li>\n<li>Baja potencia: t\u00edpica de 350 \u00b5A<\/li>\n<li>Funcionamiento de alimentaci\u00f3n simple: 1.8\u00a0V a 3.6\u00a0V<\/li>\n<li>Supervivencia de choque de 10.000\u00a0<em>g<\/em><\/li>\n<li>Excelente estabilidad t\u00e9rmica<\/li>\n<li>Ajuste de BW con un solo capacitor\u00a0por eje<\/li>\n<li>Conforme a RoHS\/WEEE libre de plomo<\/li>\n<\/ul>\n","protected":false},"excerpt":{"rendered":"<p>El\u00a0ADXL335\u00a0de Analog Devices es un\u00a0aceler\u00f3metro\u00a0triaxial completo de bajo consumo que mide la aceleraci\u00f3n din\u00e1mica (movimiento, choque o vibraci\u00f3n) y la aceleraci\u00f3n est\u00e1tica (inclinaci\u00f3n o gravedad) en un rango de \u00b13 g con 0.3% de no linealidad y 0.01%\/\u00b0C de estabilidad de temperatura. ESPECIFICACIONES\u00a0 Detecci\u00f3n de 3 ejes Paquete peque\u00f1o de bajo perfil: LFCSP de 4 [&#8230;]\n","protected":false},"featured_media":3856,"comment_status":"closed","ping_status":"closed","template":"","meta":[],"product_brand":[],"product_cat":[195],"product_tag":[],"class_list":{"0":"post-2389","1":"product","2":"type-product","3":"status-publish","4":"has-post-thumbnail","6":"product_cat-acelerometro-y-giroscopio","8":"first","9":"instock","10":"taxable","11":"shipping-taxable","12":"purchasable","13":"product-type-simple"},"jetpack_sharing_enabled":true,"_links":{"self":[{"href":"https:\/\/carrodeelectronica.com\/index.php?rest_route=\/wp\/v2\/product\/2389","targetHints":{"allow":["GET"]}}],"collection":[{"href":"https:\/\/carrodeelectronica.com\/index.php?rest_route=\/wp\/v2\/product"}],"about":[{"href":"https:\/\/carrodeelectronica.com\/index.php?rest_route=\/wp\/v2\/types\/product"}],"replies":[{"embeddable":true,"href":"https:\/\/carrodeelectronica.com\/index.php?rest_route=%2Fwp%2Fv2%2Fcomments&post=2389"}],"wp:featuredmedia":[{"embeddable":true,"href":"https:\/\/carrodeelectronica.com\/index.php?rest_route=\/wp\/v2\/media\/3856"}],"wp:attachment":[{"href":"https:\/\/carrodeelectronica.com\/index.php?rest_route=%2Fwp%2Fv2%2Fmedia&parent=2389"}],"wp:term":[{"taxonomy":"product_brand","embeddable":true,"href":"https:\/\/carrodeelectronica.com\/index.php?rest_route=%2Fwp%2Fv2%2Fproduct_brand&post=2389"},{"taxonomy":"product_cat","embeddable":true,"href":"https:\/\/carrodeelectronica.com\/index.php?rest_route=%2Fwp%2Fv2%2Fproduct_cat&post=2389"},{"taxonomy":"product_tag","embeddable":true,"href":"https:\/\/carrodeelectronica.com\/index.php?rest_route=%2Fwp%2Fv2%2Fproduct_tag&post=2389"}],"curies":[{"name":"wp","href":"https:\/\/api.w.org\/{rel}","templated":true}]}}