{"id":1888,"date":"2025-03-09T01:26:30","date_gmt":"2025-03-09T01:26:30","guid":{"rendered":"https:\/\/carrodeelectronica.com\/?post_type=product&#038;p=1888"},"modified":"2025-03-09T01:26:33","modified_gmt":"2025-03-09T01:26:33","slug":"tiristor-c106","status":"publish","type":"product","link":"https:\/\/carrodeelectronica.com\/?product=tiristor-c106","title":{"rendered":"TIRISTOR C106"},"content":{"rendered":"<p style=\"text-align: justify; background: white; margin: 0cm 0cm 15.6pt 0cm;\"><span style=\"color: black;\">El C106MG SCR es un tiristor de<strong> tipo PNP<\/strong>, est\u00e1 cubierto por un encapsulado de pl\u00e1stico negro de tipo TO-225 y tiene tres terminales de conexi\u00f3n, \u00e1nodo (A), c\u00e1todo (K) y compuerta (G).\u00a0<\/span><\/p>\n<p style=\"text-align: justify; background: white; margin: 0cm 0cm 15.6pt 0cm;\"><span style=\"color: black;\">El\u00a0 SCR puede trabajar en corriente continua o en corriente alterna y empieza a conductor de \u00e1nodo al c\u00e1todo en cuanto se aplique el voltaje m\u00ednimo de disparo\u00a0 de 400mV en la terminal de compuerta (G)\u00a0 y continua aunque esta sea retirada, hasta que se interrumpa de manera externa la corriente que fluye de \u00e1nodo a c\u00e1todo.<\/span><\/p>\n<p style=\"text-align: justify; background: white; margin: 0cm 0cm 15.6pt 0cm;\"><span style=\"color: black;\">La aplicaci\u00f3n m\u00e1s com\u00fan de un tiristor SCR es en electr\u00f3nica de potencia como interruptor electr\u00f3nico, se\u00f1al de disparo o dispositivo de enclavamiento para circuitos de potencia de CD o CA, para controlar variables como temperatura, iluminaci\u00f3n, velocidad, control de proceso o control remoto.<\/span><\/p>\n<p><em><strong>ESPECIFICACIONES<\/strong><\/em><\/p>\n<ul>\n<li>Tipo de Tiristor: SCR<\/li>\n<li>Serie: C106MG<\/li>\n<li>Encapsulado: TO-225<\/li>\n<li>Pines: 3<\/li>\n<li>Voltaje m\u00e1ximo: 600 V<\/li>\n<li>Corriente m\u00e1xima: 4.0 A<\/li>\n<li>Altura: 10.9 mm<\/li>\n<li>Longitud: 7.7 mm<\/li>\n<li>Ancho: 2.5 mm<\/li>\n<li>Voltaje de disparo de compuerta (m\u00e1x): 800 mV<\/li>\n<li>Voltaje de disparo de compuerta (min): 400 mV<\/li>\n<li>Corriente de disparo de compuerta en DC (m\u00e1x): 200 \u00b5A<\/li>\n<li>Temperatura de funcionamiento (m\u00e1x): 110\u00b0<\/li>\n<li>Temperatura de funcionamiento (m\u00edn): -40\u00b0C<\/li>\n<\/ul>\n","protected":false},"excerpt":{"rendered":"<p>El C106MG SCR es un tiristor de tipo PNP, est\u00e1 cubierto por un encapsulado de pl\u00e1stico negro de tipo TO-225 y tiene tres terminales de conexi\u00f3n, \u00e1nodo (A), c\u00e1todo (K) y compuerta (G).\u00a0 El\u00a0 SCR puede trabajar en corriente continua o en corriente alterna y empieza a conductor de \u00e1nodo al c\u00e1todo en cuanto se [&#8230;]\n","protected":false},"featured_media":0,"comment_status":"closed","ping_status":"closed","template":"","meta":[],"product_brand":[],"product_cat":[218],"product_tag":[],"class_list":{"0":"post-1888","1":"product","2":"type-product","3":"status-publish","5":"product_cat-transistores","7":"first","8":"instock","9":"taxable","10":"shipping-taxable","11":"purchasable","12":"product-type-simple"},"jetpack_sharing_enabled":true,"_links":{"self":[{"href":"https:\/\/carrodeelectronica.com\/index.php?rest_route=\/wp\/v2\/product\/1888","targetHints":{"allow":["GET"]}}],"collection":[{"href":"https:\/\/carrodeelectronica.com\/index.php?rest_route=\/wp\/v2\/product"}],"about":[{"href":"https:\/\/carrodeelectronica.com\/index.php?rest_route=\/wp\/v2\/types\/product"}],"replies":[{"embeddable":true,"href":"https:\/\/carrodeelectronica.com\/index.php?rest_route=%2Fwp%2Fv2%2Fcomments&post=1888"}],"wp:attachment":[{"href":"https:\/\/carrodeelectronica.com\/index.php?rest_route=%2Fwp%2Fv2%2Fmedia&parent=1888"}],"wp:term":[{"taxonomy":"product_brand","embeddable":true,"href":"https:\/\/carrodeelectronica.com\/index.php?rest_route=%2Fwp%2Fv2%2Fproduct_brand&post=1888"},{"taxonomy":"product_cat","embeddable":true,"href":"https:\/\/carrodeelectronica.com\/index.php?rest_route=%2Fwp%2Fv2%2Fproduct_cat&post=1888"},{"taxonomy":"product_tag","embeddable":true,"href":"https:\/\/carrodeelectronica.com\/index.php?rest_route=%2Fwp%2Fv2%2Fproduct_tag&post=1888"}],"curies":[{"name":"wp","href":"https:\/\/api.w.org\/{rel}","templated":true}]}}