{"id":1878,"date":"2025-03-09T01:26:29","date_gmt":"2025-03-09T01:26:29","guid":{"rendered":"https:\/\/carrodeelectronica.com\/?post_type=product&#038;p=1878"},"modified":"2025-04-10T16:11:55","modified_gmt":"2025-04-10T16:11:55","slug":"sensor-de-nivel-flotador-vertical","status":"publish","type":"product","link":"https:\/\/carrodeelectronica.com\/?product=sensor-de-nivel-flotador-vertical","title":{"rendered":"SENSOR DE NIVEL FLOTADOR VERTICAL"},"content":{"rendered":"<div align=\"justify\">\n<h4><strong>\u00bfQu\u00e9 es el Sensor de Nivel?<\/strong><\/h4>\n<p>El Sensor de Nivel Vertical es un dispositivo electromec\u00e1nico que permite detectar el nivel de agua, act\u00faa como un switch o interruptor que cambia de estado cuando el nivel de agua alcanza la pieza m\u00f3vil del sensor y cuando se baja densidad se correr\u00e1 seg\u00fan la altura del agua.<\/p>\n<h4><strong>\u00bfD\u00f3nde se utiliza el sensor de nivel?<\/strong><\/h4>\n<p>Este sensor es utilizado para medir el nivel de l\u00edquido dentro de un tanque, el sensor puede activar una bomba, una alarma u otros dispositivos. Es utilizado en peceras, aires acondicionados, tanques de agua, y otras m\u00e1s aplicaciones, donde se requiera controlar el nivel de l\u00edquido.<\/p>\n<\/div>\n<hr \/>\n<h3><strong>ESPECIFICACIONES Y CARACTER\u00cdSTICAS<\/strong><\/h3>\n<ul>\n<li>Tipo: Sensor de nivel<\/li>\n<li>Modelo: MD-5210P<\/li>\n<li>Funci\u00f3n: Se comporta de forma similar a un switch o interruptor<\/li>\n<li>Dimensiones: 68 mm x 24 mm<\/li>\n<li>Voltaje de operaci\u00f3n: 0-100 V<\/li>\n<li>Corriente de operaci\u00f3n: 0.5 A<\/li>\n<li>Potencia m\u00e1xima: 10W<\/li>\n<li>Resistencia de contacto: 100 M\u03a9<\/li>\n<li>Temperatura de funcionamiento: -10\u00b0C a 60 \u00b0C<\/li>\n<li>Posici\u00f3n de uso: Vertical<\/li>\n<\/ul>\n","protected":false},"excerpt":{"rendered":"<p>\u00bfQu\u00e9 es el Sensor de Nivel? El Sensor de Nivel Vertical es un dispositivo electromec\u00e1nico que permite detectar el nivel de agua, act\u00faa como un switch o interruptor que cambia de estado cuando el nivel de agua alcanza la pieza m\u00f3vil del sensor y cuando se baja densidad se correr\u00e1 seg\u00fan la altura del agua. [&#8230;]\n","protected":false},"featured_media":4115,"comment_status":"open","ping_status":"closed","template":"","meta":[],"product_brand":[],"product_cat":[283],"product_tag":[],"class_list":{"0":"post-1878","1":"product","2":"type-product","3":"status-publish","4":"has-post-thumbnail","6":"product_cat-liquidos","8":"first","9":"instock","10":"taxable","11":"shipping-taxable","12":"purchasable","13":"product-type-simple"},"jetpack_sharing_enabled":true,"_links":{"self":[{"href":"https:\/\/carrodeelectronica.com\/index.php?rest_route=\/wp\/v2\/product\/1878","targetHints":{"allow":["GET"]}}],"collection":[{"href":"https:\/\/carrodeelectronica.com\/index.php?rest_route=\/wp\/v2\/product"}],"about":[{"href":"https:\/\/carrodeelectronica.com\/index.php?rest_route=\/wp\/v2\/types\/product"}],"replies":[{"embeddable":true,"href":"https:\/\/carrodeelectronica.com\/index.php?rest_route=%2Fwp%2Fv2%2Fcomments&post=1878"}],"wp:featuredmedia":[{"embeddable":true,"href":"https:\/\/carrodeelectronica.com\/index.php?rest_route=\/wp\/v2\/media\/4115"}],"wp:attachment":[{"href":"https:\/\/carrodeelectronica.com\/index.php?rest_route=%2Fwp%2Fv2%2Fmedia&parent=1878"}],"wp:term":[{"taxonomy":"product_brand","embeddable":true,"href":"https:\/\/carrodeelectronica.com\/index.php?rest_route=%2Fwp%2Fv2%2Fproduct_brand&post=1878"},{"taxonomy":"product_cat","embeddable":true,"href":"https:\/\/carrodeelectronica.com\/index.php?rest_route=%2Fwp%2Fv2%2Fproduct_cat&post=1878"},{"taxonomy":"product_tag","embeddable":true,"href":"https:\/\/carrodeelectronica.com\/index.php?rest_route=%2Fwp%2Fv2%2Fproduct_tag&post=1878"}],"curies":[{"name":"wp","href":"https:\/\/api.w.org\/{rel}","templated":true}]}}