{"id":1873,"date":"2025-03-09T01:26:28","date_gmt":"2025-03-09T01:26:28","guid":{"rendered":"https:\/\/carrodeelectronica.com\/?post_type=product&#038;p=1873"},"modified":"2025-03-09T01:26:31","modified_gmt":"2025-03-09T01:26:31","slug":"transistor-tip41c","status":"publish","type":"product","link":"https:\/\/carrodeelectronica.com\/?product=transistor-tip41c","title":{"rendered":"TRANSISTOR TIP41C"},"content":{"rendered":"<p>El Transistor BJT de uso general disponible con encapsulado de pl\u00e1stico TO-220. Son de tipo bipolar de prop\u00f3sito general son de muy alto desempe\u00f1o, algunas de sus aplicaciones m\u00e1s comunes son: audio, procesamiento de se\u00f1al, administraci\u00f3n de potencia, dispositivos port\u00e1tiles, electr\u00f3nica de consumo y conmutaci\u00f3n r\u00e1pida.<\/p>\n<p><strong><em>ESPECIFICACIONES Y CARACTER\u00cdSTICAS<\/em><\/strong><\/p>\n<ul>\n<li>Tipo de Transistor: NPN<\/li>\n<li>Encapsulado: TO-220-3<\/li>\n<li>N\u00famero de Pines: 3<\/li>\n<li>Dimensiones: 28.9 mm x 10 mm x 4.4 mm<\/li>\n<li>Peso: 2g<\/li>\n<li>Corriente de colector de CC: 6 A (m\u00e1xima)<\/li>\n<li>Corriente de la base: 2 A<\/li>\n<li>Voltaje de colector-Emisor (VCEO): 100 V<\/li>\n<li>Voltaje de emisor-Base(VEBO ): + 5 V<\/li>\n<li>Voltaje de colector-Base (VCBO ): 100 V<\/li>\n<li>Voltaje de saturaci\u00f3n del colector-emisor: 1.5 V<\/li>\n<li>Disipaci\u00f3n de la potencia:\u00a0 65 W<\/li>\n<li>Ganancia de corriente continua (hFE) : 15hFE<\/li>\n<li>Frecuencia m\u00ednima de Funcionamiento: 3 MHz<\/li>\n<\/ul>\n","protected":false},"excerpt":{"rendered":"<p>El Transistor BJT de uso general disponible con encapsulado de pl\u00e1stico TO-220. Son de tipo bipolar de prop\u00f3sito general son de muy alto desempe\u00f1o, algunas de sus aplicaciones m\u00e1s comunes son: audio, procesamiento de se\u00f1al, administraci\u00f3n de potencia, dispositivos port\u00e1tiles, electr\u00f3nica de consumo y conmutaci\u00f3n r\u00e1pida. ESPECIFICACIONES Y CARACTER\u00cdSTICAS Tipo de Transistor: NPN Encapsulado: TO-220-3 [&#8230;]\n","protected":false},"featured_media":0,"comment_status":"closed","ping_status":"closed","template":"","meta":[],"product_brand":[],"product_cat":[218],"product_tag":[],"class_list":{"0":"post-1873","1":"product","2":"type-product","3":"status-publish","5":"product_cat-transistores","7":"first","8":"instock","9":"taxable","10":"shipping-taxable","11":"purchasable","12":"product-type-simple"},"jetpack_sharing_enabled":true,"_links":{"self":[{"href":"https:\/\/carrodeelectronica.com\/index.php?rest_route=\/wp\/v2\/product\/1873","targetHints":{"allow":["GET"]}}],"collection":[{"href":"https:\/\/carrodeelectronica.com\/index.php?rest_route=\/wp\/v2\/product"}],"about":[{"href":"https:\/\/carrodeelectronica.com\/index.php?rest_route=\/wp\/v2\/types\/product"}],"replies":[{"embeddable":true,"href":"https:\/\/carrodeelectronica.com\/index.php?rest_route=%2Fwp%2Fv2%2Fcomments&post=1873"}],"wp:attachment":[{"href":"https:\/\/carrodeelectronica.com\/index.php?rest_route=%2Fwp%2Fv2%2Fmedia&parent=1873"}],"wp:term":[{"taxonomy":"product_brand","embeddable":true,"href":"https:\/\/carrodeelectronica.com\/index.php?rest_route=%2Fwp%2Fv2%2Fproduct_brand&post=1873"},{"taxonomy":"product_cat","embeddable":true,"href":"https:\/\/carrodeelectronica.com\/index.php?rest_route=%2Fwp%2Fv2%2Fproduct_cat&post=1873"},{"taxonomy":"product_tag","embeddable":true,"href":"https:\/\/carrodeelectronica.com\/index.php?rest_route=%2Fwp%2Fv2%2Fproduct_tag&post=1873"}],"curies":[{"name":"wp","href":"https:\/\/api.w.org\/{rel}","templated":true}]}}