{"id":1777,"date":"2025-03-09T01:26:00","date_gmt":"2025-03-09T01:26:00","guid":{"rendered":"https:\/\/carrodeelectronica.com\/?post_type=product&#038;p=1777"},"modified":"2025-07-08T19:37:30","modified_gmt":"2025-07-08T19:37:30","slug":"caja-para-arduino-uno-r3","status":"publish","type":"product","link":"https:\/\/carrodeelectronica.com\/?product=caja-para-arduino-uno-r3","title":{"rendered":"CAJA PARA ARDUINO UNO R3"},"content":{"rendered":"","protected":false},"excerpt":{"rendered":"<p style=\"text-align: left;\">La caja para Arduino es el recinto perfecto para cualquier proyecto Arduino. La caja est\u00e1 particularmente bien adaptada para su uso con el Arduino Uno con el shield montado en la parte superior. Gracias a esta peque\u00f1a carcasa transparente especialmente dise\u00f1ada para Arduino Uno, puedes montar f\u00e1cilmente tus shields. Muy f\u00e1cil de usar, todo lo que tiene que hacer es a\u00f1adir los componentes necesarios para aprovechar al m\u00e1ximo su nueva configuraci\u00f3n.<\/p>\n<ul>\n<li>Acceso f\u00e1cil a las conexiones<\/li>\n<li>Fabricada en acr\u00edlico<\/li>\n<li>Para Arduino Uno DIP<\/li>\n<\/ul>\n","protected":false},"featured_media":4204,"comment_status":"closed","ping_status":"closed","template":"","meta":[],"product_brand":[],"product_cat":[144,81],"product_tag":[],"class_list":{"0":"post-1777","1":"product","2":"type-product","3":"status-publish","4":"has-post-thumbnail","6":"product_cat-arduino-generico","7":"product_cat-proyectos","9":"first","10":"instock","11":"taxable","12":"shipping-taxable","13":"purchasable","14":"product-type-simple"},"jetpack_sharing_enabled":true,"_links":{"self":[{"href":"https:\/\/carrodeelectronica.com\/index.php?rest_route=\/wp\/v2\/product\/1777","targetHints":{"allow":["GET"]}}],"collection":[{"href":"https:\/\/carrodeelectronica.com\/index.php?rest_route=\/wp\/v2\/product"}],"about":[{"href":"https:\/\/carrodeelectronica.com\/index.php?rest_route=\/wp\/v2\/types\/product"}],"replies":[{"embeddable":true,"href":"https:\/\/carrodeelectronica.com\/index.php?rest_route=%2Fwp%2Fv2%2Fcomments&post=1777"}],"wp:featuredmedia":[{"embeddable":true,"href":"https:\/\/carrodeelectronica.com\/index.php?rest_route=\/wp\/v2\/media\/4204"}],"wp:attachment":[{"href":"https:\/\/carrodeelectronica.com\/index.php?rest_route=%2Fwp%2Fv2%2Fmedia&parent=1777"}],"wp:term":[{"taxonomy":"product_brand","embeddable":true,"href":"https:\/\/carrodeelectronica.com\/index.php?rest_route=%2Fwp%2Fv2%2Fproduct_brand&post=1777"},{"taxonomy":"product_cat","embeddable":true,"href":"https:\/\/carrodeelectronica.com\/index.php?rest_route=%2Fwp%2Fv2%2Fproduct_cat&post=1777"},{"taxonomy":"product_tag","embeddable":true,"href":"https:\/\/carrodeelectronica.com\/index.php?rest_route=%2Fwp%2Fv2%2Fproduct_tag&post=1777"}],"curies":[{"name":"wp","href":"https:\/\/api.w.org\/{rel}","templated":true}]}}