{"id":1710,"date":"2025-03-09T01:25:34","date_gmt":"2025-03-09T01:25:34","guid":{"rendered":"https:\/\/carrodeelectronica.com\/?post_type=product&#038;p=1710"},"modified":"2025-03-09T01:25:36","modified_gmt":"2025-03-09T01:25:36","slug":"mosfet-irfz44n-55v-49a-canal-n","status":"publish","type":"product","link":"https:\/\/carrodeelectronica.com\/?product=mosfet-irfz44n-55v-49a-canal-n","title":{"rendered":"MOSFET IRFZ44N, 55V, 49A, CANAL N"},"content":{"rendered":"<p>El\u00a0IRFZ44N\u00a0es un transistor mosfet\u00a0\u00a0de potencia, de\u00a0<strong>canal\u00a0<\/strong><b>N, con<\/b> muy baja resistencia por unidad de superficie y con un rendimiento de conmutaci\u00f3n r\u00e1pida, este beneficio, en combinaci\u00f3n con la velocidad de conmutaci\u00f3n r\u00e1pida y el dise\u00f1o del dispositivo robusto que hexfet. Los mosfet de potencia son bien conocidos por ofrecer al dise\u00f1ador un dispositivo extremadamente eficiente y fiable para uso en una amplia variedad de aplicaciones.<\/p>\n<p><strong><em>ESPECIFICACIONES Y CARACTER\u00cdSTICAS<\/em><\/strong><\/p>\n<ul>\n<li>Polaridad de transistor: Canal N<\/li>\n<li>Voltaje de drenaje a fuente VDS: 55 V<\/li>\n<li>Voltaje de puerta a fuente VGS: \u00b120 V<\/li>\n<li>Voltaje de drenaje a puerta VDGR: 55 V<\/li>\n<li>Corriente continua de drenaje ID: 49 A<\/li>\n<li>Corriente de drenaje pulsada IDP: 160 A<\/li>\n<li>Corriente de avalancha IAR: 25 A<\/li>\n<li>Disipaci\u00f3n de potencia m\u00e1xima PD (Tc=25 \u00b0C): 94 W<\/li>\n<li>Temperatura de operaci\u00f3n m\u00ednima: -55 \u00b0C<\/li>\n<li>Temperatura de operaci\u00f3n m\u00e1xima: 175 \u00b0C<\/li>\n<li>Encapsulado: TO-220<\/li>\n<li>N\u00famero de pines: 3<\/li>\n<\/ul>\n","protected":false},"excerpt":{"rendered":"<p>El\u00a0IRFZ44N\u00a0es un transistor mosfet\u00a0\u00a0de potencia, de\u00a0canal\u00a0N, con muy baja resistencia por unidad de superficie y con un rendimiento de conmutaci\u00f3n r\u00e1pida, este beneficio, en combinaci\u00f3n con la velocidad de conmutaci\u00f3n r\u00e1pida y el dise\u00f1o del dispositivo robusto que hexfet. Los mosfet de potencia son bien conocidos por ofrecer al dise\u00f1ador un dispositivo extremadamente eficiente y [&#8230;]\n","protected":false},"featured_media":0,"comment_status":"closed","ping_status":"closed","template":"","meta":[],"product_brand":[],"product_cat":[139],"product_tag":[],"class_list":{"0":"post-1710","1":"product","2":"type-product","3":"status-publish","5":"product_cat-mosfet","7":"first","8":"instock","9":"taxable","10":"shipping-taxable","11":"purchasable","12":"product-type-simple"},"jetpack_sharing_enabled":true,"_links":{"self":[{"href":"https:\/\/carrodeelectronica.com\/index.php?rest_route=\/wp\/v2\/product\/1710","targetHints":{"allow":["GET"]}}],"collection":[{"href":"https:\/\/carrodeelectronica.com\/index.php?rest_route=\/wp\/v2\/product"}],"about":[{"href":"https:\/\/carrodeelectronica.com\/index.php?rest_route=\/wp\/v2\/types\/product"}],"replies":[{"embeddable":true,"href":"https:\/\/carrodeelectronica.com\/index.php?rest_route=%2Fwp%2Fv2%2Fcomments&post=1710"}],"wp:attachment":[{"href":"https:\/\/carrodeelectronica.com\/index.php?rest_route=%2Fwp%2Fv2%2Fmedia&parent=1710"}],"wp:term":[{"taxonomy":"product_brand","embeddable":true,"href":"https:\/\/carrodeelectronica.com\/index.php?rest_route=%2Fwp%2Fv2%2Fproduct_brand&post=1710"},{"taxonomy":"product_cat","embeddable":true,"href":"https:\/\/carrodeelectronica.com\/index.php?rest_route=%2Fwp%2Fv2%2Fproduct_cat&post=1710"},{"taxonomy":"product_tag","embeddable":true,"href":"https:\/\/carrodeelectronica.com\/index.php?rest_route=%2Fwp%2Fv2%2Fproduct_tag&post=1710"}],"curies":[{"name":"wp","href":"https:\/\/api.w.org\/{rel}","templated":true}]}}