{"id":1700,"date":"2025-03-09T01:25:33","date_gmt":"2025-03-09T01:25:33","guid":{"rendered":"https:\/\/carrodeelectronica.com\/?post_type=product&#038;p=1700"},"modified":"2025-03-09T01:25:36","modified_gmt":"2025-03-09T01:25:36","slug":"transistor-bc557","status":"publish","type":"product","link":"https:\/\/carrodeelectronica.com\/?product=transistor-bc557","title":{"rendered":"TRANSISTOR BC557"},"content":{"rendered":"<p>El transistor BC557B es de <strong>tipo PNP<\/strong> de estado s\u00f3lido de uni\u00f3n bipolar BJT. Este transistor es de prop\u00f3sito general. Cabe mencionar que existen cuatro tipos de transistores: BC556, BC557, BC558 y BC559. Cada tipo de transistor a su vez se subdivide en tres grupos: A, B y C. El tipo de transistor denota sus caracter\u00edsticas el\u00e9ctricas, mientras que el grupo indica la ganancia de corriente.<\/p>\n<p><strong><em>ESPECIFICACIONES Y CARACTER\u00cdSTICAS<\/em><\/strong><\/p>\n<ul>\n<li>Tipo de Transistor: PNP<\/li>\n<li>Serie: BC557B<\/li>\n<li>Encapsulado: TO-92-3<\/li>\n<li>Pines: 3<\/li>\n<li>Altura: 5.33 mm<\/li>\n<li>Longitud: 5.2 mm<\/li>\n<li>Ancho: 4.19 mm<\/li>\n<li>Peso de la unidad: 0.18 g<\/li>\n<li>Voltaje VEBO emisor-base: 5V<\/li>\n<li>Voltaje M\u00e1x. VCEO colector-emisor: -45V<\/li>\n<\/ul>\n","protected":false},"excerpt":{"rendered":"<p>El transistor BC557B es de tipo PNP de estado s\u00f3lido de uni\u00f3n bipolar BJT. Este transistor es de prop\u00f3sito general. Cabe mencionar que existen cuatro tipos de transistores: BC556, BC557, BC558 y BC559. Cada tipo de transistor a su vez se subdivide en tres grupos: A, B y C. El tipo de transistor denota sus [&#8230;]\n","protected":false},"featured_media":0,"comment_status":"open","ping_status":"closed","template":"","meta":[],"product_brand":[],"product_cat":[218],"product_tag":[],"class_list":{"0":"post-1700","1":"product","2":"type-product","3":"status-publish","5":"product_cat-transistores","7":"first","8":"instock","9":"taxable","10":"shipping-taxable","11":"purchasable","12":"product-type-simple"},"jetpack_sharing_enabled":true,"_links":{"self":[{"href":"https:\/\/carrodeelectronica.com\/index.php?rest_route=\/wp\/v2\/product\/1700","targetHints":{"allow":["GET"]}}],"collection":[{"href":"https:\/\/carrodeelectronica.com\/index.php?rest_route=\/wp\/v2\/product"}],"about":[{"href":"https:\/\/carrodeelectronica.com\/index.php?rest_route=\/wp\/v2\/types\/product"}],"replies":[{"embeddable":true,"href":"https:\/\/carrodeelectronica.com\/index.php?rest_route=%2Fwp%2Fv2%2Fcomments&post=1700"}],"wp:attachment":[{"href":"https:\/\/carrodeelectronica.com\/index.php?rest_route=%2Fwp%2Fv2%2Fmedia&parent=1700"}],"wp:term":[{"taxonomy":"product_brand","embeddable":true,"href":"https:\/\/carrodeelectronica.com\/index.php?rest_route=%2Fwp%2Fv2%2Fproduct_brand&post=1700"},{"taxonomy":"product_cat","embeddable":true,"href":"https:\/\/carrodeelectronica.com\/index.php?rest_route=%2Fwp%2Fv2%2Fproduct_cat&post=1700"},{"taxonomy":"product_tag","embeddable":true,"href":"https:\/\/carrodeelectronica.com\/index.php?rest_route=%2Fwp%2Fv2%2Fproduct_tag&post=1700"}],"curies":[{"name":"wp","href":"https:\/\/api.w.org\/{rel}","templated":true}]}}