{"id":1668,"date":"2025-03-09T01:25:22","date_gmt":"2025-03-09T01:25:22","guid":{"rendered":"https:\/\/carrodeelectronica.com\/?post_type=product&#038;p=1668"},"modified":"2025-10-03T21:33:40","modified_gmt":"2025-10-03T21:33:40","slug":"tarjeta-nodemcu-esp32-wifi-bluetooth-3-2","status":"publish","type":"product","link":"https:\/\/carrodeelectronica.com\/?product=tarjeta-nodemcu-esp32-wifi-bluetooth-3-2","title":{"rendered":"TARJETA NODEMCU ESP32 WIFI + BLUETOOTH 3.2"},"content":{"rendered":"<p>Es una herramienta muy potente para el prototipado r\u00e1pido de proyectos con IoT(Internet de la cosas). Integra en una placa el SoM ESP-WROOM-32 que tiene como base al SoC ESP32. Aplicado en Mini Servidores Web, Procesamiento digital, Webcams, C\u00e1mara IP, Rob\u00f3tica m\u00f3vil, Dom\u00f3tica y m\u00e1s.<\/p>\n<p>A nivel de conectividad permite utilizar diversos protocolos de comunicaci\u00f3n inal\u00e1mbrica como: WiFi, Bluetooth y BLE.<\/p>\n<p>La plataforma ESP32 permite el desarrollo de aplicaciones en diferentes lenguajes de programaci\u00f3n, frameworks, librer\u00edas y recursos diversos. Los m\u00e1s comunes a elegir son: Arduino(en lenguaje C++), MicroPython, LUA, Esp-idf(Espressif IoT Development Framework).<\/p>\n","protected":false},"excerpt":{"rendered":"<p>Es una herramienta muy potente para el prototipado r\u00e1pido de proyectos con IoT(Internet de la cosas). Integra en una placa el SoM ESP-WROOM-32 que tiene como base al SoC ESP32. Aplicado en Mini Servidores Web, Procesamiento digital, Webcams, C\u00e1mara IP, Rob\u00f3tica m\u00f3vil, Dom\u00f3tica y m\u00e1s. A nivel de conectividad permite utilizar diversos protocolos de comunicaci\u00f3n [&#8230;]\n","protected":false},"featured_media":4320,"comment_status":"closed","ping_status":"closed","template":"","meta":[],"product_brand":[],"product_cat":[144],"product_tag":[],"class_list":{"0":"post-1668","1":"product","2":"type-product","3":"status-publish","4":"has-post-thumbnail","6":"product_cat-arduino-generico","8":"first","9":"instock","10":"taxable","11":"shipping-taxable","12":"purchasable","13":"product-type-simple"},"jetpack_sharing_enabled":true,"_links":{"self":[{"href":"https:\/\/carrodeelectronica.com\/index.php?rest_route=\/wp\/v2\/product\/1668","targetHints":{"allow":["GET"]}}],"collection":[{"href":"https:\/\/carrodeelectronica.com\/index.php?rest_route=\/wp\/v2\/product"}],"about":[{"href":"https:\/\/carrodeelectronica.com\/index.php?rest_route=\/wp\/v2\/types\/product"}],"replies":[{"embeddable":true,"href":"https:\/\/carrodeelectronica.com\/index.php?rest_route=%2Fwp%2Fv2%2Fcomments&post=1668"}],"wp:featuredmedia":[{"embeddable":true,"href":"https:\/\/carrodeelectronica.com\/index.php?rest_route=\/wp\/v2\/media\/4320"}],"wp:attachment":[{"href":"https:\/\/carrodeelectronica.com\/index.php?rest_route=%2Fwp%2Fv2%2Fmedia&parent=1668"}],"wp:term":[{"taxonomy":"product_brand","embeddable":true,"href":"https:\/\/carrodeelectronica.com\/index.php?rest_route=%2Fwp%2Fv2%2Fproduct_brand&post=1668"},{"taxonomy":"product_cat","embeddable":true,"href":"https:\/\/carrodeelectronica.com\/index.php?rest_route=%2Fwp%2Fv2%2Fproduct_cat&post=1668"},{"taxonomy":"product_tag","embeddable":true,"href":"https:\/\/carrodeelectronica.com\/index.php?rest_route=%2Fwp%2Fv2%2Fproduct_tag&post=1668"}],"curies":[{"name":"wp","href":"https:\/\/api.w.org\/{rel}","templated":true}]}}