{"id":1661,"date":"2025-03-09T01:25:22","date_gmt":"2025-03-09T01:25:22","guid":{"rendered":"https:\/\/carrodeelectronica.com\/?post_type=product&#038;p=1661"},"modified":"2025-03-09T01:25:24","modified_gmt":"2025-03-09T01:25:24","slug":"transistor-2n3904","status":"publish","type":"product","link":"https:\/\/carrodeelectronica.com\/?product=transistor-2n3904","title":{"rendered":"TRANSISTOR 2N3904"},"content":{"rendered":"<p>Este transistor es de <strong>tipo NPN<\/strong>,\u00a0 est\u00e1 protegido por un encapsulado de pl\u00e1stico color negro conocido como TO-92 y cuenta con 3 pines que son base, colector y emisor, donde el emisor se encarga de emitir o inyectar electrones, la base permite transferir o pasar los electrones y el colector se encarga de colectar electrones.<\/p>\n<p>Este transistor es de prop\u00f3sito general y est\u00e1 dise\u00f1ado para aplicaciones lineales y de conmutaci\u00f3n, es utilizado com\u00fanmente como amplificador de media potencia.<\/p>\n<p><strong><em>ESPECIFICACIONES Y CARACTER\u00cdSTICAS\u00a0<\/em><\/strong><\/p>\n<ul>\n<li>Tipo de Transistor: NPN<\/li>\n<li>Serie: 2N3904<\/li>\n<li>Encapsulado: TO-92<\/li>\n<li>Pines: 3<\/li>\n<li>Altura: 18 mm<\/li>\n<li>Longitud: 4.19 mm<\/li>\n<li>Ancho: 3.45 mm<\/li>\n<li>Peso de la unidad: 0.18 g<\/li>\n<li>VCBO M\u00e1xima Colector-Base: 65 V<\/li>\n<li>Tensi\u00f3n VEBO M\u00e1xima Emisor-Base: 6 V<\/li>\n<li>Tensi\u00f3n M\u00e1xima Colector-Emisor: 40 V<\/li>\n<li>Corriente del Colector Ic: 200 mAdc<\/li>\n<li>Frecuencia M\u00e1xima de Funcionamiento: 300 MHz<\/li>\n<li>Temperatura de Funcionamiento M\u00e1xima: +150 \u00baC<\/li>\n<li>Temperatura M\u00ednima de Funcionamiento: -55 \u00b0C<\/li>\n<\/ul>\n","protected":false},"excerpt":{"rendered":"<p>Este transistor es de tipo NPN,\u00a0 est\u00e1 protegido por un encapsulado de pl\u00e1stico color negro conocido como TO-92 y cuenta con 3 pines que son base, colector y emisor, donde el emisor se encarga de emitir o inyectar electrones, la base permite transferir o pasar los electrones y el colector se encarga de colectar electrones. [&#8230;]\n","protected":false},"featured_media":0,"comment_status":"open","ping_status":"closed","template":"","meta":[],"product_brand":[],"product_cat":[218],"product_tag":[],"class_list":{"0":"post-1661","1":"product","2":"type-product","3":"status-publish","5":"product_cat-transistores","7":"first","8":"instock","9":"taxable","10":"shipping-taxable","11":"purchasable","12":"product-type-simple"},"jetpack_sharing_enabled":true,"_links":{"self":[{"href":"https:\/\/carrodeelectronica.com\/index.php?rest_route=\/wp\/v2\/product\/1661","targetHints":{"allow":["GET"]}}],"collection":[{"href":"https:\/\/carrodeelectronica.com\/index.php?rest_route=\/wp\/v2\/product"}],"about":[{"href":"https:\/\/carrodeelectronica.com\/index.php?rest_route=\/wp\/v2\/types\/product"}],"replies":[{"embeddable":true,"href":"https:\/\/carrodeelectronica.com\/index.php?rest_route=%2Fwp%2Fv2%2Fcomments&post=1661"}],"wp:attachment":[{"href":"https:\/\/carrodeelectronica.com\/index.php?rest_route=%2Fwp%2Fv2%2Fmedia&parent=1661"}],"wp:term":[{"taxonomy":"product_brand","embeddable":true,"href":"https:\/\/carrodeelectronica.com\/index.php?rest_route=%2Fwp%2Fv2%2Fproduct_brand&post=1661"},{"taxonomy":"product_cat","embeddable":true,"href":"https:\/\/carrodeelectronica.com\/index.php?rest_route=%2Fwp%2Fv2%2Fproduct_cat&post=1661"},{"taxonomy":"product_tag","embeddable":true,"href":"https:\/\/carrodeelectronica.com\/index.php?rest_route=%2Fwp%2Fv2%2Fproduct_tag&post=1661"}],"curies":[{"name":"wp","href":"https:\/\/api.w.org\/{rel}","templated":true}]}}