{"id":1596,"date":"2025-03-09T01:25:02","date_gmt":"2025-03-09T01:25:02","guid":{"rendered":"https:\/\/carrodeelectronica.com\/?post_type=product&#038;p=1596"},"modified":"2025-03-31T17:19:35","modified_gmt":"2025-03-31T17:19:35","slug":"modulo-encoder-rotatorio-lm393","status":"publish","type":"product","link":"https:\/\/carrodeelectronica.com\/?product=modulo-encoder-rotatorio-lm393","title":{"rendered":"MODULO ENCODER ROTATORIO LM393"},"content":{"rendered":"<table>\n<tbody>\n<tr>\n<td>Con este m\u00f3dulo sensor de velocidad IR con el comparador LM393 podemos calcular velocidad. Por ejemplo la velocidad de rotaci\u00f3n de las ruedas de un carro robot, si colocamos una corona dentada que gira unida a una rueda. Tambi\u00e9n se podr\u00eda usar como un interruptor \u00f3ptico.<\/p>\n<p>El funcionamiento b\u00e1sico de este sensor es el siguiente; Si se hace pasar cualquier cosa entre la ranura del sensor, este crea un pulso digital en el pin D0. Este pulso va de 0V a 5V y es una se\u00f1al digital TTL. Luego con Arduino podemos leer este pulso.<\/td>\n<\/tr>\n<\/tbody>\n<\/table>\n<p><strong><em>ESPECIFICACI\u00d3NES<\/em><\/strong><\/p>\n<table>\n<tbody>\n<tr>\n<td>\n<ul>\n<li>Voltaje de Operaci\u00f3n: 3.3V \u2013 5V DC<\/li>\n<li>Salidas: Analogica y Digital TTL<\/li>\n<li>Sensor: MOCH22A<\/li>\n<li>Modelo Placa: FC-03 \/ FZ0888<\/li>\n<li>Tipo de emisor: Fotodiodo IR<\/li>\n<li>Tipo de detector: fototransistor<\/li>\n<li>Longitud de onda del emisor: 950 nm (infrarrojo)<\/li>\n<li>Peso: 8 gramos<\/li>\n<li>Dimensiones: 3.2*1.4*0.7 cm<\/li>\n<li>Ranura de 5mm<\/li>\n<li>Comparador Opamp: LM393<\/li>\n<li>Led indicador de alimentaci\u00f3n<\/li>\n<li>Led indicador de pulso<\/li>\n<li>Salida TTL ON: Sensor bloqueado<\/li>\n<li>Salida TTL OFF: Sensor sin bloquear<\/li>\n<\/ul>\n<\/td>\n<\/tr>\n<\/tbody>\n<\/table>\n","protected":false},"excerpt":{"rendered":"<p>Con este m\u00f3dulo sensor de velocidad IR con el comparador LM393 podemos calcular velocidad. Por ejemplo la velocidad de rotaci\u00f3n de las ruedas de un carro robot, si colocamos una corona dentada que gira unida a una rueda. Tambi\u00e9n se podr\u00eda usar como un interruptor \u00f3ptico. El funcionamiento b\u00e1sico de este sensor es el siguiente; [&#8230;]\n","protected":false},"featured_media":3855,"comment_status":"closed","ping_status":"closed","template":"","meta":[],"product_brand":[],"product_cat":[173,165],"product_tag":[],"class_list":{"0":"post-1596","1":"product","2":"type-product","3":"status-publish","4":"has-post-thumbnail","6":"product_cat-deteccion-y-proximidad","7":"product_cat-modulos-arduino","9":"first","10":"instock","11":"taxable","12":"shipping-taxable","13":"purchasable","14":"product-type-simple"},"jetpack_sharing_enabled":true,"_links":{"self":[{"href":"https:\/\/carrodeelectronica.com\/index.php?rest_route=\/wp\/v2\/product\/1596","targetHints":{"allow":["GET"]}}],"collection":[{"href":"https:\/\/carrodeelectronica.com\/index.php?rest_route=\/wp\/v2\/product"}],"about":[{"href":"https:\/\/carrodeelectronica.com\/index.php?rest_route=\/wp\/v2\/types\/product"}],"replies":[{"embeddable":true,"href":"https:\/\/carrodeelectronica.com\/index.php?rest_route=%2Fwp%2Fv2%2Fcomments&post=1596"}],"wp:featuredmedia":[{"embeddable":true,"href":"https:\/\/carrodeelectronica.com\/index.php?rest_route=\/wp\/v2\/media\/3855"}],"wp:attachment":[{"href":"https:\/\/carrodeelectronica.com\/index.php?rest_route=%2Fwp%2Fv2%2Fmedia&parent=1596"}],"wp:term":[{"taxonomy":"product_brand","embeddable":true,"href":"https:\/\/carrodeelectronica.com\/index.php?rest_route=%2Fwp%2Fv2%2Fproduct_brand&post=1596"},{"taxonomy":"product_cat","embeddable":true,"href":"https:\/\/carrodeelectronica.com\/index.php?rest_route=%2Fwp%2Fv2%2Fproduct_cat&post=1596"},{"taxonomy":"product_tag","embeddable":true,"href":"https:\/\/carrodeelectronica.com\/index.php?rest_route=%2Fwp%2Fv2%2Fproduct_tag&post=1596"}],"curies":[{"name":"wp","href":"https:\/\/api.w.org\/{rel}","templated":true}]}}