{"id":1512,"date":"2025-03-09T01:24:33","date_gmt":"2025-03-09T01:24:33","guid":{"rendered":"https:\/\/carrodeelectronica.com\/?post_type=product&#038;p=1512"},"modified":"2025-03-09T01:24:35","modified_gmt":"2025-03-09T01:24:35","slug":"transistor-tip122","status":"publish","type":"product","link":"https:\/\/carrodeelectronica.com\/?product=transistor-tip122","title":{"rendered":"TRANSISTOR TIP122"},"content":{"rendered":"<p>El TIP122 es un transistor con diodo darlington dise\u00f1ado para su uso en aplicaciones de conmutaci\u00f3n de baja velocidad y amplificaci\u00f3n. Es complemento de TIP125\/126\/127 y sus aplicaciones principales son: procesado de se\u00f1al, administraci\u00f3n de potencia, dispositivos port\u00e1tiles, electr\u00f3nica de consumo, industrial<\/p>\n<p><strong><em>ESPECIFICACIONES\u00a0<\/em><\/strong><\/p>\n<ul>\n<li>Polaridad del transistor: NPN<\/li>\n<li>Voltaje colector base VCBO: 100 V<\/li>\n<li>Voltaje colector emisor VCEO: 100 V<\/li>\n<li>Voltaje emisor base VEBO: 5 V<\/li>\n<li>Corriente colector DC Ic: 5 A<\/li>\n<li>Disipaci\u00f3n de potencia colector Pc (Tc=25\u00b0C): 65 W<\/li>\n<li>Ganancia de DC hFE: 1000\u00a0hFE<\/li>\n<li>Temperatura de operaci\u00f3n m\u00ednima: -65 \u00b0C<\/li>\n<li>Temperatura de operaci\u00f3n m\u00e1xima: 150 \u00b0C<\/li>\n<li>Encapsulado: TO-220<\/li>\n<li>3 pines<\/li>\n<\/ul>\n","protected":false},"excerpt":{"rendered":"<p>El TIP122 es un transistor con diodo darlington dise\u00f1ado para su uso en aplicaciones de conmutaci\u00f3n de baja velocidad y amplificaci\u00f3n. Es complemento de TIP125\/126\/127 y sus aplicaciones principales son: procesado de se\u00f1al, administraci\u00f3n de potencia, dispositivos port\u00e1tiles, electr\u00f3nica de consumo, industrial ESPECIFICACIONES\u00a0 Polaridad del transistor: NPN Voltaje colector base VCBO: 100 V Voltaje colector [&#8230;]\n","protected":false},"featured_media":0,"comment_status":"closed","ping_status":"closed","template":"","meta":[],"product_brand":[],"product_cat":[218],"product_tag":[],"class_list":{"0":"post-1512","1":"product","2":"type-product","3":"status-publish","5":"product_cat-transistores","7":"first","8":"instock","9":"taxable","10":"shipping-taxable","11":"purchasable","12":"product-type-simple"},"jetpack_sharing_enabled":true,"_links":{"self":[{"href":"https:\/\/carrodeelectronica.com\/index.php?rest_route=\/wp\/v2\/product\/1512","targetHints":{"allow":["GET"]}}],"collection":[{"href":"https:\/\/carrodeelectronica.com\/index.php?rest_route=\/wp\/v2\/product"}],"about":[{"href":"https:\/\/carrodeelectronica.com\/index.php?rest_route=\/wp\/v2\/types\/product"}],"replies":[{"embeddable":true,"href":"https:\/\/carrodeelectronica.com\/index.php?rest_route=%2Fwp%2Fv2%2Fcomments&post=1512"}],"wp:attachment":[{"href":"https:\/\/carrodeelectronica.com\/index.php?rest_route=%2Fwp%2Fv2%2Fmedia&parent=1512"}],"wp:term":[{"taxonomy":"product_brand","embeddable":true,"href":"https:\/\/carrodeelectronica.com\/index.php?rest_route=%2Fwp%2Fv2%2Fproduct_brand&post=1512"},{"taxonomy":"product_cat","embeddable":true,"href":"https:\/\/carrodeelectronica.com\/index.php?rest_route=%2Fwp%2Fv2%2Fproduct_cat&post=1512"},{"taxonomy":"product_tag","embeddable":true,"href":"https:\/\/carrodeelectronica.com\/index.php?rest_route=%2Fwp%2Fv2%2Fproduct_tag&post=1512"}],"curies":[{"name":"wp","href":"https:\/\/api.w.org\/{rel}","templated":true}]}}