{"id":1484,"date":"2025-03-09T01:24:21","date_gmt":"2025-03-09T01:24:21","guid":{"rendered":"https:\/\/carrodeelectronica.com\/?post_type=product&#038;p=1484"},"modified":"2025-07-08T16:45:14","modified_gmt":"2025-07-08T16:45:14","slug":"arduino-mega","status":"publish","type":"product","link":"https:\/\/carrodeelectronica.com\/?product=arduino-mega","title":{"rendered":"ARDUINO MEGA"},"content":{"rendered":"<p>Esta placa se presenta como una alternativa muy econ\u00f3mica y de excelente calidad (basta ver el terminado) para la tarjeta Arduino Mega. Es compatible en todos los aspectos con las tarjetas Arduino Mega y acepta todos los shields y accesorios que se pueden usar en un Arduino Mega original. El microcontrolador empleado es un ATMEGA2560 (el mismo del arduino original). Parte del gran precio de esta tarjeta se debe a los circuitos integrados seleccionados y sin embargo, esto no afecta en lo m\u00e1s m\u00ednimo su funcionalidad ni pierde en caracter\u00edsticas contra otras tarjetas originales, clones o compatibles.<\/p>\n<p>Arduino Mega2560 Rev3 basada en el microcontrolador ATmega2560. La tarjeta posee 54 pines de entrada\/salida digitales (de las cuales 14 se pueden usar como salidas de PWM), 16 entradas anal\u00f3gicas, 4 UART (puertos serie de hardware), un oscilador de cristal de 16 MHz, una conexi\u00f3n USB, un conector de alimentaci\u00f3n, un cabezal (header) ICSP y un bot\u00f3n de reinicio. Contiene todo lo necesario para respaldar al microcontrolador, simplemente con\u00e9ctela a una PC con un cable USB o use un adaptador de CA a CD o bater\u00eda para empezar. La Mega es compatible con la mayor\u00eda de los shields dise\u00f1ados para Arduino Uno, Duemilanove o Diecimila. La Arduino Mega puede alimentarse a trav\u00e9s de la conexi\u00f3n USB o con una fuente de alimentaci\u00f3n externa. La fuente de alimentaci\u00f3n se selecciona autom\u00e1ticamente. La Arduino Mega2560 posee varias facilidades para comunicarse con una PC, otra Arduino u otros microcontroladores.<\/p>\n<ul>\n<li><span class=\"a-list-item\">La Mega es 100% compatible Arduino y la mayor\u00eda de los escudos dise\u00f1ados para el Arduino Mega2560\u00a0R3<\/span><\/li>\n<li><span class=\"a-list-item\">El chip es Atmega2560\u00a0\u2013\u00a016\u00a0AU y ATmega16U2, mismo con la versi\u00f3n oficial<\/span><\/li>\n<li><span class=\"a-list-item\">M\u00e1s fuerte restablecimiento circuito. Uso 5.5\u00a0* 2.1\u00a0mm DC Barril Jack (compatible con 5.5\u00a0* 2.5\u00a0mm DC Jack).<\/span><\/li>\n<li><span class=\"a-list-item\">Contiene todo lo necesario para apoyar el microcontrolador; basta con conectarlo a un computadora con un cable USB o el poder que con un adaptador de corriente o bater\u00eda para empezar<\/span><\/li>\n<li>Configuraci\u00f3n pinout 1.0<\/li>\n<li>Circuito RESET m\u00e1s resistente<\/li>\n<li><span class=\"a-list-item\">Aplicaciones: Dise\u00f1o embebido y desarrollo, industrial, comunicaciones y red, instrumentaci\u00f3n y medida, automatizaci\u00f3n y control de procesos<\/span><\/li>\n<\/ul>\n<h2>Especificaciones<\/h2>\n<ul>\n<li>Microcontrolador: ATmega2560<\/li>\n<li>Voltaje de operaci\u00f3n: 5V<\/li>\n<li>Voltaje de alimentaci\u00f3n (recomendado): 7-12 V<\/li>\n<li>Voltaje de alimentaci\u00f3n (l\u00edmite): 6-20V<\/li>\n<li>Pines Digitales E\/S: 54 (14 PWM)<\/li>\n<li>Pines An\u00e1logos (entrada): 66<\/li>\n<li>DC Corriente por Pin 1\/O: 40 mA<\/li>\n<li>DC Corriente para Pin 3.3 V: 50 mA<\/li>\n<li>\n<div class=\"text-wrap tlid-copy-target\">\n<div class=\"result-shield-container tlid-copy-target\" tabindex=\"0\"><span class=\"tlid-translation translation\" lang=\"es\"><span class=\"\" title=\"\">Memoria Flash: 256 KB de los cuales 8 KB utilizados por el gestor de arranque<\/span><\/span><\/div>\n<\/div>\n<\/li>\n<li>Memoria EEPROM: 4 KB<\/li>\n<li>Memoria SRAM: 8 KB<\/li>\n<li>Velocidad del Reloj: 16 MHz<\/li>\n<li>Dimensiones: 101.52 mm x 53.3 mm<\/li>\n<li>Marca:\u00a0Gen\u00e9rica<\/li>\n<li>Modelo: MB0014<\/li>\n<li>Modelo: C10<\/li>\n<li>Modelo: MEGA2560-R3<\/li>\n<\/ul>\n","protected":false},"excerpt":{"rendered":"<p>Esta placa se presenta como una alternativa muy econ\u00f3mica y de excelente calidad (basta ver el terminado) para la tarjeta Arduino Mega. Es compatible en todos los aspectos con las tarjetas Arduino Mega y acepta todos los shields y accesorios que se pueden usar en un Arduino Mega original. El microcontrolador empleado es un ATMEGA2560 [&#8230;]\n","protected":false},"featured_media":4188,"comment_status":"open","ping_status":"closed","template":"","meta":[],"product_brand":[],"product_cat":[144],"product_tag":[],"class_list":{"0":"post-1484","1":"product","2":"type-product","3":"status-publish","4":"has-post-thumbnail","6":"product_cat-arduino-generico","8":"first","9":"instock","10":"taxable","11":"shipping-taxable","12":"purchasable","13":"product-type-simple"},"jetpack_sharing_enabled":true,"_links":{"self":[{"href":"https:\/\/carrodeelectronica.com\/index.php?rest_route=\/wp\/v2\/product\/1484","targetHints":{"allow":["GET"]}}],"collection":[{"href":"https:\/\/carrodeelectronica.com\/index.php?rest_route=\/wp\/v2\/product"}],"about":[{"href":"https:\/\/carrodeelectronica.com\/index.php?rest_route=\/wp\/v2\/types\/product"}],"replies":[{"embeddable":true,"href":"https:\/\/carrodeelectronica.com\/index.php?rest_route=%2Fwp%2Fv2%2Fcomments&post=1484"}],"wp:featuredmedia":[{"embeddable":true,"href":"https:\/\/carrodeelectronica.com\/index.php?rest_route=\/wp\/v2\/media\/4188"}],"wp:attachment":[{"href":"https:\/\/carrodeelectronica.com\/index.php?rest_route=%2Fwp%2Fv2%2Fmedia&parent=1484"}],"wp:term":[{"taxonomy":"product_brand","embeddable":true,"href":"https:\/\/carrodeelectronica.com\/index.php?rest_route=%2Fwp%2Fv2%2Fproduct_brand&post=1484"},{"taxonomy":"product_cat","embeddable":true,"href":"https:\/\/carrodeelectronica.com\/index.php?rest_route=%2Fwp%2Fv2%2Fproduct_cat&post=1484"},{"taxonomy":"product_tag","embeddable":true,"href":"https:\/\/carrodeelectronica.com\/index.php?rest_route=%2Fwp%2Fv2%2Fproduct_tag&post=1484"}],"curies":[{"name":"wp","href":"https:\/\/api.w.org\/{rel}","templated":true}]}}