{"id":1439,"date":"2025-03-09T01:23:59","date_gmt":"2025-03-09T01:23:59","guid":{"rendered":"https:\/\/carrodeelectronica.com\/?post_type=product&#038;p=1439"},"modified":"2025-03-09T01:24:01","modified_gmt":"2025-03-09T01:24:01","slug":"kit-de-55-engranes","status":"publish","type":"product","link":"https:\/\/carrodeelectronica.com\/?product=kit-de-55-engranes","title":{"rendered":"KIT DE 55 ENGRANES"},"content":{"rendered":"<p style=\"box-sizing: border-box; margin-bottom: 0.75em; border: 0px; font-variant-numeric: inherit; font-variant-east-asian: inherit; font-stretch: inherit; font-size: 14px; line-height: inherit; font-family: HelveticaNeue, 'Helvetica Neue', Helvetica, Arial, sans-serif; vertical-align: baseline; padding: 0px; text-align: justify;\">Juego de 55 engranes que puedes usar en tus proyectos y as\u00ed\u00a0 transmitir un movimiento giratorio o alternativo desde una parte de una m\u00e1quina a otra. Un conjunto de dos o m\u00e1s engranajes que transmiten el movimiento de un eje a otro se le denomina tren de engranajes. Los engranajes se utilizan sobre todo para transmitir un movimiento giratorio, pero usando engranajes apropiados y piezas dentadas planas pueden transformar movimiento alternativo. Este completo kit de engranes incluye engranes de diferentes dimensiones, engranes sin fin, poleas, barras dentadas y bandas.<\/p>\n<ul style=\"box-sizing: border-box; margin-bottom: 1em; margin-left: 0px; border: 0px; font-variant-numeric: inherit; font-variant-east-asian: inherit; font-stretch: inherit; font-size: 14px; line-height: inherit; font-family: HelveticaNeue, 'Helvetica Neue', Helvetica, Arial, sans-serif; vertical-align: baseline; padding-left: 20px; list-style-position: outside; text-align: justify;\">\n<li style=\"box-sizing: border-box; border: 0px; font: inherit; vertical-align: baseline; margin: 0px 0px 0.25em; padding: 0px;\">Con engranes, poleas, bandas y h\u00e9lices<\/li>\n<li style=\"box-sizing: border-box; border: 0px; font: inherit; vertical-align: baseline; margin: 0px 0px 0.25em; padding: 0px;\"><span style=\"box-sizing: border-box; border: 0px; font: inherit; vertical-align: baseline; margin: 0px; padding: 0px;\">Aplicaciones: Para proyecto escolares de electr\u00f3nica, rob\u00f3tica, mecatr\u00f3nica<\/span><\/li>\n<\/ul>\n","protected":false},"excerpt":{"rendered":"<p>Juego de 55 engranes que puedes usar en tus proyectos y as\u00ed\u00a0 transmitir un movimiento giratorio o alternativo desde una parte de una m\u00e1quina a otra. Un conjunto de dos o m\u00e1s engranajes que transmiten el movimiento de un eje a otro se le denomina tren de engranajes. Los engranajes se utilizan sobre todo para [&#8230;]\n","protected":false},"featured_media":0,"comment_status":"closed","ping_status":"closed","template":"","meta":[],"product_brand":[],"product_cat":[269],"product_tag":[],"class_list":{"0":"post-1439","1":"product","2":"type-product","3":"status-publish","5":"product_cat-otros-kits","7":"first","8":"instock","9":"taxable","10":"shipping-taxable","11":"purchasable","12":"product-type-simple"},"jetpack_sharing_enabled":true,"_links":{"self":[{"href":"https:\/\/carrodeelectronica.com\/index.php?rest_route=\/wp\/v2\/product\/1439","targetHints":{"allow":["GET"]}}],"collection":[{"href":"https:\/\/carrodeelectronica.com\/index.php?rest_route=\/wp\/v2\/product"}],"about":[{"href":"https:\/\/carrodeelectronica.com\/index.php?rest_route=\/wp\/v2\/types\/product"}],"replies":[{"embeddable":true,"href":"https:\/\/carrodeelectronica.com\/index.php?rest_route=%2Fwp%2Fv2%2Fcomments&post=1439"}],"wp:attachment":[{"href":"https:\/\/carrodeelectronica.com\/index.php?rest_route=%2Fwp%2Fv2%2Fmedia&parent=1439"}],"wp:term":[{"taxonomy":"product_brand","embeddable":true,"href":"https:\/\/carrodeelectronica.com\/index.php?rest_route=%2Fwp%2Fv2%2Fproduct_brand&post=1439"},{"taxonomy":"product_cat","embeddable":true,"href":"https:\/\/carrodeelectronica.com\/index.php?rest_route=%2Fwp%2Fv2%2Fproduct_cat&post=1439"},{"taxonomy":"product_tag","embeddable":true,"href":"https:\/\/carrodeelectronica.com\/index.php?rest_route=%2Fwp%2Fv2%2Fproduct_tag&post=1439"}],"curies":[{"name":"wp","href":"https:\/\/api.w.org\/{rel}","templated":true}]}}