{"id":1430,"date":"2025-03-09T01:23:58","date_gmt":"2025-03-09T01:23:58","guid":{"rendered":"https:\/\/carrodeelectronica.com\/?post_type=product&#038;p=1430"},"modified":"2025-03-09T01:24:00","modified_gmt":"2025-03-09T01:24:00","slug":"mosfet-irf3710-100v-75a-canal-n","status":"publish","type":"product","link":"https:\/\/carrodeelectronica.com\/?product=mosfet-irf3710-100v-75a-canal-n","title":{"rendered":"MOSFET IRF3710, 100V, 75A, CANAL N"},"content":{"rendered":"<p>Transistor mosfet IRF3710 Tipo TO-220 de 100V es un solo canal N que utiliza t\u00e9cnicas avanzadas de procesamiento para lograr resistencia extremadamente baja por unidad, este beneficio, en combinaci\u00f3n con la velocidad de conmutaci\u00f3n r\u00e1pido y el dise\u00f1o del dispositivo robusto que HEXFET MOSFET de potencia son bien conocidos por ofrecer al dise\u00f1ador un dispositivo extremadamente eficiente y fiable para uso en una amplia variedad de aplicaciones.<\/p>\n<p><strong><em>\u00a0<\/em><\/strong><strong><em>ESPECIFICACIONES Y CARACTER\u00cdSTICAS<\/em><\/strong><\/p>\n<ul>\n<li>Corriente: 57A<\/li>\n<li>Voltaje: 100V<\/li>\n<li>Temperatura de operaci\u00f3n y de almacenamiento: -55\u00b0C a 175\u00b0C<\/li>\n<li>Encapsulado: TO220AB<\/li>\n<li>Polaridad: Canal N<\/li>\n<li>Intensidad drenador continua Id: 57 A<\/li>\n<li>Tensi\u00f3n drenaje-fuente Vds: 100 V<\/li>\n<li>Resistencia de activaci\u00f3n Rds(on): 0.023 ohm<\/li>\n<li>Tensi\u00f3n Vgs de medici\u00f3n Rds(on) : 10 V<\/li>\n<li>Tensi\u00f3n umbral Vgs: 4 V<\/li>\n<li>Disipaci\u00f3n de potencia Pd: 200 W<\/li>\n<li>Temperatura de Trabajo M\u00e1x. 175\u00b0C<\/li>\n<li>Temperatura de Trabajo M\u00edn. -55 \u00b0C<\/li>\n<li>Encapsulado: TO-220<\/li>\n<li>3 pines<\/li>\n<\/ul>\n","protected":false},"excerpt":{"rendered":"<p>Transistor mosfet IRF3710 Tipo TO-220 de 100V es un solo canal N que utiliza t\u00e9cnicas avanzadas de procesamiento para lograr resistencia extremadamente baja por unidad, este beneficio, en combinaci\u00f3n con la velocidad de conmutaci\u00f3n r\u00e1pido y el dise\u00f1o del dispositivo robusto que HEXFET MOSFET de potencia son bien conocidos por ofrecer al dise\u00f1ador un dispositivo [&#8230;]\n","protected":false},"featured_media":0,"comment_status":"open","ping_status":"closed","template":"","meta":[],"product_brand":[],"product_cat":[139],"product_tag":[],"class_list":{"0":"post-1430","1":"product","2":"type-product","3":"status-publish","5":"product_cat-mosfet","7":"first","8":"instock","9":"taxable","10":"shipping-taxable","11":"purchasable","12":"product-type-simple"},"jetpack_sharing_enabled":true,"_links":{"self":[{"href":"https:\/\/carrodeelectronica.com\/index.php?rest_route=\/wp\/v2\/product\/1430","targetHints":{"allow":["GET"]}}],"collection":[{"href":"https:\/\/carrodeelectronica.com\/index.php?rest_route=\/wp\/v2\/product"}],"about":[{"href":"https:\/\/carrodeelectronica.com\/index.php?rest_route=\/wp\/v2\/types\/product"}],"replies":[{"embeddable":true,"href":"https:\/\/carrodeelectronica.com\/index.php?rest_route=%2Fwp%2Fv2%2Fcomments&post=1430"}],"wp:attachment":[{"href":"https:\/\/carrodeelectronica.com\/index.php?rest_route=%2Fwp%2Fv2%2Fmedia&parent=1430"}],"wp:term":[{"taxonomy":"product_brand","embeddable":true,"href":"https:\/\/carrodeelectronica.com\/index.php?rest_route=%2Fwp%2Fv2%2Fproduct_brand&post=1430"},{"taxonomy":"product_cat","embeddable":true,"href":"https:\/\/carrodeelectronica.com\/index.php?rest_route=%2Fwp%2Fv2%2Fproduct_cat&post=1430"},{"taxonomy":"product_tag","embeddable":true,"href":"https:\/\/carrodeelectronica.com\/index.php?rest_route=%2Fwp%2Fv2%2Fproduct_tag&post=1430"}],"curies":[{"name":"wp","href":"https:\/\/api.w.org\/{rel}","templated":true}]}}