{"id":1356,"date":"2025-03-09T01:23:37","date_gmt":"2025-03-09T01:23:37","guid":{"rendered":"https:\/\/carrodeelectronica.com\/?post_type=product&#038;p=1356"},"modified":"2025-03-09T01:23:39","modified_gmt":"2025-03-09T01:23:39","slug":"transistor-uln2003","status":"publish","type":"product","link":"https:\/\/carrodeelectronica.com\/?product=transistor-uln2003","title":{"rendered":"TRANSISTOR ULN2003"},"content":{"rendered":"<p>El ULN2003 DIP <strong>es un arreglo de siete transistores<\/strong> Darlington NPN con capacidad de 500 mA y 50 V de salida. Cuenta con diodos de retorno de c\u00e1todo com\u00fan para conmutar cargas inductivas. Se aplica en circuitos de controladores para rel\u00e9s, l\u00e1mparas y pantallas LED, motores paso a paso, buffers l\u00f3gicos y controladores de l\u00ednea<\/p>\n<p><strong><em>ESPECIFICACI\u00d3N Y CARACTER\u00cdSTICAS<\/em><\/strong><\/p>\n<ul>\n<li>Voltaje de entrada: -0.5 V a 30 V<\/li>\n<li>Salidas de 0.5 A (500 mA) max.<\/li>\n<li>Voltaje de sostenimiento a la salida: -0.5 V a 50 V<\/li>\n<li>Resistencia de entrada a la base: 2.7 k\u03a9<\/li>\n<li>Entradas compatibles TTL y CMOS de 5 V<\/li>\n<li>\u00a0Encapsulado:\n<ul>\n<li>DIP\u00a016 pines<\/li>\n<li>7\u00a0transistores NPN Darlington\u00a0en emisor com\u00fan<\/li>\n<li>7\u00a0diodos de supresi\u00f3n de voltajes inversos\u00a0para manejar cargas inductivas, con conexiones de c\u00e1todo com\u00fan<\/li>\n<li>Los transistores pueden ser conectados en paralelo para mayor capacidad de corriente<\/li>\n<\/ul>\n<\/li>\n<\/ul>\n","protected":false},"excerpt":{"rendered":"<p>El ULN2003 DIP es un arreglo de siete transistores Darlington NPN con capacidad de 500 mA y 50 V de salida. Cuenta con diodos de retorno de c\u00e1todo com\u00fan para conmutar cargas inductivas. Se aplica en circuitos de controladores para rel\u00e9s, l\u00e1mparas y pantallas LED, motores paso a paso, buffers l\u00f3gicos y controladores de l\u00ednea [&#8230;]\n","protected":false},"featured_media":0,"comment_status":"closed","ping_status":"closed","template":"","meta":[],"product_brand":[],"product_cat":[218],"product_tag":[],"class_list":{"0":"post-1356","1":"product","2":"type-product","3":"status-publish","5":"product_cat-transistores","7":"first","8":"instock","9":"taxable","10":"shipping-taxable","11":"purchasable","12":"product-type-simple"},"jetpack_sharing_enabled":true,"_links":{"self":[{"href":"https:\/\/carrodeelectronica.com\/index.php?rest_route=\/wp\/v2\/product\/1356","targetHints":{"allow":["GET"]}}],"collection":[{"href":"https:\/\/carrodeelectronica.com\/index.php?rest_route=\/wp\/v2\/product"}],"about":[{"href":"https:\/\/carrodeelectronica.com\/index.php?rest_route=\/wp\/v2\/types\/product"}],"replies":[{"embeddable":true,"href":"https:\/\/carrodeelectronica.com\/index.php?rest_route=%2Fwp%2Fv2%2Fcomments&post=1356"}],"wp:attachment":[{"href":"https:\/\/carrodeelectronica.com\/index.php?rest_route=%2Fwp%2Fv2%2Fmedia&parent=1356"}],"wp:term":[{"taxonomy":"product_brand","embeddable":true,"href":"https:\/\/carrodeelectronica.com\/index.php?rest_route=%2Fwp%2Fv2%2Fproduct_brand&post=1356"},{"taxonomy":"product_cat","embeddable":true,"href":"https:\/\/carrodeelectronica.com\/index.php?rest_route=%2Fwp%2Fv2%2Fproduct_cat&post=1356"},{"taxonomy":"product_tag","embeddable":true,"href":"https:\/\/carrodeelectronica.com\/index.php?rest_route=%2Fwp%2Fv2%2Fproduct_tag&post=1356"}],"curies":[{"name":"wp","href":"https:\/\/api.w.org\/{rel}","templated":true}]}}