{"id":1349,"date":"2025-03-09T01:23:31","date_gmt":"2025-03-09T01:23:31","guid":{"rendered":"https:\/\/carrodeelectronica.com\/?post_type=product&#038;p=1349"},"modified":"2025-04-10T17:38:56","modified_gmt":"2025-04-10T17:38:56","slug":"modulo-sensor-tactil-ttp223b-touch","status":"publish","type":"product","link":"https:\/\/carrodeelectronica.com\/?product=modulo-sensor-tactil-ttp223b-touch","title":{"rendered":"MODULO SENSOR TACTIL TTP223B TOUCH"},"content":{"rendered":"<p>El Bot\u00f3n T\u00e1ctil Capacitivo TTP223B es un dispositivo que presenta un comportamiento similar a un pulsador, pero puede ser activado con poca presi\u00f3n. Puede reemplazar la tecla tradicional de bot\u00f3n directo, por lo cual son empleados a la hora de hacer interruptores el\u00e9ctricos, por ejemplo, son frecuentes en ba\u00f1os y garajes. Tambi\u00e9n pueden ser \u00fatiles, por ejemplo, para ubicar un pulsador t\u00e1ctil bajo un panel interactivo, de un vinilo con artes gr\u00e1ficas, o integrado bajo la madera de un mueble.<\/p>\n<p><strong><em>ESPECIFICACIONES<\/em><\/strong><\/p>\n<ul>\n<li>Voltaje de Operaci\u00f3n: 2 V a 5.5 V.<\/li>\n<li>Corriente de funcionamiento: VDD = 3V, sin carga.<\/li>\n<li>Consumo de corriente: 1.5 uA<\/li>\n<li>Consumo de corriente m\u00e1xima: 3 uA<\/li>\n<li>Temperatura: -40 \u00b0C a 85\u00b0C<\/li>\n<li>Tiempo de respuesta : 60 ms<\/li>\n<li>Tiempo de respuesta: 220 ms (modo ahorro)<\/li>\n<li>La sensibilidad se puede ajustar por capacitancia: 0uF a 50pF ( por fuera.)<\/li>\n<li>Dimensiones: 28 mm \u00d7 24mm \u00d7 8 mm<\/li>\n<\/ul>\n","protected":false},"excerpt":{"rendered":"<p>El Bot\u00f3n T\u00e1ctil Capacitivo TTP223B es un dispositivo que presenta un comportamiento similar a un pulsador, pero puede ser activado con poca presi\u00f3n. Puede reemplazar la tecla tradicional de bot\u00f3n directo, por lo cual son empleados a la hora de hacer interruptores el\u00e9ctricos, por ejemplo, son frecuentes en ba\u00f1os y garajes. Tambi\u00e9n pueden ser \u00fatiles, [&#8230;]\n","protected":false},"featured_media":4147,"comment_status":"closed","ping_status":"closed","template":"","meta":[],"product_brand":[],"product_cat":[173],"product_tag":[],"class_list":{"0":"post-1349","1":"product","2":"type-product","3":"status-publish","4":"has-post-thumbnail","6":"product_cat-deteccion-y-proximidad","8":"first","9":"instock","10":"taxable","11":"shipping-taxable","12":"purchasable","13":"product-type-simple"},"jetpack_sharing_enabled":true,"_links":{"self":[{"href":"https:\/\/carrodeelectronica.com\/index.php?rest_route=\/wp\/v2\/product\/1349","targetHints":{"allow":["GET"]}}],"collection":[{"href":"https:\/\/carrodeelectronica.com\/index.php?rest_route=\/wp\/v2\/product"}],"about":[{"href":"https:\/\/carrodeelectronica.com\/index.php?rest_route=\/wp\/v2\/types\/product"}],"replies":[{"embeddable":true,"href":"https:\/\/carrodeelectronica.com\/index.php?rest_route=%2Fwp%2Fv2%2Fcomments&post=1349"}],"wp:featuredmedia":[{"embeddable":true,"href":"https:\/\/carrodeelectronica.com\/index.php?rest_route=\/wp\/v2\/media\/4147"}],"wp:attachment":[{"href":"https:\/\/carrodeelectronica.com\/index.php?rest_route=%2Fwp%2Fv2%2Fmedia&parent=1349"}],"wp:term":[{"taxonomy":"product_brand","embeddable":true,"href":"https:\/\/carrodeelectronica.com\/index.php?rest_route=%2Fwp%2Fv2%2Fproduct_brand&post=1349"},{"taxonomy":"product_cat","embeddable":true,"href":"https:\/\/carrodeelectronica.com\/index.php?rest_route=%2Fwp%2Fv2%2Fproduct_cat&post=1349"},{"taxonomy":"product_tag","embeddable":true,"href":"https:\/\/carrodeelectronica.com\/index.php?rest_route=%2Fwp%2Fv2%2Fproduct_tag&post=1349"}],"curies":[{"name":"wp","href":"https:\/\/api.w.org\/{rel}","templated":true}]}}