{"id":1270,"date":"2025-03-09T01:23:10","date_gmt":"2025-03-09T01:23:10","guid":{"rendered":"https:\/\/carrodeelectronica.com\/?post_type=product&#038;p=1270"},"modified":"2025-03-09T01:23:12","modified_gmt":"2025-03-09T01:23:12","slug":"transistor-2n2222a","status":"publish","type":"product","link":"https:\/\/carrodeelectronica.com\/?product=transistor-2n2222a","title":{"rendered":"TRANSISTOR 2N2222A"},"content":{"rendered":"<p>El 2N2222A es un transistor bipolar<strong> NPN<\/strong> de baja potencia de uso general que sirve tanto para aplicaciones de amplificaci\u00f3n como de conmutaci\u00f3n. Puede amplificar peque\u00f1as corrientes a tensiones peque\u00f1as o medias; por lo tanto, s\u00f3lo puede tratar potencias bajas (no mayores de medio Watt). Puede trabajar a frecuencias medianamente altas. Por todas esas razones, es un transistor de uso general, frecuentemente utilizados en aplicaciones de radio.<\/p>\n<p><strong><em>ESPECIFICACIONES<\/em><\/strong><\/p>\n<ul>\n<li>Polaridad del transistor: NPN<\/li>\n<li>Voltaje colector base VCBO: 75 V<\/li>\n<li>Voltaje colector emisor VCEO: 40 V<\/li>\n<li>Voltaje emisor base VEBO: 6 V<\/li>\n<li>Corriente de colector IC: 800 mA<\/li>\n<li>Disipaci\u00f3n de potencia de colector PC (Tc=25 \u00b0C): 1.2 W<\/li>\n<li>Frecuencia de transici\u00f3n FT: 300 MHz<\/li>\n<li>Ganancia de corriente DC hFE: 35 hFE<\/li>\n<li>Temperatura de operaci\u00f3n m\u00ednima: -65 \u00b0C<\/li>\n<li>Temperatura de operaci\u00f3n m\u00e1xima: 200 \u00b0C<\/li>\n<li>Encapsulado: TO-18<\/li>\n<li>N\u00famero de pines: 3<\/li>\n<\/ul>\n","protected":false},"excerpt":{"rendered":"<p>El 2N2222A es un transistor bipolar NPN de baja potencia de uso general que sirve tanto para aplicaciones de amplificaci\u00f3n como de conmutaci\u00f3n. Puede amplificar peque\u00f1as corrientes a tensiones peque\u00f1as o medias; por lo tanto, s\u00f3lo puede tratar potencias bajas (no mayores de medio Watt). Puede trabajar a frecuencias medianamente altas. Por todas esas razones, [&#8230;]\n","protected":false},"featured_media":0,"comment_status":"open","ping_status":"closed","template":"","meta":[],"product_brand":[],"product_cat":[218],"product_tag":[],"class_list":{"0":"post-1270","1":"product","2":"type-product","3":"status-publish","5":"product_cat-transistores","7":"first","8":"instock","9":"taxable","10":"shipping-taxable","11":"purchasable","12":"product-type-simple"},"jetpack_sharing_enabled":true,"_links":{"self":[{"href":"https:\/\/carrodeelectronica.com\/index.php?rest_route=\/wp\/v2\/product\/1270","targetHints":{"allow":["GET"]}}],"collection":[{"href":"https:\/\/carrodeelectronica.com\/index.php?rest_route=\/wp\/v2\/product"}],"about":[{"href":"https:\/\/carrodeelectronica.com\/index.php?rest_route=\/wp\/v2\/types\/product"}],"replies":[{"embeddable":true,"href":"https:\/\/carrodeelectronica.com\/index.php?rest_route=%2Fwp%2Fv2%2Fcomments&post=1270"}],"wp:attachment":[{"href":"https:\/\/carrodeelectronica.com\/index.php?rest_route=%2Fwp%2Fv2%2Fmedia&parent=1270"}],"wp:term":[{"taxonomy":"product_brand","embeddable":true,"href":"https:\/\/carrodeelectronica.com\/index.php?rest_route=%2Fwp%2Fv2%2Fproduct_brand&post=1270"},{"taxonomy":"product_cat","embeddable":true,"href":"https:\/\/carrodeelectronica.com\/index.php?rest_route=%2Fwp%2Fv2%2Fproduct_cat&post=1270"},{"taxonomy":"product_tag","embeddable":true,"href":"https:\/\/carrodeelectronica.com\/index.php?rest_route=%2Fwp%2Fv2%2Fproduct_tag&post=1270"}],"curies":[{"name":"wp","href":"https:\/\/api.w.org\/{rel}","templated":true}]}}