{"id":1187,"date":"2025-03-09T01:22:38","date_gmt":"2025-03-09T01:22:38","guid":{"rendered":"https:\/\/carrodeelectronica.com\/?post_type=product&#038;p=1187"},"modified":"2025-03-31T17:38:19","modified_gmt":"2025-03-31T17:38:19","slug":"acelerometro-3-ejes-adxl345","status":"publish","type":"product","link":"https:\/\/carrodeelectronica.com\/?product=acelerometro-3-ejes-adxl345","title":{"rendered":"ACELEROMETRO 3 EJES ADXL345"},"content":{"rendered":"<p>El ADXL345\u00a0es un aceler\u00f3metro peque\u00f1o y delgado, de baja potencia, de 3 ejes MEMS de alta resoluci\u00f3n (13 bits) a velocidades de hasta + -16 g. Los datos son de salida digital, tiene el formato de dos en dos de 16 bits complementario y es accesible a trav\u00e9s de ya sea un SPI (3- o 4 hilos) o interfaz digital I2C.<\/p>\n<p><strong><em>ESPECIFICACIONES<\/em><\/strong><\/p>\n<ul>\n<li>Aceler\u00f3metro\u00a0digital de\u00a03 ejes ADXL345\u00a0con resoluci\u00f3n de 13 bits<\/li>\n<li>Potencia ultrabaja: de solo 23 \u00b5A en modo de medici\u00f3n y 0.1 \u00b5A en modo de espera a V<sub>S<\/sub>\u00a0= 2.5 V (t\u00edpico)<\/li>\n<li>El consumo de energ\u00eda aumenta autom\u00e1ticamente con el ancho de banda.<\/li>\n<\/ul>\n","protected":false},"excerpt":{"rendered":"<p>El ADXL345\u00a0es un aceler\u00f3metro peque\u00f1o y delgado, de baja potencia, de 3 ejes MEMS de alta resoluci\u00f3n (13 bits) a velocidades de hasta + -16 g. Los datos son de salida digital, tiene el formato de dos en dos de 16 bits complementario y es accesible a trav\u00e9s de ya sea un SPI (3- o [&#8230;]\n","protected":false},"featured_media":3865,"comment_status":"open","ping_status":"closed","template":"","meta":[],"product_brand":[],"product_cat":[195],"product_tag":[],"class_list":{"0":"post-1187","1":"product","2":"type-product","3":"status-publish","4":"has-post-thumbnail","6":"product_cat-acelerometro-y-giroscopio","8":"first","9":"instock","10":"taxable","11":"shipping-taxable","12":"purchasable","13":"product-type-simple"},"jetpack_sharing_enabled":true,"_links":{"self":[{"href":"https:\/\/carrodeelectronica.com\/index.php?rest_route=\/wp\/v2\/product\/1187","targetHints":{"allow":["GET"]}}],"collection":[{"href":"https:\/\/carrodeelectronica.com\/index.php?rest_route=\/wp\/v2\/product"}],"about":[{"href":"https:\/\/carrodeelectronica.com\/index.php?rest_route=\/wp\/v2\/types\/product"}],"replies":[{"embeddable":true,"href":"https:\/\/carrodeelectronica.com\/index.php?rest_route=%2Fwp%2Fv2%2Fcomments&post=1187"}],"wp:featuredmedia":[{"embeddable":true,"href":"https:\/\/carrodeelectronica.com\/index.php?rest_route=\/wp\/v2\/media\/3865"}],"wp:attachment":[{"href":"https:\/\/carrodeelectronica.com\/index.php?rest_route=%2Fwp%2Fv2%2Fmedia&parent=1187"}],"wp:term":[{"taxonomy":"product_brand","embeddable":true,"href":"https:\/\/carrodeelectronica.com\/index.php?rest_route=%2Fwp%2Fv2%2Fproduct_brand&post=1187"},{"taxonomy":"product_cat","embeddable":true,"href":"https:\/\/carrodeelectronica.com\/index.php?rest_route=%2Fwp%2Fv2%2Fproduct_cat&post=1187"},{"taxonomy":"product_tag","embeddable":true,"href":"https:\/\/carrodeelectronica.com\/index.php?rest_route=%2Fwp%2Fv2%2Fproduct_tag&post=1187"}],"curies":[{"name":"wp","href":"https:\/\/api.w.org\/{rel}","templated":true}]}}