{"id":1142,"date":"2025-03-09T01:22:21","date_gmt":"2025-03-09T01:22:21","guid":{"rendered":"https:\/\/carrodeelectronica.com\/?post_type=product&#038;p=1142"},"modified":"2025-07-10T17:59:11","modified_gmt":"2025-07-10T17:59:11","slug":"acelerometro-gy-89","status":"publish","type":"product","link":"https:\/\/carrodeelectronica.com\/?product=acelerometro-gy-89","title":{"rendered":"ACELEROMETRO GY-89"},"content":{"rendered":"<p>Es un\u00a0m\u00f3dulo compacto que<strong> incluye un giroscopio, aceler\u00f3metro, br\u00fajula digital, y un sensor de presi\u00f3n barom\u00e9trica \/ temperatura<\/strong>. Todos los sensores individuales son accesibles a trav\u00e9s de I2C por lo que s\u00f3lo necesita 4 conexiones para acceder a todos los sensores. SDA, SCL, tierra y VCC.<\/p>\n<p>&nbsp;<\/p>\n<p><strong><em>ESPECIFICACIONES\u00a0<\/em><\/strong><\/p>\n<ul>\n<li>Sensores: LSM303, L3GD20 y BMP180.<\/li>\n<li>3 ejes de Aceler\u00f3metro. Sensibilidad: \u00b12,4,6,8,16g.<\/li>\n<li>3 ejes de Giroscopio. Sensibilidad: \u00b1 245,500, 2000\u00b0\/s.<\/li>\n<li>3 ejes de Magnet\u00f3metro. Sensibilidad: \u00b12,4,8,12 Gauss.<\/li>\n<li>Bar\u00f3metro: 300 a 1100 hPa.<\/li>\n<li>Lectura del bar\u00f3metro s\u00f3lo por I2C.<\/li>\n<li>Lectura de 16-bits por eje<\/li>\n<li>Dimensiones: 22x17mm.<\/li>\n<\/ul>\n","protected":false},"excerpt":{"rendered":"<p>Es un\u00a0m\u00f3dulo compacto que incluye un giroscopio, aceler\u00f3metro, br\u00fajula digital, y un sensor de presi\u00f3n barom\u00e9trica \/ temperatura. Todos los sensores individuales son accesibles a trav\u00e9s de I2C por lo que s\u00f3lo necesita 4 conexiones para acceder a todos los sensores. SDA, SCL, tierra y VCC. &nbsp; ESPECIFICACIONES\u00a0 Sensores: LSM303, L3GD20 y BMP180. 3 ejes [&#8230;]\n","protected":false},"featured_media":4293,"comment_status":"open","ping_status":"closed","template":"","meta":[],"product_brand":[],"product_cat":[195],"product_tag":[],"class_list":{"0":"post-1142","1":"product","2":"type-product","3":"status-publish","4":"has-post-thumbnail","6":"product_cat-acelerometro-y-giroscopio","8":"first","9":"outofstock","10":"taxable","11":"shipping-taxable","12":"purchasable","13":"product-type-simple"},"jetpack_sharing_enabled":true,"_links":{"self":[{"href":"https:\/\/carrodeelectronica.com\/index.php?rest_route=\/wp\/v2\/product\/1142","targetHints":{"allow":["GET"]}}],"collection":[{"href":"https:\/\/carrodeelectronica.com\/index.php?rest_route=\/wp\/v2\/product"}],"about":[{"href":"https:\/\/carrodeelectronica.com\/index.php?rest_route=\/wp\/v2\/types\/product"}],"replies":[{"embeddable":true,"href":"https:\/\/carrodeelectronica.com\/index.php?rest_route=%2Fwp%2Fv2%2Fcomments&post=1142"}],"wp:featuredmedia":[{"embeddable":true,"href":"https:\/\/carrodeelectronica.com\/index.php?rest_route=\/wp\/v2\/media\/4293"}],"wp:attachment":[{"href":"https:\/\/carrodeelectronica.com\/index.php?rest_route=%2Fwp%2Fv2%2Fmedia&parent=1142"}],"wp:term":[{"taxonomy":"product_brand","embeddable":true,"href":"https:\/\/carrodeelectronica.com\/index.php?rest_route=%2Fwp%2Fv2%2Fproduct_brand&post=1142"},{"taxonomy":"product_cat","embeddable":true,"href":"https:\/\/carrodeelectronica.com\/index.php?rest_route=%2Fwp%2Fv2%2Fproduct_cat&post=1142"},{"taxonomy":"product_tag","embeddable":true,"href":"https:\/\/carrodeelectronica.com\/index.php?rest_route=%2Fwp%2Fv2%2Fproduct_tag&post=1142"}],"curies":[{"name":"wp","href":"https:\/\/api.w.org\/{rel}","templated":true}]}}